{"id":3938,"date":"2024-12-01T10:39:48","date_gmt":"2024-12-01T10:39:48","guid":{"rendered":"http:\/\/noelino.eu\/?post_type=product&#038;p=3938"},"modified":"2026-01-01T21:54:34","modified_gmt":"2026-01-01T20:54:34","slug":"virtual-gift-card","status":"publish","type":"product","link":"https:\/\/noelino.eu\/hu\/termek\/virtual-gift-card\/","title":{"rendered":"VIRTU\u00c1LIS AJ\u00c1ND\u00c9KK\u00c1RTYA"},"content":{"rendered":"","protected":false},"excerpt":{"rendered":"<p>Az utalv\u00e1nyt b\u00e1rmikor, v\u00e1s\u00e1rl\u00e1st\u00f3l sz\u00e1m\u00edtott 1 \u00e9ven bel\u00fcl lehet felhaszn\u00e1lni b\u00e1rmilyen NOELINO term\u00e9kre (kiv\u00e9ve m\u00e1sik aj\u00e1nd\u00e9kk\u00e1rtya v\u00e1s\u00e1rl\u00e1s\u00e1ra). Az aj\u00e1nd\u00e9kk\u00e1rtya e-mailben \u00e9rkezik, az e-mailben tal\u00e1lhat\u00f3 PDF k\u00f6nnyed\u00e9n kinyomtathat\u00f3.<\/p>\n<p>Az aj\u00e1nd\u00e9kk\u00e1rtya kiz\u00e1r\u00f3lag a hivatalos NOELINO webshopban v\u00e1lthat\u00f3 be. K\u00e9szp\u00e9nzre nem v\u00e1lthat\u00f3. Az aj\u00e1nd\u00e9kk\u00e1rtya t\u00f6bb alkalommal haszn\u00e1lhat\u00f3 fel mindaddig, am\u00edg a k\u00e1rty\u00e1n egyenleg tal\u00e1lhat\u00f3. Egy-egy v\u00e1s\u00e1rl\u00e1s ut\u00e1n a k\u00e1rtya fennmarad\u00f3 egyenleg\u00e9t rendszer\u00fcnk t\u00e1rolja. A bev\u00e1lt\u00e1shoz az e-mailben kapott aj\u00e1nd\u00e9kk\u00e1rty\u00e1n felt\u00fcntetett k\u00f3d megad\u00e1sa sz\u00fcks\u00e9ges a webshop P\u00e9nzt\u00e1r fel\u00fclet\u00e9n, a kuponk\u00f3d mez\u0151ben. Az aj\u00e1nd\u00e9kk\u00e1rtya kiz\u00e1r\u00f3lag kiskereskedelmi v\u00e1s\u00e1rl\u00e1s eset\u00e9n haszn\u00e1lhat\u00f3 fel. Egy v\u00e1s\u00e1rl\u00e1s sor\u00e1n egy aj\u00e1nd\u00e9kk\u00e1rtya haszn\u00e1lhat\u00f3.<\/p>\n<h5>V\u00e1lassz \u00f6sszeget!<\/h5>","protected":false},"featured_media":4339,"comment_status":"open","ping_status":"closed","template":"","meta":{"_surecart_dashboard_logo_width":"180px","_surecart_dashboard_show_logo":true,"_surecart_dashboard_navigation_orders":true,"_surecart_dashboard_navigation_subscriptions":true,"_surecart_dashboard_navigation_downloads":true,"_surecart_dashboard_navigation_billing":true,"_surecart_dashboard_navigation_account":true},"product_cat":[75],"product_tag":[],"giftcard-category":[],"class_list":{"0":"post-3938","1":"product","2":"type-product","3":"status-publish","4":"has-post-thumbnail","6":"product_cat-gift-card","8":"first","9":"instock","10":"shipping-taxable","11":"purchasable","12":"product-type-variable"},"_links":{"self":[{"href":"https:\/\/noelino.eu\/hu\/wp-json\/wp\/v2\/product\/3938","targetHints":{"allow":["GET"]}}],"collection":[{"href":"https:\/\/noelino.eu\/hu\/wp-json\/wp\/v2\/product"}],"about":[{"href":"https:\/\/noelino.eu\/hu\/wp-json\/wp\/v2\/types\/product"}],"replies":[{"embeddable":true,"href":"https:\/\/noelino.eu\/hu\/wp-json\/wp\/v2\/comments?post=3938"}],"wp:featuredmedia":[{"embeddable":true,"href":"https:\/\/noelino.eu\/hu\/wp-json\/wp\/v2\/media\/4339"}],"wp:attachment":[{"href":"https:\/\/noelino.eu\/hu\/wp-json\/wp\/v2\/media?parent=3938"}],"wp:term":[{"taxonomy":"product_cat","embeddable":true,"href":"https:\/\/noelino.eu\/hu\/wp-json\/wp\/v2\/product_cat?post=3938"},{"taxonomy":"product_tag","embeddable":true,"href":"https:\/\/noelino.eu\/hu\/wp-json\/wp\/v2\/product_tag?post=3938"},{"taxonomy":"giftcard-category","embeddable":true,"href":"https:\/\/noelino.eu\/hu\/wp-json\/wp\/v2\/giftcard-category?post=3938"}],"curies":[{"name":"wp","href":"https:\/\/api.w.org\/{rel}","templated":true}]}}