{"id":3543,"date":"2024-11-29T16:06:47","date_gmt":"2024-11-29T16:06:47","guid":{"rendered":"http:\/\/noelino.eu\/?post_type=product&#038;p=3543"},"modified":"2026-01-01T23:15:10","modified_gmt":"2026-01-01T22:15:10","slug":"sid-cardigan","status":"publish","type":"product","link":"https:\/\/noelino.eu\/hu\/termek\/sid-cardigan\/","title":{"rendered":"SID - kardig\u00e1n"},"content":{"rendered":"","protected":false},"excerpt":{"rendered":"<p>Fekete, bojhos anyagb\u00f3l k\u00e9sz\u00fclt vastag f\u00e9rfi gyakorl\u00f3 kardig\u00e1n, derek\u00e1n \u00f6vp\u00e1nttal, ragl\u00e1n ujjkialak\u00edt\u00e1ssal. Ide\u00e1lis viselet b\u00e1rmely Noelino The Essentials Collection Pracice Wear darabjainak kieg\u00e9sz\u00edt\u00e9sek\u00e9nt hidegebb napokon a t\u00e1ncteremben, a t\u00e1ncversenyeken pedig a t\u00e1ncruha f\u00f6l\u00f6tt viselve a sz\u00fcnetekben.<\/p>\n<div class=\"modell-info\">A modell M-XL-es m\u00e9retet visel<\/div>\n<h5>V\u00e1lassz m\u00e9retet!<\/h5>","protected":false},"featured_media":3463,"comment_status":"open","ping_status":"closed","template":"","meta":{"_surecart_dashboard_logo_width":"180px","_surecart_dashboard_show_logo":true,"_surecart_dashboard_navigation_orders":true,"_surecart_dashboard_navigation_subscriptions":true,"_surecart_dashboard_navigation_downloads":true,"_surecart_dashboard_navigation_billing":true,"_surecart_dashboard_navigation_account":true},"product_cat":[50,70],"product_tag":[],"giftcard-category":[],"class_list":{"0":"post-3543","1":"product","2":"type-product","3":"status-publish","4":"has-post-thumbnail","6":"product_cat-practice-wear-men","7":"product_cat-cardigans-sweaters-men","9":"first","10":"instock","11":"shipping-taxable","12":"purchasable","13":"product-type-variable"},"_links":{"self":[{"href":"https:\/\/noelino.eu\/hu\/wp-json\/wp\/v2\/product\/3543","targetHints":{"allow":["GET"]}}],"collection":[{"href":"https:\/\/noelino.eu\/hu\/wp-json\/wp\/v2\/product"}],"about":[{"href":"https:\/\/noelino.eu\/hu\/wp-json\/wp\/v2\/types\/product"}],"replies":[{"embeddable":true,"href":"https:\/\/noelino.eu\/hu\/wp-json\/wp\/v2\/comments?post=3543"}],"wp:featuredmedia":[{"embeddable":true,"href":"https:\/\/noelino.eu\/hu\/wp-json\/wp\/v2\/media\/3463"}],"wp:attachment":[{"href":"https:\/\/noelino.eu\/hu\/wp-json\/wp\/v2\/media?parent=3543"}],"wp:term":[{"taxonomy":"product_cat","embeddable":true,"href":"https:\/\/noelino.eu\/hu\/wp-json\/wp\/v2\/product_cat?post=3543"},{"taxonomy":"product_tag","embeddable":true,"href":"https:\/\/noelino.eu\/hu\/wp-json\/wp\/v2\/product_tag?post=3543"},{"taxonomy":"giftcard-category","embeddable":true,"href":"https:\/\/noelino.eu\/hu\/wp-json\/wp\/v2\/giftcard-category?post=3543"}],"curies":[{"name":"wp","href":"https:\/\/api.w.org\/{rel}","templated":true}]}}