{"id":3539,"date":"2024-11-29T16:05:10","date_gmt":"2024-11-29T16:05:10","guid":{"rendered":"http:\/\/noelino.eu\/?post_type=product&#038;p=3539"},"modified":"2026-01-01T23:14:21","modified_gmt":"2026-01-01T22:14:21","slug":"sam-sweater","status":"publish","type":"product","link":"https:\/\/noelino.eu\/hu\/termek\/sam-sweater\/","title":{"rendered":"SAM - pul\u00f3ver"},"content":{"rendered":"","protected":false},"excerpt":{"rendered":"<p>B\u0151 szab\u00e1s\u00fa, laza, fekete over-size f\u00e9rfi pul\u00f3ver. K\u00e9nyelmes \u00e9s st\u00edlusos v\u00e1laszt\u00e1s hidegebb napokra t\u00e1ncpr\u00f3b\u00e1khoz de h\u00e9tk\u00f6znapi viseletk\u00e9nt is meg\u00e1llja a hely\u00e9t.<\/p>\n<div class=\"modell-info\">A modell M-XL-es m\u00e9retet visel<\/div>\n<h5>V\u00e1lassz m\u00e9retet!<\/h5>","protected":false},"featured_media":3478,"comment_status":"open","ping_status":"closed","template":"","meta":{"_surecart_dashboard_logo_width":"180px","_surecart_dashboard_show_logo":true,"_surecart_dashboard_navigation_orders":true,"_surecart_dashboard_navigation_subscriptions":true,"_surecart_dashboard_navigation_downloads":true,"_surecart_dashboard_navigation_billing":true,"_surecart_dashboard_navigation_account":true},"product_cat":[50,70],"product_tag":[],"giftcard-category":[],"class_list":{"0":"post-3539","1":"product","2":"type-product","3":"status-publish","4":"has-post-thumbnail","6":"product_cat-practice-wear-men","7":"product_cat-cardigans-sweaters-men","9":"first","10":"instock","11":"shipping-taxable","12":"purchasable","13":"product-type-variable"},"_links":{"self":[{"href":"https:\/\/noelino.eu\/hu\/wp-json\/wp\/v2\/product\/3539","targetHints":{"allow":["GET"]}}],"collection":[{"href":"https:\/\/noelino.eu\/hu\/wp-json\/wp\/v2\/product"}],"about":[{"href":"https:\/\/noelino.eu\/hu\/wp-json\/wp\/v2\/types\/product"}],"replies":[{"embeddable":true,"href":"https:\/\/noelino.eu\/hu\/wp-json\/wp\/v2\/comments?post=3539"}],"wp:featuredmedia":[{"embeddable":true,"href":"https:\/\/noelino.eu\/hu\/wp-json\/wp\/v2\/media\/3478"}],"wp:attachment":[{"href":"https:\/\/noelino.eu\/hu\/wp-json\/wp\/v2\/media?parent=3539"}],"wp:term":[{"taxonomy":"product_cat","embeddable":true,"href":"https:\/\/noelino.eu\/hu\/wp-json\/wp\/v2\/product_cat?post=3539"},{"taxonomy":"product_tag","embeddable":true,"href":"https:\/\/noelino.eu\/hu\/wp-json\/wp\/v2\/product_tag?post=3539"},{"taxonomy":"giftcard-category","embeddable":true,"href":"https:\/\/noelino.eu\/hu\/wp-json\/wp\/v2\/giftcard-category?post=3539"}],"curies":[{"name":"wp","href":"https:\/\/api.w.org\/{rel}","templated":true}]}}