{"id":3535,"date":"2024-11-29T16:02:51","date_gmt":"2024-11-29T16:02:51","guid":{"rendered":"http:\/\/noelino.eu\/?post_type=product&#038;p=3535"},"modified":"2026-01-01T23:09:07","modified_gmt":"2026-01-01T22:09:07","slug":"rex-pants","status":"publish","type":"product","link":"https:\/\/noelino.eu\/hu\/termek\/rex-pants\/","title":{"rendered":"REX - nadr\u00e1g"},"content":{"rendered":"","protected":false},"excerpt":{"rendered":"<p>Fekete, egyenes sz\u00e1r\u00fa, lezser f\u00e9rfi gyakorl\u00f3 nadr\u00e1g gum\u00edrozott der\u00e9kr\u00e9sszel \u00e9s megk\u00f6t\u0151 madzaggal. K\u00e9nyelmes \u00e9s sokoldal\u00fa viselet, amely ide\u00e1lis v\u00e1laszt\u00e1s t\u00e1ncpr\u00f3b\u00e1khoz valamint szabadid\u0151s viseletk\u00e9nt.<\/p>\n<div class=\"modell-info\">A modell S-es m\u00e9retet visel<\/div>\n<h5>V\u00e1lassz m\u00e9retet!<\/h5>","protected":false},"featured_media":3470,"comment_status":"open","ping_status":"closed","template":"","meta":{"_surecart_dashboard_logo_width":"180px","_surecart_dashboard_show_logo":true,"_surecart_dashboard_navigation_orders":true,"_surecart_dashboard_navigation_subscriptions":true,"_surecart_dashboard_navigation_downloads":true,"_surecart_dashboard_navigation_billing":true,"_surecart_dashboard_navigation_account":true},"product_cat":[50,72],"product_tag":[],"giftcard-category":[],"class_list":{"0":"post-3535","1":"product","2":"type-product","3":"status-publish","4":"has-post-thumbnail","6":"product_cat-practice-wear-men","7":"product_cat-pants-men","9":"first","10":"instock","11":"shipping-taxable","12":"purchasable","13":"product-type-variable"},"_links":{"self":[{"href":"https:\/\/noelino.eu\/hu\/wp-json\/wp\/v2\/product\/3535","targetHints":{"allow":["GET"]}}],"collection":[{"href":"https:\/\/noelino.eu\/hu\/wp-json\/wp\/v2\/product"}],"about":[{"href":"https:\/\/noelino.eu\/hu\/wp-json\/wp\/v2\/types\/product"}],"replies":[{"embeddable":true,"href":"https:\/\/noelino.eu\/hu\/wp-json\/wp\/v2\/comments?post=3535"}],"wp:featuredmedia":[{"embeddable":true,"href":"https:\/\/noelino.eu\/hu\/wp-json\/wp\/v2\/media\/3470"}],"wp:attachment":[{"href":"https:\/\/noelino.eu\/hu\/wp-json\/wp\/v2\/media?parent=3535"}],"wp:term":[{"taxonomy":"product_cat","embeddable":true,"href":"https:\/\/noelino.eu\/hu\/wp-json\/wp\/v2\/product_cat?post=3535"},{"taxonomy":"product_tag","embeddable":true,"href":"https:\/\/noelino.eu\/hu\/wp-json\/wp\/v2\/product_tag?post=3535"},{"taxonomy":"giftcard-category","embeddable":true,"href":"https:\/\/noelino.eu\/hu\/wp-json\/wp\/v2\/giftcard-category?post=3535"}],"curies":[{"name":"wp","href":"https:\/\/api.w.org\/{rel}","templated":true}]}}