{"id":3531,"date":"2024-11-29T16:00:31","date_gmt":"2024-11-29T16:00:31","guid":{"rendered":"http:\/\/noelino.eu\/?post_type=product&#038;p=3531"},"modified":"2026-01-01T23:05:18","modified_gmt":"2026-01-01T22:05:18","slug":"tim-pants","status":"publish","type":"product","link":"https:\/\/noelino.eu\/hu\/termek\/tim-pants\/","title":{"rendered":"TIM - nadr\u00e1g"},"content":{"rendered":"","protected":false},"excerpt":{"rendered":"<p>Fekete, oldalzsebes f\u00e9rfi nadr\u00e1g zippz\u00e1rral \u00e9s gum\u00edrozott bokar\u00e9sszel, a zsebfed\u0151n Noelino log\u00f3val. K\u00e9nyelmes \u00e9s sokoldal\u00fa v\u00e1laszt\u00e1s t\u00e1ncpr\u00f3b\u00e1khoz vagy h\u00e9tk\u00f6znapi viseletk\u00e9nt.<\/p>\n<div class=\"modell-info\">A modell S-es m\u00e9retet visel<\/div>\n<h5>V\u00e1lassz m\u00e9retet!<\/h5>","protected":false},"featured_media":3473,"comment_status":"open","ping_status":"closed","template":"","meta":{"_surecart_dashboard_logo_width":"180px","_surecart_dashboard_show_logo":true,"_surecart_dashboard_navigation_orders":true,"_surecart_dashboard_navigation_subscriptions":true,"_surecart_dashboard_navigation_downloads":true,"_surecart_dashboard_navigation_billing":true,"_surecart_dashboard_navigation_account":true},"product_cat":[50,72],"product_tag":[],"giftcard-category":[],"class_list":{"0":"post-3531","1":"product","2":"type-product","3":"status-publish","4":"has-post-thumbnail","6":"product_cat-practice-wear-men","7":"product_cat-pants-men","9":"first","10":"instock","11":"shipping-taxable","12":"purchasable","13":"product-type-variable"},"_links":{"self":[{"href":"https:\/\/noelino.eu\/hu\/wp-json\/wp\/v2\/product\/3531","targetHints":{"allow":["GET"]}}],"collection":[{"href":"https:\/\/noelino.eu\/hu\/wp-json\/wp\/v2\/product"}],"about":[{"href":"https:\/\/noelino.eu\/hu\/wp-json\/wp\/v2\/types\/product"}],"replies":[{"embeddable":true,"href":"https:\/\/noelino.eu\/hu\/wp-json\/wp\/v2\/comments?post=3531"}],"wp:featuredmedia":[{"embeddable":true,"href":"https:\/\/noelino.eu\/hu\/wp-json\/wp\/v2\/media\/3473"}],"wp:attachment":[{"href":"https:\/\/noelino.eu\/hu\/wp-json\/wp\/v2\/media?parent=3531"}],"wp:term":[{"taxonomy":"product_cat","embeddable":true,"href":"https:\/\/noelino.eu\/hu\/wp-json\/wp\/v2\/product_cat?post=3531"},{"taxonomy":"product_tag","embeddable":true,"href":"https:\/\/noelino.eu\/hu\/wp-json\/wp\/v2\/product_tag?post=3531"},{"taxonomy":"giftcard-category","embeddable":true,"href":"https:\/\/noelino.eu\/hu\/wp-json\/wp\/v2\/giftcard-category?post=3531"}],"curies":[{"name":"wp","href":"https:\/\/api.w.org\/{rel}","templated":true}]}}