{"id":3527,"date":"2024-11-29T15:58:46","date_gmt":"2024-11-29T15:58:46","guid":{"rendered":"http:\/\/noelino.eu\/?post_type=product&#038;p=3527"},"modified":"2026-01-01T23:01:21","modified_gmt":"2026-01-01T22:01:21","slug":"rob-shirt","status":"publish","type":"product","link":"https:\/\/noelino.eu\/hu\/termek\/rob-shirt\/","title":{"rendered":"ROB - ing"},"content":{"rendered":"","protected":false},"excerpt":{"rendered":"<p>Fekete f\u00e9rfi gyakorl\u00f3 ing, elasztikus necc anyagb\u00f3l, csukl\u00f3kn\u00e1l passz\u00e9val ell\u00e1tva. Eleg\u00e1ns, ugyanakkor bev\u00e1llal\u00f3s kialak\u00edt\u00e1s\u00e1nak k\u00f6sz\u00f6nhet\u0151en kiv\u00e1l\u00f3 v\u00e1laszt\u00e1s latin t\u00e1ncokhoz, k\u00e9nyelmes viselet a pr\u00f3b\u00e1khoz \u00e9s fell\u00e9p\u00e9sekhez egyar\u00e1nt.<\/p>\n<div class=\"modell-info\">A modell M-es m\u00e9retet visel<\/div>\n<h5>V\u00e1lassz m\u00e9retet!<\/h5>","protected":false},"featured_media":3456,"comment_status":"open","ping_status":"closed","template":"","meta":{"_surecart_dashboard_logo_width":"180px","_surecart_dashboard_show_logo":true,"_surecart_dashboard_navigation_orders":true,"_surecart_dashboard_navigation_subscriptions":true,"_surecart_dashboard_navigation_downloads":true,"_surecart_dashboard_navigation_billing":true,"_surecart_dashboard_navigation_account":true},"product_cat":[50,71],"product_tag":[],"giftcard-category":[],"class_list":{"0":"post-3527","1":"product","2":"type-product","3":"status-publish","4":"has-post-thumbnail","6":"product_cat-practice-wear-men","7":"product_cat-shirts","9":"first","10":"instock","11":"shipping-taxable","12":"purchasable","13":"product-type-variable"},"_links":{"self":[{"href":"https:\/\/noelino.eu\/hu\/wp-json\/wp\/v2\/product\/3527","targetHints":{"allow":["GET"]}}],"collection":[{"href":"https:\/\/noelino.eu\/hu\/wp-json\/wp\/v2\/product"}],"about":[{"href":"https:\/\/noelino.eu\/hu\/wp-json\/wp\/v2\/types\/product"}],"replies":[{"embeddable":true,"href":"https:\/\/noelino.eu\/hu\/wp-json\/wp\/v2\/comments?post=3527"}],"wp:featuredmedia":[{"embeddable":true,"href":"https:\/\/noelino.eu\/hu\/wp-json\/wp\/v2\/media\/3456"}],"wp:attachment":[{"href":"https:\/\/noelino.eu\/hu\/wp-json\/wp\/v2\/media?parent=3527"}],"wp:term":[{"taxonomy":"product_cat","embeddable":true,"href":"https:\/\/noelino.eu\/hu\/wp-json\/wp\/v2\/product_cat?post=3527"},{"taxonomy":"product_tag","embeddable":true,"href":"https:\/\/noelino.eu\/hu\/wp-json\/wp\/v2\/product_tag?post=3527"},{"taxonomy":"giftcard-category","embeddable":true,"href":"https:\/\/noelino.eu\/hu\/wp-json\/wp\/v2\/giftcard-category?post=3527"}],"curies":[{"name":"wp","href":"https:\/\/api.w.org\/{rel}","templated":true}]}}