{"id":3516,"date":"2024-11-29T15:49:20","date_gmt":"2024-11-29T15:49:20","guid":{"rendered":"http:\/\/noelino.eu\/?post_type=product&#038;p=3516"},"modified":"2026-01-01T22:55:35","modified_gmt":"2026-01-01T21:55:35","slug":"ian-top","status":"publish","type":"product","link":"https:\/\/noelino.eu\/hu\/termek\/ian-top\/","title":{"rendered":"IAN - fels\u0151"},"content":{"rendered":"","protected":false},"excerpt":{"rendered":"<p>Testhez\u00e1ll\u00f3 f\u00e9rfi gyakorl\u00f3 trik\u00f3 fekete, rugalmas anyagb\u00f3l, fish-net h\u00e1tr\u00e9sszel. K\u00e9nyelmes viselet, amely kiv\u00e1l\u00f3an alkalmas t\u00e1ncpr\u00f3b\u00e1khoz \u00e9s edz\u00e9sekhez.<\/p>\n<div class=\"modell-info\">A modell L-es m\u00e9retet visel<\/div>\n<h5>V\u00e1lassz m\u00e9retet!<\/h5>","protected":false},"featured_media":3413,"comment_status":"open","ping_status":"closed","template":"","meta":{"_surecart_dashboard_logo_width":"180px","_surecart_dashboard_show_logo":true,"_surecart_dashboard_navigation_orders":true,"_surecart_dashboard_navigation_subscriptions":true,"_surecart_dashboard_navigation_downloads":true,"_surecart_dashboard_navigation_billing":true,"_surecart_dashboard_navigation_account":true},"product_cat":[50,56],"product_tag":[],"giftcard-category":[],"class_list":{"0":"post-3516","1":"product","2":"type-product","3":"status-publish","4":"has-post-thumbnail","6":"product_cat-practice-wear-men","7":"product_cat-tops-men","9":"first","10":"instock","11":"shipping-taxable","12":"purchasable","13":"product-type-variable"},"_links":{"self":[{"href":"https:\/\/noelino.eu\/hu\/wp-json\/wp\/v2\/product\/3516","targetHints":{"allow":["GET"]}}],"collection":[{"href":"https:\/\/noelino.eu\/hu\/wp-json\/wp\/v2\/product"}],"about":[{"href":"https:\/\/noelino.eu\/hu\/wp-json\/wp\/v2\/types\/product"}],"replies":[{"embeddable":true,"href":"https:\/\/noelino.eu\/hu\/wp-json\/wp\/v2\/comments?post=3516"}],"wp:featuredmedia":[{"embeddable":true,"href":"https:\/\/noelino.eu\/hu\/wp-json\/wp\/v2\/media\/3413"}],"wp:attachment":[{"href":"https:\/\/noelino.eu\/hu\/wp-json\/wp\/v2\/media?parent=3516"}],"wp:term":[{"taxonomy":"product_cat","embeddable":true,"href":"https:\/\/noelino.eu\/hu\/wp-json\/wp\/v2\/product_cat?post=3516"},{"taxonomy":"product_tag","embeddable":true,"href":"https:\/\/noelino.eu\/hu\/wp-json\/wp\/v2\/product_tag?post=3516"},{"taxonomy":"giftcard-category","embeddable":true,"href":"https:\/\/noelino.eu\/hu\/wp-json\/wp\/v2\/giftcard-category?post=3516"}],"curies":[{"name":"wp","href":"https:\/\/api.w.org\/{rel}","templated":true}]}}