{"id":3512,"date":"2024-11-29T15:46:14","date_gmt":"2024-11-29T15:46:14","guid":{"rendered":"http:\/\/noelino.eu\/?post_type=product&#038;p=3512"},"modified":"2026-01-01T22:53:19","modified_gmt":"2026-01-01T21:53:19","slug":"zac-top","status":"publish","type":"product","link":"https:\/\/noelino.eu\/hu\/termek\/zac-top\/","title":{"rendered":"ZAC - fels\u0151"},"content":{"rendered":"","protected":false},"excerpt":{"rendered":"<p>B\u0151 szab\u00e1s\u00fa, laza, over-size r\u00f6vid ujj\u00fa f\u00e9rfi gyakorl\u00f3 fels\u0151 fekete, rugalmas anyagb\u00f3l, h\u00e1t\u00e1n fish-net bet\u00e9ttel.<\/p>\n<div class=\"modell-info\">A modell M-XL-es m\u00e9retet visel<\/div>\n<h5>V\u00e1lassz m\u00e9retet!<\/h5>","protected":false},"featured_media":3441,"comment_status":"open","ping_status":"closed","template":"","meta":{"_surecart_dashboard_logo_width":"180px","_surecart_dashboard_show_logo":true,"_surecart_dashboard_navigation_orders":true,"_surecart_dashboard_navigation_subscriptions":true,"_surecart_dashboard_navigation_downloads":true,"_surecart_dashboard_navigation_billing":true,"_surecart_dashboard_navigation_account":true},"product_cat":[50,56],"product_tag":[],"giftcard-category":[],"class_list":{"0":"post-3512","1":"product","2":"type-product","3":"status-publish","4":"has-post-thumbnail","6":"product_cat-practice-wear-men","7":"product_cat-tops-men","9":"first","10":"instock","11":"shipping-taxable","12":"purchasable","13":"product-type-variable"},"_links":{"self":[{"href":"https:\/\/noelino.eu\/hu\/wp-json\/wp\/v2\/product\/3512","targetHints":{"allow":["GET"]}}],"collection":[{"href":"https:\/\/noelino.eu\/hu\/wp-json\/wp\/v2\/product"}],"about":[{"href":"https:\/\/noelino.eu\/hu\/wp-json\/wp\/v2\/types\/product"}],"replies":[{"embeddable":true,"href":"https:\/\/noelino.eu\/hu\/wp-json\/wp\/v2\/comments?post=3512"}],"wp:featuredmedia":[{"embeddable":true,"href":"https:\/\/noelino.eu\/hu\/wp-json\/wp\/v2\/media\/3441"}],"wp:attachment":[{"href":"https:\/\/noelino.eu\/hu\/wp-json\/wp\/v2\/media?parent=3512"}],"wp:term":[{"taxonomy":"product_cat","embeddable":true,"href":"https:\/\/noelino.eu\/hu\/wp-json\/wp\/v2\/product_cat?post=3512"},{"taxonomy":"product_tag","embeddable":true,"href":"https:\/\/noelino.eu\/hu\/wp-json\/wp\/v2\/product_tag?post=3512"},{"taxonomy":"giftcard-category","embeddable":true,"href":"https:\/\/noelino.eu\/hu\/wp-json\/wp\/v2\/giftcard-category?post=3512"}],"curies":[{"name":"wp","href":"https:\/\/api.w.org\/{rel}","templated":true}]}}