{"id":3508,"date":"2024-11-29T15:44:55","date_gmt":"2024-11-29T15:44:55","guid":{"rendered":"http:\/\/noelino.eu\/?post_type=product&#038;p=3508"},"modified":"2026-01-01T22:50:42","modified_gmt":"2026-01-01T21:50:42","slug":"gus-felso","status":"publish","type":"product","link":"https:\/\/noelino.eu\/hu\/termek\/gus-felso\/","title":{"rendered":"GUS - fels\u0151"},"content":{"rendered":"","protected":false},"excerpt":{"rendered":"<p>Laza szab\u00e1s\u00fa, r\u00f6vid ujj\u00fa f\u00e9rfi gyakorl\u00f3 fels\u0151, m\u00e9ly nyakkiv\u00e1g\u00e1ssal. A fels\u0151t fekete elasztikus anyagb\u00f3l k\u00e9sz\u00edtj\u00fck, fish-net anyag\u00fa ujjakkal. K\u00e9nyelmes \u00e9s st\u00edlusos v\u00e1laszt\u00e1s a t\u00e1nc edz\u00e9sekhez, de ide\u00e1lis lehet h\u00e9tk\u00f6znapi viseletk\u00e9nt is.<\/p>\n<div class=\"modell-info\">A modell M-es m\u00e9retet visel<\/div>\n<h5>V\u00e1lassz m\u00e9retet!<\/h5>","protected":false},"featured_media":3410,"comment_status":"open","ping_status":"closed","template":"","meta":{"_surecart_dashboard_logo_width":"180px","_surecart_dashboard_show_logo":true,"_surecart_dashboard_navigation_orders":true,"_surecart_dashboard_navigation_subscriptions":true,"_surecart_dashboard_navigation_downloads":true,"_surecart_dashboard_navigation_billing":true,"_surecart_dashboard_navigation_account":true},"product_cat":[50,56],"product_tag":[],"giftcard-category":[],"class_list":{"0":"post-3508","1":"product","2":"type-product","3":"status-publish","4":"has-post-thumbnail","6":"product_cat-practice-wear-men","7":"product_cat-tops-men","9":"first","10":"instock","11":"shipping-taxable","12":"purchasable","13":"product-type-variable"},"_links":{"self":[{"href":"https:\/\/noelino.eu\/hu\/wp-json\/wp\/v2\/product\/3508","targetHints":{"allow":["GET"]}}],"collection":[{"href":"https:\/\/noelino.eu\/hu\/wp-json\/wp\/v2\/product"}],"about":[{"href":"https:\/\/noelino.eu\/hu\/wp-json\/wp\/v2\/types\/product"}],"replies":[{"embeddable":true,"href":"https:\/\/noelino.eu\/hu\/wp-json\/wp\/v2\/comments?post=3508"}],"wp:featuredmedia":[{"embeddable":true,"href":"https:\/\/noelino.eu\/hu\/wp-json\/wp\/v2\/media\/3410"}],"wp:attachment":[{"href":"https:\/\/noelino.eu\/hu\/wp-json\/wp\/v2\/media?parent=3508"}],"wp:term":[{"taxonomy":"product_cat","embeddable":true,"href":"https:\/\/noelino.eu\/hu\/wp-json\/wp\/v2\/product_cat?post=3508"},{"taxonomy":"product_tag","embeddable":true,"href":"https:\/\/noelino.eu\/hu\/wp-json\/wp\/v2\/product_tag?post=3508"},{"taxonomy":"giftcard-category","embeddable":true,"href":"https:\/\/noelino.eu\/hu\/wp-json\/wp\/v2\/giftcard-category?post=3508"}],"curies":[{"name":"wp","href":"https:\/\/api.w.org\/{rel}","templated":true}]}}