{"id":3489,"date":"2024-11-29T15:37:39","date_gmt":"2024-11-29T15:37:39","guid":{"rendered":"http:\/\/noelino.eu\/?post_type=product&#038;p=3489"},"modified":"2026-01-01T22:40:42","modified_gmt":"2026-01-01T21:40:42","slug":"val-top","status":"publish","type":"product","link":"https:\/\/noelino.eu\/hu\/termek\/val-top\/","title":{"rendered":"VAL - fels\u0151"},"content":{"rendered":"","protected":false},"excerpt":{"rendered":"<p>Laza szab\u00e1s\u00fa, hossz\u00fa ujj\u00fa f\u00e9rfi gyakorl\u00f3 fels\u0151 m\u00e9ly V-nyakkiv\u00e1g\u00e1ssal, fekete, elasztikus anyagb\u00f3l. Ez a k\u00e9nyelmes hossz\u00fa ujj\u00fa fels\u0151 ide\u00e1lis v\u00e1laszt\u00e1s a latin t\u00e1ncokhoz, st\u00edlusos megjelen\u00e9st biztos\u00edt, \u00e9s szabad mozg\u00e1st enged a t\u00e1ncpr\u00f3b\u00e1k sor\u00e1n, de h\u00e9tk\u00f6znapi viseletk\u00e9nt is szuper v\u00e1laszt\u00e1s.<\/p>\n<div class=\"modell-info\">A modell S-es m\u00e9retet visel<\/div>\n<h5>V\u00e1lassz m\u00e9retet!<\/h5>","protected":false},"featured_media":3436,"comment_status":"open","ping_status":"closed","template":"","meta":{"_surecart_dashboard_logo_width":"180px","_surecart_dashboard_show_logo":true,"_surecart_dashboard_navigation_orders":true,"_surecart_dashboard_navigation_subscriptions":true,"_surecart_dashboard_navigation_downloads":true,"_surecart_dashboard_navigation_billing":true,"_surecart_dashboard_navigation_account":true},"product_cat":[50,56],"product_tag":[],"giftcard-category":[],"class_list":{"0":"post-3489","1":"product","2":"type-product","3":"status-publish","4":"has-post-thumbnail","6":"product_cat-practice-wear-men","7":"product_cat-tops-men","9":"first","10":"instock","11":"shipping-taxable","12":"purchasable","13":"product-type-variable"},"_links":{"self":[{"href":"https:\/\/noelino.eu\/hu\/wp-json\/wp\/v2\/product\/3489","targetHints":{"allow":["GET"]}}],"collection":[{"href":"https:\/\/noelino.eu\/hu\/wp-json\/wp\/v2\/product"}],"about":[{"href":"https:\/\/noelino.eu\/hu\/wp-json\/wp\/v2\/types\/product"}],"replies":[{"embeddable":true,"href":"https:\/\/noelino.eu\/hu\/wp-json\/wp\/v2\/comments?post=3489"}],"wp:featuredmedia":[{"embeddable":true,"href":"https:\/\/noelino.eu\/hu\/wp-json\/wp\/v2\/media\/3436"}],"wp:attachment":[{"href":"https:\/\/noelino.eu\/hu\/wp-json\/wp\/v2\/media?parent=3489"}],"wp:term":[{"taxonomy":"product_cat","embeddable":true,"href":"https:\/\/noelino.eu\/hu\/wp-json\/wp\/v2\/product_cat?post=3489"},{"taxonomy":"product_tag","embeddable":true,"href":"https:\/\/noelino.eu\/hu\/wp-json\/wp\/v2\/product_tag?post=3489"},{"taxonomy":"giftcard-category","embeddable":true,"href":"https:\/\/noelino.eu\/hu\/wp-json\/wp\/v2\/giftcard-category?post=3489"}],"curies":[{"name":"wp","href":"https:\/\/api.w.org\/{rel}","templated":true}]}}