{"id":3484,"date":"2024-11-29T15:35:49","date_gmt":"2024-11-29T15:35:49","guid":{"rendered":"http:\/\/noelino.eu\/?post_type=product&#038;p=3484"},"modified":"2026-01-01T22:38:03","modified_gmt":"2026-01-01T21:38:03","slug":"leo-top","status":"publish","type":"product","link":"https:\/\/noelino.eu\/hu\/termek\/leo-top\/","title":{"rendered":"LEO - fels\u0151"},"content":{"rendered":"","protected":false},"excerpt":{"rendered":"<p>Sz\u0171k szab\u00e1s\u00fa, testhez\u00e1ll\u00f3, hossz\u00fa ujj\u00fa f\u00e9rfi gyakorl\u00f3 garb\u00f3, fekete elasztikus anyagb\u00f3l, oldalt \u00e9s a karokon elasztikus t\u00fcll bet\u00e9tekkel. Ez a gyakorl\u00f3 fels\u0151 ide\u00e1lis v\u00e1laszt\u00e1s latin t\u00e1ncokhoz is, eleg\u00e1ns \u00e9s k\u00e9nyelmes viselet, amely t\u00f6k\u00e9letesen kiemeli az alakot, \u00e9s kiv\u00e1l\u00f3 v\u00e1laszt\u00e1s a t\u00e1ncpr\u00f3b\u00e1khoz vagy ak\u00e1r bev\u00e1llal\u00f3sabb h\u00e9tk\u00f6znapi viseletnek is.<\/p>\n<div class=\"modell-info\">A modell S-es m\u00e9retet visel<\/div>\n<h5>V\u00e1lassz m\u00e9retet!<\/h5>","protected":false},"featured_media":3422,"comment_status":"open","ping_status":"closed","template":"","meta":{"_surecart_dashboard_logo_width":"180px","_surecart_dashboard_show_logo":true,"_surecart_dashboard_navigation_orders":true,"_surecart_dashboard_navigation_subscriptions":true,"_surecart_dashboard_navigation_downloads":true,"_surecart_dashboard_navigation_billing":true,"_surecart_dashboard_navigation_account":true},"product_cat":[50,56],"product_tag":[],"giftcard-category":[],"class_list":{"0":"post-3484","1":"product","2":"type-product","3":"status-publish","4":"has-post-thumbnail","6":"product_cat-practice-wear-men","7":"product_cat-tops-men","9":"first","10":"instock","11":"shipping-taxable","12":"purchasable","13":"product-type-variable"},"_links":{"self":[{"href":"https:\/\/noelino.eu\/hu\/wp-json\/wp\/v2\/product\/3484","targetHints":{"allow":["GET"]}}],"collection":[{"href":"https:\/\/noelino.eu\/hu\/wp-json\/wp\/v2\/product"}],"about":[{"href":"https:\/\/noelino.eu\/hu\/wp-json\/wp\/v2\/types\/product"}],"replies":[{"embeddable":true,"href":"https:\/\/noelino.eu\/hu\/wp-json\/wp\/v2\/comments?post=3484"}],"wp:featuredmedia":[{"embeddable":true,"href":"https:\/\/noelino.eu\/hu\/wp-json\/wp\/v2\/media\/3422"}],"wp:attachment":[{"href":"https:\/\/noelino.eu\/hu\/wp-json\/wp\/v2\/media?parent=3484"}],"wp:term":[{"taxonomy":"product_cat","embeddable":true,"href":"https:\/\/noelino.eu\/hu\/wp-json\/wp\/v2\/product_cat?post=3484"},{"taxonomy":"product_tag","embeddable":true,"href":"https:\/\/noelino.eu\/hu\/wp-json\/wp\/v2\/product_tag?post=3484"},{"taxonomy":"giftcard-category","embeddable":true,"href":"https:\/\/noelino.eu\/hu\/wp-json\/wp\/v2\/giftcard-category?post=3484"}],"curies":[{"name":"wp","href":"https:\/\/api.w.org\/{rel}","templated":true}]}}