{"id":3403,"date":"2024-11-29T15:23:16","date_gmt":"2024-11-29T15:23:16","guid":{"rendered":"http:\/\/noelino.eu\/?post_type=product&#038;p=3403"},"modified":"2026-01-01T22:28:18","modified_gmt":"2026-01-01T21:28:18","slug":"fona-belt","status":"publish","type":"product","link":"https:\/\/noelino.eu\/hu\/termek\/fona-belt\/","title":{"rendered":"FONA - \u00f6v"},"content":{"rendered":"","protected":false},"excerpt":{"rendered":"<p>Fekete, elasztikus anyagb\u00f3l k\u00e9sz\u00fclt \u00f6v, p\u00e1ntokb\u00f3l fonva, amely t\u00f6bbf\u00e9lek\u00e9ppen k\u00f6thet\u0151 meg. Log\u00f3val ell\u00e1tva, hossza kb. 180 cm. Kiv\u00e1l\u00f3 kieg\u00e9sz\u00edt\u0151je lehet a n\u0151i Noelino The Essentials Collection gyakorl\u00f3 kollekci\u00f3nak.<\/p>","protected":false},"featured_media":3397,"comment_status":"open","ping_status":"closed","template":"","meta":{"_surecart_dashboard_logo_width":"180px","_surecart_dashboard_show_logo":true,"_surecart_dashboard_navigation_orders":true,"_surecart_dashboard_navigation_subscriptions":true,"_surecart_dashboard_navigation_downloads":true,"_surecart_dashboard_navigation_billing":true,"_surecart_dashboard_navigation_account":true},"product_cat":[68],"product_tag":[],"giftcard-category":[],"class_list":{"0":"post-3403","1":"product","2":"type-product","3":"status-publish","4":"has-post-thumbnail","6":"product_cat-accessories","8":"first","9":"instock","10":"shipping-taxable","11":"purchasable","12":"product-type-simple"},"_links":{"self":[{"href":"https:\/\/noelino.eu\/hu\/wp-json\/wp\/v2\/product\/3403","targetHints":{"allow":["GET"]}}],"collection":[{"href":"https:\/\/noelino.eu\/hu\/wp-json\/wp\/v2\/product"}],"about":[{"href":"https:\/\/noelino.eu\/hu\/wp-json\/wp\/v2\/types\/product"}],"replies":[{"embeddable":true,"href":"https:\/\/noelino.eu\/hu\/wp-json\/wp\/v2\/comments?post=3403"}],"wp:featuredmedia":[{"embeddable":true,"href":"https:\/\/noelino.eu\/hu\/wp-json\/wp\/v2\/media\/3397"}],"wp:attachment":[{"href":"https:\/\/noelino.eu\/hu\/wp-json\/wp\/v2\/media?parent=3403"}],"wp:term":[{"taxonomy":"product_cat","embeddable":true,"href":"https:\/\/noelino.eu\/hu\/wp-json\/wp\/v2\/product_cat?post=3403"},{"taxonomy":"product_tag","embeddable":true,"href":"https:\/\/noelino.eu\/hu\/wp-json\/wp\/v2\/product_tag?post=3403"},{"taxonomy":"giftcard-category","embeddable":true,"href":"https:\/\/noelino.eu\/hu\/wp-json\/wp\/v2\/giftcard-category?post=3403"}],"curies":[{"name":"wp","href":"https:\/\/api.w.org\/{rel}","templated":true}]}}