{"id":3388,"date":"2024-11-29T15:19:42","date_gmt":"2024-11-29T15:19:42","guid":{"rendered":"http:\/\/noelino.eu\/?post_type=product&#038;p=3388"},"modified":"2026-01-01T22:27:11","modified_gmt":"2026-01-01T21:27:11","slug":"orla-shawl","status":"publish","type":"product","link":"https:\/\/noelino.eu\/hu\/termek\/orla-shawl\/","title":{"rendered":"ORLA - kend\u0151"},"content":{"rendered":"","protected":false},"excerpt":{"rendered":"<p>Megk\u00f6thet\u0151, h\u00e1romsz\u00f6g form\u00e1j\u00fa fekete gyakorl\u00f3 t\u00e1nckend\u0151. Art deco mint\u00e1zat\u00fa necc h\u00e1l\u00f3b\u00f3l k\u00e9sz\u00edtett\u00fck, sz\u00e9lein 30 cm-es rojttal, Noelino log\u00f3val. Ide\u00e1lis viselet lehet kis fekete shorttal vagy Noelino The Essentials Collection gyakorl\u00f3 nadr\u00e1gok \u00e9s over\u00e1lok kieg\u00e9sz\u00edt\u0151jek\u00e9nt.<\/p>","protected":false},"featured_media":3400,"comment_status":"open","ping_status":"closed","template":"","meta":{"_surecart_dashboard_logo_width":"180px","_surecart_dashboard_show_logo":true,"_surecart_dashboard_navigation_orders":true,"_surecart_dashboard_navigation_subscriptions":true,"_surecart_dashboard_navigation_downloads":true,"_surecart_dashboard_navigation_billing":true,"_surecart_dashboard_navigation_account":true},"product_cat":[68],"product_tag":[],"giftcard-category":[],"class_list":{"0":"post-3388","1":"product","2":"type-product","3":"status-publish","4":"has-post-thumbnail","6":"product_cat-accessories","8":"first","9":"instock","10":"shipping-taxable","11":"purchasable","12":"product-type-simple"},"_links":{"self":[{"href":"https:\/\/noelino.eu\/hu\/wp-json\/wp\/v2\/product\/3388","targetHints":{"allow":["GET"]}}],"collection":[{"href":"https:\/\/noelino.eu\/hu\/wp-json\/wp\/v2\/product"}],"about":[{"href":"https:\/\/noelino.eu\/hu\/wp-json\/wp\/v2\/types\/product"}],"replies":[{"embeddable":true,"href":"https:\/\/noelino.eu\/hu\/wp-json\/wp\/v2\/comments?post=3388"}],"wp:featuredmedia":[{"embeddable":true,"href":"https:\/\/noelino.eu\/hu\/wp-json\/wp\/v2\/media\/3400"}],"wp:attachment":[{"href":"https:\/\/noelino.eu\/hu\/wp-json\/wp\/v2\/media?parent=3388"}],"wp:term":[{"taxonomy":"product_cat","embeddable":true,"href":"https:\/\/noelino.eu\/hu\/wp-json\/wp\/v2\/product_cat?post=3388"},{"taxonomy":"product_tag","embeddable":true,"href":"https:\/\/noelino.eu\/hu\/wp-json\/wp\/v2\/product_tag?post=3388"},{"taxonomy":"giftcard-category","embeddable":true,"href":"https:\/\/noelino.eu\/hu\/wp-json\/wp\/v2\/giftcard-category?post=3388"}],"curies":[{"name":"wp","href":"https:\/\/api.w.org\/{rel}","templated":true}]}}