{"id":3382,"date":"2024-11-29T15:18:24","date_gmt":"2024-11-29T15:18:24","guid":{"rendered":"http:\/\/noelino.eu\/?post_type=product&#038;p=3382"},"modified":"2026-01-01T22:24:28","modified_gmt":"2026-01-01T21:24:28","slug":"aina-sweater","status":"publish","type":"product","link":"https:\/\/noelino.eu\/hu\/termek\/aina-sweater\/","title":{"rendered":"AINA - pul\u00f3ver"},"content":{"rendered":"","protected":false},"excerpt":{"rendered":"<p>Fekete, bojhos anyagb\u00f3l k\u00e9sz\u00fclt n\u0151i gyakorl\u00f3 pul\u00f3ver, k\u00fcl\u00f6nleges, asszimetrikus nyakkialak\u00edt\u00e1ssal, a mellkas\u00e1n log\u00f3val. Kiv\u00e1l\u00f3 p\u00e1ros\u00edt\u00e1s lehet b\u00e1rmely Noelino gyakorl\u00f3 nadr\u00e1ggal \u00e9s over\u00e1llal is.<\/p>\n<div class=\"modell-info\">A modell S-es m\u00e9retet visel<\/div>\n<h5>V\u00e1lassz m\u00e9retet!<\/h5>","protected":false},"featured_media":3373,"comment_status":"open","ping_status":"closed","template":"","meta":{"_surecart_dashboard_logo_width":"180px","_surecart_dashboard_show_logo":true,"_surecart_dashboard_navigation_orders":true,"_surecart_dashboard_navigation_subscriptions":true,"_surecart_dashboard_navigation_downloads":true,"_surecart_dashboard_navigation_billing":true,"_surecart_dashboard_navigation_account":true},"product_cat":[49,69],"product_tag":[],"giftcard-category":[],"class_list":{"0":"post-3382","1":"product","2":"type-product","3":"status-publish","4":"has-post-thumbnail","6":"product_cat-practice-wear-women","7":"product_cat-cardigans-sweaters-women","9":"first","10":"instock","11":"shipping-taxable","12":"purchasable","13":"product-type-variable"},"_links":{"self":[{"href":"https:\/\/noelino.eu\/hu\/wp-json\/wp\/v2\/product\/3382","targetHints":{"allow":["GET"]}}],"collection":[{"href":"https:\/\/noelino.eu\/hu\/wp-json\/wp\/v2\/product"}],"about":[{"href":"https:\/\/noelino.eu\/hu\/wp-json\/wp\/v2\/types\/product"}],"replies":[{"embeddable":true,"href":"https:\/\/noelino.eu\/hu\/wp-json\/wp\/v2\/comments?post=3382"}],"wp:featuredmedia":[{"embeddable":true,"href":"https:\/\/noelino.eu\/hu\/wp-json\/wp\/v2\/media\/3373"}],"wp:attachment":[{"href":"https:\/\/noelino.eu\/hu\/wp-json\/wp\/v2\/media?parent=3382"}],"wp:term":[{"taxonomy":"product_cat","embeddable":true,"href":"https:\/\/noelino.eu\/hu\/wp-json\/wp\/v2\/product_cat?post=3382"},{"taxonomy":"product_tag","embeddable":true,"href":"https:\/\/noelino.eu\/hu\/wp-json\/wp\/v2\/product_tag?post=3382"},{"taxonomy":"giftcard-category","embeddable":true,"href":"https:\/\/noelino.eu\/hu\/wp-json\/wp\/v2\/giftcard-category?post=3382"}],"curies":[{"name":"wp","href":"https:\/\/api.w.org\/{rel}","templated":true}]}}