{"id":3376,"date":"2024-11-29T15:16:00","date_gmt":"2024-11-29T15:16:00","guid":{"rendered":"http:\/\/noelino.eu\/?post_type=product&#038;p=3376"},"modified":"2026-01-01T22:21:29","modified_gmt":"2026-01-01T21:21:29","slug":"elsa-cardigan","status":"publish","type":"product","link":"https:\/\/noelino.eu\/hu\/termek\/elsa-cardigan\/","title":{"rendered":"ELSA - kardig\u00e1n"},"content":{"rendered":"","protected":false},"excerpt":{"rendered":"<p>Fekete, bojhos anyagb\u00f3l k\u00e9sz\u00fclt, vastag, n\u0151i gyakorl\u00f3 kardig\u00e1n, derek\u00e1n \u00f6vp\u00e1nttal. Ide\u00e1lis viselet b\u00e1rmely Noelino Practice Wear darab kieg\u00e9sz\u00edt\u00e9sek\u00e9nt hidegebb napokon a t\u00e1ncteremben, a t\u00e1ncversenyeken pedig a t\u00e1ncruha f\u00f6l\u00f6tt viselve a sz\u00fcnetekben.<\/p>\n<div class=\"modell-info\">A modell XS-M-es m\u00e9retet visel<\/div>\n<h5>V\u00e1lassz m\u00e9retet!<\/h5>","protected":false},"featured_media":3368,"comment_status":"open","ping_status":"closed","template":"","meta":{"_surecart_dashboard_logo_width":"180px","_surecart_dashboard_show_logo":true,"_surecart_dashboard_navigation_orders":true,"_surecart_dashboard_navigation_subscriptions":true,"_surecart_dashboard_navigation_downloads":true,"_surecart_dashboard_navigation_billing":true,"_surecart_dashboard_navigation_account":true},"product_cat":[49,69],"product_tag":[],"giftcard-category":[],"class_list":{"0":"post-3376","1":"product","2":"type-product","3":"status-publish","4":"has-post-thumbnail","6":"product_cat-practice-wear-women","7":"product_cat-cardigans-sweaters-women","9":"first","10":"instock","11":"shipping-taxable","12":"purchasable","13":"product-type-variable"},"_links":{"self":[{"href":"https:\/\/noelino.eu\/hu\/wp-json\/wp\/v2\/product\/3376","targetHints":{"allow":["GET"]}}],"collection":[{"href":"https:\/\/noelino.eu\/hu\/wp-json\/wp\/v2\/product"}],"about":[{"href":"https:\/\/noelino.eu\/hu\/wp-json\/wp\/v2\/types\/product"}],"replies":[{"embeddable":true,"href":"https:\/\/noelino.eu\/hu\/wp-json\/wp\/v2\/comments?post=3376"}],"wp:featuredmedia":[{"embeddable":true,"href":"https:\/\/noelino.eu\/hu\/wp-json\/wp\/v2\/media\/3368"}],"wp:attachment":[{"href":"https:\/\/noelino.eu\/hu\/wp-json\/wp\/v2\/media?parent=3376"}],"wp:term":[{"taxonomy":"product_cat","embeddable":true,"href":"https:\/\/noelino.eu\/hu\/wp-json\/wp\/v2\/product_cat?post=3376"},{"taxonomy":"product_tag","embeddable":true,"href":"https:\/\/noelino.eu\/hu\/wp-json\/wp\/v2\/product_tag?post=3376"},{"taxonomy":"giftcard-category","embeddable":true,"href":"https:\/\/noelino.eu\/hu\/wp-json\/wp\/v2\/giftcard-category?post=3376"}],"curies":[{"name":"wp","href":"https:\/\/api.w.org\/{rel}","templated":true}]}}