{"id":3363,"date":"2024-11-29T13:27:33","date_gmt":"2024-11-29T13:27:33","guid":{"rendered":"http:\/\/noelino.eu\/?post_type=product&#038;p=3363"},"modified":"2026-01-01T22:18:14","modified_gmt":"2026-01-01T21:18:14","slug":"gina-jumpsuit","status":"publish","type":"product","link":"https:\/\/noelino.eu\/hu\/termek\/gina-jumpsuit\/","title":{"rendered":"GINA - over\u00e1l"},"content":{"rendered":"","protected":false},"excerpt":{"rendered":"<p>Ujjatlan, ocelot mint\u00e1s n\u0151i gyakorl\u00f3 over\u00e1l, el\u0151l z\u00e1rt megold\u00e1ssal, h\u00e1tul m\u00e9ly h\u00e1tkiv\u00e1g\u00e1ssal. St\u00edlusos \u00e9s k\u00e9nyelmes v\u00e1laszt\u00e1s, j\u00f3l kombin\u00e1lhat\u00f3 m\u00e1s Noelino The Essentials Collection gyakorl\u00f3 fels\u0151kkel \u00e9s kardig\u00e1nokkal.<\/p>\n<div class=\"modell-info\">A modell S-es m\u00e9retet visel<\/div>\n<h5>V\u00e1lassz m\u00e9retet!<\/h5>","protected":false},"featured_media":3359,"comment_status":"open","ping_status":"closed","template":"","meta":{"_surecart_dashboard_logo_width":"180px","_surecart_dashboard_show_logo":true,"_surecart_dashboard_navigation_orders":true,"_surecart_dashboard_navigation_subscriptions":true,"_surecart_dashboard_navigation_downloads":true,"_surecart_dashboard_navigation_billing":true,"_surecart_dashboard_navigation_account":true},"product_cat":[49,64],"product_tag":[],"giftcard-category":[],"class_list":{"0":"post-3363","1":"product","2":"type-product","3":"status-publish","4":"has-post-thumbnail","6":"product_cat-practice-wear-women","7":"product_cat-leggings-jumpsuits","9":"first","10":"instock","11":"shipping-taxable","12":"purchasable","13":"product-type-variable"},"_links":{"self":[{"href":"https:\/\/noelino.eu\/hu\/wp-json\/wp\/v2\/product\/3363","targetHints":{"allow":["GET"]}}],"collection":[{"href":"https:\/\/noelino.eu\/hu\/wp-json\/wp\/v2\/product"}],"about":[{"href":"https:\/\/noelino.eu\/hu\/wp-json\/wp\/v2\/types\/product"}],"replies":[{"embeddable":true,"href":"https:\/\/noelino.eu\/hu\/wp-json\/wp\/v2\/comments?post=3363"}],"wp:featuredmedia":[{"embeddable":true,"href":"https:\/\/noelino.eu\/hu\/wp-json\/wp\/v2\/media\/3359"}],"wp:attachment":[{"href":"https:\/\/noelino.eu\/hu\/wp-json\/wp\/v2\/media?parent=3363"}],"wp:term":[{"taxonomy":"product_cat","embeddable":true,"href":"https:\/\/noelino.eu\/hu\/wp-json\/wp\/v2\/product_cat?post=3363"},{"taxonomy":"product_tag","embeddable":true,"href":"https:\/\/noelino.eu\/hu\/wp-json\/wp\/v2\/product_tag?post=3363"},{"taxonomy":"giftcard-category","embeddable":true,"href":"https:\/\/noelino.eu\/hu\/wp-json\/wp\/v2\/giftcard-category?post=3363"}],"curies":[{"name":"wp","href":"https:\/\/api.w.org\/{rel}","templated":true}]}}