{"id":3353,"date":"2024-11-29T12:57:41","date_gmt":"2024-11-29T12:57:41","guid":{"rendered":"http:\/\/noelino.eu\/?post_type=product&#038;p=3353"},"modified":"2026-01-01T21:39:58","modified_gmt":"2026-01-01T20:39:58","slug":"fara-pants","status":"publish","type":"product","link":"https:\/\/noelino.eu\/hu\/termek\/fara-pants\/","title":{"rendered":"FARA &#8211; pants"},"content":{"rendered":"","protected":false},"excerpt":{"rendered":"<p>A sz\u00e1rakn\u00e1l \u00e1tlapolt \u00e9s nyitott, magas derek\u00fa, lenge n\u0151i gyakorl\u00f3 nadr\u00e1g muszlinb\u00f3l, der\u00e9kp\u00e1nttal. Kiv\u00e1l\u00f3 v\u00e1laszt\u00e1s standard t\u00e1ncokhoz, st\u00edlusos \u00e9s k\u00e9nyelmes viselet a t\u00e1ncparketten \u00e9s azon k\u00edv\u00fcl is.<\/p>\n<div class=\"modell-info\">A modell S-es m\u00e9retet visel<\/div>\n<h5>V\u00e1lassz m\u00e9retet!<\/h5>","protected":false},"featured_media":3340,"comment_status":"open","ping_status":"closed","template":"","meta":{"_surecart_dashboard_logo_width":"180px","_surecart_dashboard_show_logo":true,"_surecart_dashboard_navigation_orders":true,"_surecart_dashboard_navigation_subscriptions":true,"_surecart_dashboard_navigation_downloads":true,"_surecart_dashboard_navigation_billing":true,"_surecart_dashboard_navigation_account":true},"product_cat":[49,65],"product_tag":[],"giftcard-category":[],"class_list":{"0":"post-3353","1":"product","2":"type-product","3":"status-publish","4":"has-post-thumbnail","6":"product_cat-practice-wear-women","7":"product_cat-pants-women","9":"first","10":"instock","11":"shipping-taxable","12":"purchasable","13":"product-type-variable"},"_links":{"self":[{"href":"https:\/\/noelino.eu\/hu\/wp-json\/wp\/v2\/product\/3353","targetHints":{"allow":["GET"]}}],"collection":[{"href":"https:\/\/noelino.eu\/hu\/wp-json\/wp\/v2\/product"}],"about":[{"href":"https:\/\/noelino.eu\/hu\/wp-json\/wp\/v2\/types\/product"}],"replies":[{"embeddable":true,"href":"https:\/\/noelino.eu\/hu\/wp-json\/wp\/v2\/comments?post=3353"}],"wp:featuredmedia":[{"embeddable":true,"href":"https:\/\/noelino.eu\/hu\/wp-json\/wp\/v2\/media\/3340"}],"wp:attachment":[{"href":"https:\/\/noelino.eu\/hu\/wp-json\/wp\/v2\/media?parent=3353"}],"wp:term":[{"taxonomy":"product_cat","embeddable":true,"href":"https:\/\/noelino.eu\/hu\/wp-json\/wp\/v2\/product_cat?post=3353"},{"taxonomy":"product_tag","embeddable":true,"href":"https:\/\/noelino.eu\/hu\/wp-json\/wp\/v2\/product_tag?post=3353"},{"taxonomy":"giftcard-category","embeddable":true,"href":"https:\/\/noelino.eu\/hu\/wp-json\/wp\/v2\/giftcard-category?post=3353"}],"curies":[{"name":"wp","href":"https:\/\/api.w.org\/{rel}","templated":true}]}}