{"id":3348,"date":"2024-11-29T12:54:04","date_gmt":"2024-11-29T12:54:04","guid":{"rendered":"http:\/\/noelino.eu\/?post_type=product&#038;p=3348"},"modified":"2026-01-01T21:38:09","modified_gmt":"2026-01-01T20:38:09","slug":"tara-pants","status":"publish","type":"product","link":"https:\/\/noelino.eu\/hu\/termek\/tara-pants\/","title":{"rendered":"TARA &#8211; pants"},"content":{"rendered":"","protected":false},"excerpt":{"rendered":"<p>Elasztikus anyagb\u00f3l k\u00e9sz\u00fclt, fekete magas derek\u00fa n\u0151i gyakorl\u00f3 nadr\u00e1g, gum\u00edrozott \u00f6vp\u00e1nttal \u00e9s bok\u00e1kn\u00e1l rugalmas passz\u00e9 kialak\u00edt\u00e1ssal. K\u00e9nyelmes \u00e9s st\u00edlusos v\u00e1laszt\u00e1s latin \u00e9s standard t\u00e1ncokhoz is.<\/p>\n<div class=\"modell-info\">A modell S-es m\u00e9retet visel<\/div>\n<h5>V\u00e1lassz m\u00e9retet!<\/h5>","protected":false},"featured_media":3344,"comment_status":"open","ping_status":"closed","template":"","meta":{"_surecart_dashboard_logo_width":"180px","_surecart_dashboard_show_logo":true,"_surecart_dashboard_navigation_orders":true,"_surecart_dashboard_navigation_subscriptions":true,"_surecart_dashboard_navigation_downloads":true,"_surecart_dashboard_navigation_billing":true,"_surecart_dashboard_navigation_account":true},"product_cat":[49,65],"product_tag":[],"giftcard-category":[],"class_list":{"0":"post-3348","1":"product","2":"type-product","3":"status-publish","4":"has-post-thumbnail","6":"product_cat-practice-wear-women","7":"product_cat-pants-women","9":"first","10":"instock","11":"shipping-taxable","12":"purchasable","13":"product-type-variable"},"_links":{"self":[{"href":"https:\/\/noelino.eu\/hu\/wp-json\/wp\/v2\/product\/3348","targetHints":{"allow":["GET"]}}],"collection":[{"href":"https:\/\/noelino.eu\/hu\/wp-json\/wp\/v2\/product"}],"about":[{"href":"https:\/\/noelino.eu\/hu\/wp-json\/wp\/v2\/types\/product"}],"replies":[{"embeddable":true,"href":"https:\/\/noelino.eu\/hu\/wp-json\/wp\/v2\/comments?post=3348"}],"wp:featuredmedia":[{"embeddable":true,"href":"https:\/\/noelino.eu\/hu\/wp-json\/wp\/v2\/media\/3344"}],"wp:attachment":[{"href":"https:\/\/noelino.eu\/hu\/wp-json\/wp\/v2\/media?parent=3348"}],"wp:term":[{"taxonomy":"product_cat","embeddable":true,"href":"https:\/\/noelino.eu\/hu\/wp-json\/wp\/v2\/product_cat?post=3348"},{"taxonomy":"product_tag","embeddable":true,"href":"https:\/\/noelino.eu\/hu\/wp-json\/wp\/v2\/product_tag?post=3348"},{"taxonomy":"giftcard-category","embeddable":true,"href":"https:\/\/noelino.eu\/hu\/wp-json\/wp\/v2\/giftcard-category?post=3348"}],"curies":[{"name":"wp","href":"https:\/\/api.w.org\/{rel}","templated":true}]}}