{"id":3329,"date":"2024-11-29T12:41:04","date_gmt":"2024-11-29T12:41:04","guid":{"rendered":"http:\/\/noelino.eu\/?post_type=product&#038;p=3329"},"modified":"2026-01-01T22:15:36","modified_gmt":"2026-01-01T21:15:36","slug":"kaia-leggings","status":"publish","type":"product","link":"https:\/\/noelino.eu\/hu\/termek\/kaia-leggings\/","title":{"rendered":"KAIA &#8211; leggings"},"content":{"rendered":"","protected":false},"excerpt":{"rendered":"<p>Ocelot mint\u00e1s, magas derek\u00fa n\u0151i gyakorl\u00f3 leggings, oldalt fekete elasztikus t\u00fcll bet\u00e9tekkel \u00e9s fodrokkal, mely izgalmas megjelen\u00e9st biztos\u00edt sz\u00e1modra.<\/p>\n<div class=\"modell-info\">A modell S-es m\u00e9retet visel<\/div>\n<h5>V\u00e1lassz m\u00e9retet!<\/h5>","protected":false},"featured_media":3310,"comment_status":"open","ping_status":"closed","template":"","meta":{"_surecart_dashboard_logo_width":"180px","_surecart_dashboard_show_logo":true,"_surecart_dashboard_navigation_orders":true,"_surecart_dashboard_navigation_subscriptions":true,"_surecart_dashboard_navigation_downloads":true,"_surecart_dashboard_navigation_billing":true,"_surecart_dashboard_navigation_account":true},"product_cat":[49,64],"product_tag":[],"giftcard-category":[],"class_list":{"0":"post-3329","1":"product","2":"type-product","3":"status-publish","4":"has-post-thumbnail","6":"product_cat-practice-wear-women","7":"product_cat-leggings-jumpsuits","9":"first","10":"instock","11":"shipping-taxable","12":"purchasable","13":"product-type-variable"},"_links":{"self":[{"href":"https:\/\/noelino.eu\/hu\/wp-json\/wp\/v2\/product\/3329","targetHints":{"allow":["GET"]}}],"collection":[{"href":"https:\/\/noelino.eu\/hu\/wp-json\/wp\/v2\/product"}],"about":[{"href":"https:\/\/noelino.eu\/hu\/wp-json\/wp\/v2\/types\/product"}],"replies":[{"embeddable":true,"href":"https:\/\/noelino.eu\/hu\/wp-json\/wp\/v2\/comments?post=3329"}],"wp:featuredmedia":[{"embeddable":true,"href":"https:\/\/noelino.eu\/hu\/wp-json\/wp\/v2\/media\/3310"}],"wp:attachment":[{"href":"https:\/\/noelino.eu\/hu\/wp-json\/wp\/v2\/media?parent=3329"}],"wp:term":[{"taxonomy":"product_cat","embeddable":true,"href":"https:\/\/noelino.eu\/hu\/wp-json\/wp\/v2\/product_cat?post=3329"},{"taxonomy":"product_tag","embeddable":true,"href":"https:\/\/noelino.eu\/hu\/wp-json\/wp\/v2\/product_tag?post=3329"},{"taxonomy":"giftcard-category","embeddable":true,"href":"https:\/\/noelino.eu\/hu\/wp-json\/wp\/v2\/giftcard-category?post=3329"}],"curies":[{"name":"wp","href":"https:\/\/api.w.org\/{rel}","templated":true}]}}