{"id":3324,"date":"2024-11-29T12:39:42","date_gmt":"2024-11-29T12:39:42","guid":{"rendered":"http:\/\/noelino.eu\/?post_type=product&#038;p=3324"},"modified":"2026-01-01T22:13:56","modified_gmt":"2026-01-01T21:13:56","slug":"lena-leggings","status":"publish","type":"product","link":"https:\/\/noelino.eu\/hu\/termek\/lena-leggings\/","title":{"rendered":"LENA &#8211; leggings"},"content":{"rendered":"","protected":false},"excerpt":{"rendered":"<p>Fekete, elasztikus anyagb\u00f3l k\u00e9sz\u00fclt leggings magas\u00edtott der\u00e9kr\u00e9sszel, amelyet el\u00f6l ber\u00e1ncolt, elasztikus t\u00fcll d\u00edsz\u00edt\u00e9s tesz k\u00fcl\u00f6nlegess\u00e9. K\u00e9nyelmes \u00e9s st\u00edlusos v\u00e1laszt\u00e1s latin vagy standard t\u00e1ncokhoz vagy ak\u00e1r h\u00e9tk\u00f6znapi viseletk\u00e9nt is.<\/p>\n<div class=\"modell-info\">A modell S-es m\u00e9retet visel<\/div>\n<h5>V\u00e1lassz m\u00e9retet!<\/h5>","protected":false},"featured_media":3315,"comment_status":"open","ping_status":"closed","template":"","meta":{"_surecart_dashboard_logo_width":"180px","_surecart_dashboard_show_logo":true,"_surecart_dashboard_navigation_orders":true,"_surecart_dashboard_navigation_subscriptions":true,"_surecart_dashboard_navigation_downloads":true,"_surecart_dashboard_navigation_billing":true,"_surecart_dashboard_navigation_account":true},"product_cat":[49,64],"product_tag":[],"giftcard-category":[],"class_list":{"0":"post-3324","1":"product","2":"type-product","3":"status-publish","4":"has-post-thumbnail","6":"product_cat-practice-wear-women","7":"product_cat-leggings-jumpsuits","9":"first","10":"instock","11":"shipping-taxable","12":"purchasable","13":"product-type-variable"},"_links":{"self":[{"href":"https:\/\/noelino.eu\/hu\/wp-json\/wp\/v2\/product\/3324","targetHints":{"allow":["GET"]}}],"collection":[{"href":"https:\/\/noelino.eu\/hu\/wp-json\/wp\/v2\/product"}],"about":[{"href":"https:\/\/noelino.eu\/hu\/wp-json\/wp\/v2\/types\/product"}],"replies":[{"embeddable":true,"href":"https:\/\/noelino.eu\/hu\/wp-json\/wp\/v2\/comments?post=3324"}],"wp:featuredmedia":[{"embeddable":true,"href":"https:\/\/noelino.eu\/hu\/wp-json\/wp\/v2\/media\/3315"}],"wp:attachment":[{"href":"https:\/\/noelino.eu\/hu\/wp-json\/wp\/v2\/media?parent=3324"}],"wp:term":[{"taxonomy":"product_cat","embeddable":true,"href":"https:\/\/noelino.eu\/hu\/wp-json\/wp\/v2\/product_cat?post=3324"},{"taxonomy":"product_tag","embeddable":true,"href":"https:\/\/noelino.eu\/hu\/wp-json\/wp\/v2\/product_tag?post=3324"},{"taxonomy":"giftcard-category","embeddable":true,"href":"https:\/\/noelino.eu\/hu\/wp-json\/wp\/v2\/giftcard-category?post=3324"}],"curies":[{"name":"wp","href":"https:\/\/api.w.org\/{rel}","templated":true}]}}