{"id":3305,"date":"2024-11-29T12:34:21","date_gmt":"2024-11-29T12:34:21","guid":{"rendered":"http:\/\/noelino.eu\/?post_type=product&#038;p=3305"},"modified":"2026-01-01T21:31:33","modified_gmt":"2026-01-01T20:31:33","slug":"wava-dress","status":"publish","type":"product","link":"https:\/\/noelino.eu\/hu\/termek\/wava-dress\/","title":{"rendered":"WAVA - ruha"},"content":{"rendered":"","protected":false},"excerpt":{"rendered":"<p>Ocelot mint\u00e1s, ujjatlan latin gyakorl\u00f3 ruha, aszimmetrikus kialak\u00edt\u00e1ssal az alj\u00e1n, amelyet elasztikus fekete necc fodrok d\u00edsz\u00edtenek.<\/p>\n<div class=\"modell-info\">A modell S-es m\u00e9retet visel<\/div>\n<h5>V\u00e1lassz m\u00e9retet!<\/h5>","protected":false},"featured_media":3206,"comment_status":"open","ping_status":"closed","template":"","meta":{"_surecart_dashboard_logo_width":"180px","_surecart_dashboard_show_logo":true,"_surecart_dashboard_navigation_orders":true,"_surecart_dashboard_navigation_subscriptions":true,"_surecart_dashboard_navigation_downloads":true,"_surecart_dashboard_navigation_billing":true,"_surecart_dashboard_navigation_account":true},"product_cat":[49,59],"product_tag":[],"giftcard-category":[],"class_list":{"0":"post-3305","1":"product","2":"type-product","3":"status-publish","4":"has-post-thumbnail","6":"product_cat-practice-wear-women","7":"product_cat-dresses","9":"first","10":"instock","11":"shipping-taxable","12":"purchasable","13":"product-type-variable"},"_links":{"self":[{"href":"https:\/\/noelino.eu\/hu\/wp-json\/wp\/v2\/product\/3305","targetHints":{"allow":["GET"]}}],"collection":[{"href":"https:\/\/noelino.eu\/hu\/wp-json\/wp\/v2\/product"}],"about":[{"href":"https:\/\/noelino.eu\/hu\/wp-json\/wp\/v2\/types\/product"}],"replies":[{"embeddable":true,"href":"https:\/\/noelino.eu\/hu\/wp-json\/wp\/v2\/comments?post=3305"}],"wp:featuredmedia":[{"embeddable":true,"href":"https:\/\/noelino.eu\/hu\/wp-json\/wp\/v2\/media\/3206"}],"wp:attachment":[{"href":"https:\/\/noelino.eu\/hu\/wp-json\/wp\/v2\/media?parent=3305"}],"wp:term":[{"taxonomy":"product_cat","embeddable":true,"href":"https:\/\/noelino.eu\/hu\/wp-json\/wp\/v2\/product_cat?post=3305"},{"taxonomy":"product_tag","embeddable":true,"href":"https:\/\/noelino.eu\/hu\/wp-json\/wp\/v2\/product_tag?post=3305"},{"taxonomy":"giftcard-category","embeddable":true,"href":"https:\/\/noelino.eu\/hu\/wp-json\/wp\/v2\/giftcard-category?post=3305"}],"curies":[{"name":"wp","href":"https:\/\/api.w.org\/{rel}","templated":true}]}}