{"id":3300,"date":"2024-11-29T12:33:15","date_gmt":"2024-11-29T12:33:15","guid":{"rendered":"http:\/\/noelino.eu\/?post_type=product&#038;p=3300"},"modified":"2026-01-01T21:29:38","modified_gmt":"2026-01-01T20:29:38","slug":"diva-dress","status":"publish","type":"product","link":"https:\/\/noelino.eu\/hu\/termek\/diva-dress\/","title":{"rendered":"DIVA - ruha"},"content":{"rendered":"","protected":false},"excerpt":{"rendered":"<p>Fekete infinity ruha, ami val\u00f3j\u00e1ban egy fodros szoknya hossz\u00fa megk\u00f6t\u0151 s\u00e1lakkal. Az egyenk\u00e9nt 2 m\u00e9teres s\u00e1lak szabadon vari\u00e1lhat\u00f3k, szimmetrikusan vagy aszimmetrikusan k\u00f6tve alak\u00edthat\u00f3 ruh\u00e1v\u00e1 &#8211; milli\u00f3k\u00e9ppen viselhet\u0151, hat\u00e1rt csak a k\u00e9pzeleted szabhat! Egyedi megjelen\u00e9st \u00e9s t\u00f6k\u00e9letes illeszked\u00e9st ny\u00fajt, ide\u00e1lis latin t\u00e1ncokhoz vagy k\u00fcl\u00f6nleges party viseletk\u00e9nt.<\/p>\n<div class=\"modell-info\">A modell S-es m\u00e9retet visel<\/div>\n<h5>V\u00e1lassz m\u00e9retet!<\/h5>","protected":false},"featured_media":3182,"comment_status":"open","ping_status":"closed","template":"","meta":{"_surecart_dashboard_logo_width":"180px","_surecart_dashboard_show_logo":true,"_surecart_dashboard_navigation_orders":true,"_surecart_dashboard_navigation_subscriptions":true,"_surecart_dashboard_navigation_downloads":true,"_surecart_dashboard_navigation_billing":true,"_surecart_dashboard_navigation_account":true},"product_cat":[49,59],"product_tag":[],"giftcard-category":[],"class_list":{"0":"post-3300","1":"product","2":"type-product","3":"status-publish","4":"has-post-thumbnail","6":"product_cat-practice-wear-women","7":"product_cat-dresses","9":"first","10":"instock","11":"shipping-taxable","12":"purchasable","13":"product-type-variable"},"_links":{"self":[{"href":"https:\/\/noelino.eu\/hu\/wp-json\/wp\/v2\/product\/3300","targetHints":{"allow":["GET"]}}],"collection":[{"href":"https:\/\/noelino.eu\/hu\/wp-json\/wp\/v2\/product"}],"about":[{"href":"https:\/\/noelino.eu\/hu\/wp-json\/wp\/v2\/types\/product"}],"replies":[{"embeddable":true,"href":"https:\/\/noelino.eu\/hu\/wp-json\/wp\/v2\/comments?post=3300"}],"wp:featuredmedia":[{"embeddable":true,"href":"https:\/\/noelino.eu\/hu\/wp-json\/wp\/v2\/media\/3182"}],"wp:attachment":[{"href":"https:\/\/noelino.eu\/hu\/wp-json\/wp\/v2\/media?parent=3300"}],"wp:term":[{"taxonomy":"product_cat","embeddable":true,"href":"https:\/\/noelino.eu\/hu\/wp-json\/wp\/v2\/product_cat?post=3300"},{"taxonomy":"product_tag","embeddable":true,"href":"https:\/\/noelino.eu\/hu\/wp-json\/wp\/v2\/product_tag?post=3300"},{"taxonomy":"giftcard-category","embeddable":true,"href":"https:\/\/noelino.eu\/hu\/wp-json\/wp\/v2\/giftcard-category?post=3300"}],"curies":[{"name":"wp","href":"https:\/\/api.w.org\/{rel}","templated":true}]}}