{"id":3295,"date":"2024-11-29T12:32:07","date_gmt":"2024-11-29T12:32:07","guid":{"rendered":"http:\/\/noelino.eu\/?post_type=product&#038;p=3295"},"modified":"2026-01-01T21:23:57","modified_gmt":"2026-01-01T20:23:57","slug":"nora-dress","status":"publish","type":"product","link":"https:\/\/noelino.eu\/hu\/termek\/nora-dress\/","title":{"rendered":"NORA - ruha"},"content":{"rendered":"","protected":false},"excerpt":{"rendered":"<p>Fekete, oversize, t\u00e9rdig \u00e9r\u0151 n\u0151i gyakorl\u00f3 ruha, amely l\u00e9gies viseletet biztos\u00edt. Az alj\u00e1t 30 cm-es fekete rojt d\u00edsz\u00edti, t\u00e1nc k\u00f6zben szinte lebegve k\u00f6veti a test mozg\u00e1s\u00e1t. Denev\u00e9r ujj\u00fa, sz\u00e9lesebb O-nyak\u00fa kialak\u00edt\u00e1ssal, fekete elasztikus necc anyagb\u00f3l k\u00e9sz\u00fclt. T\u00f6k\u00e9letes v\u00e1laszt\u00e1s egy body vagy over\u00e1l f\u00f6l\u00e9. St\u00edlusosabb\u00e1 teheted a megjelen\u00e9sed, ha a The Essentials Collection kieg\u00e9sz\u00edt\u0151i k\u00f6z\u00f6tt tal\u00e1lhat\u00f3 \u00f6vek egyik\u00e9vel p\u00e1ros\u00edtod.<\/p>\n<div class=\"modell-info\">A modell M-XL-es m\u00e9retet visel<\/div>\n<h5>V\u00e1lassz m\u00e9retet!<\/h5>","protected":false},"featured_media":3201,"comment_status":"open","ping_status":"closed","template":"","meta":{"_surecart_dashboard_logo_width":"180px","_surecart_dashboard_show_logo":true,"_surecart_dashboard_navigation_orders":true,"_surecart_dashboard_navigation_subscriptions":true,"_surecart_dashboard_navigation_downloads":true,"_surecart_dashboard_navigation_billing":true,"_surecart_dashboard_navigation_account":true},"product_cat":[49,59],"product_tag":[],"giftcard-category":[],"class_list":{"0":"post-3295","1":"product","2":"type-product","3":"status-publish","4":"has-post-thumbnail","6":"product_cat-practice-wear-women","7":"product_cat-dresses","9":"first","10":"instock","11":"shipping-taxable","12":"purchasable","13":"product-type-variable"},"_links":{"self":[{"href":"https:\/\/noelino.eu\/hu\/wp-json\/wp\/v2\/product\/3295","targetHints":{"allow":["GET"]}}],"collection":[{"href":"https:\/\/noelino.eu\/hu\/wp-json\/wp\/v2\/product"}],"about":[{"href":"https:\/\/noelino.eu\/hu\/wp-json\/wp\/v2\/types\/product"}],"replies":[{"embeddable":true,"href":"https:\/\/noelino.eu\/hu\/wp-json\/wp\/v2\/comments?post=3295"}],"wp:featuredmedia":[{"embeddable":true,"href":"https:\/\/noelino.eu\/hu\/wp-json\/wp\/v2\/media\/3201"}],"wp:attachment":[{"href":"https:\/\/noelino.eu\/hu\/wp-json\/wp\/v2\/media?parent=3295"}],"wp:term":[{"taxonomy":"product_cat","embeddable":true,"href":"https:\/\/noelino.eu\/hu\/wp-json\/wp\/v2\/product_cat?post=3295"},{"taxonomy":"product_tag","embeddable":true,"href":"https:\/\/noelino.eu\/hu\/wp-json\/wp\/v2\/product_tag?post=3295"},{"taxonomy":"giftcard-category","embeddable":true,"href":"https:\/\/noelino.eu\/hu\/wp-json\/wp\/v2\/giftcard-category?post=3295"}],"curies":[{"name":"wp","href":"https:\/\/api.w.org\/{rel}","templated":true}]}}