{"id":3290,"date":"2024-11-29T12:31:00","date_gmt":"2024-11-29T12:31:00","guid":{"rendered":"http:\/\/noelino.eu\/?post_type=product&#038;p=3290"},"modified":"2026-01-01T21:22:22","modified_gmt":"2026-01-01T20:22:22","slug":"dora-dress","status":"publish","type":"product","link":"https:\/\/noelino.eu\/hu\/termek\/dora-dress\/","title":{"rendered":"DORA - ruha"},"content":{"rendered":"","protected":false},"excerpt":{"rendered":"<p>Fekete, oversize, combk\u00f6z\u00e9pig \u00e9r\u0151 n\u0151i latin gyakorl\u00f3 ruha, rendk\u00edv\u00fcl k\u00f6nny\u0171 viselet. Denev\u00e9r ujj\u00fa, sz\u00e9les O-nyak\u00fa kialak\u00edt\u00e1ssal k\u00e9sz\u00fclt, fekete elasztikus anyagb\u00f3l. a The Essentials Collection-ben tal\u00e1lhat\u00f3 \u00f6vek t\u00f6k\u00e9letes kieg\u00e9sz\u00edt\u0151i lehetnek, \u00e9s m\u00e9g st\u00edlusosabb\u00e1 tehetik a megjelen\u00e9st.<\/p>\n<div class=\"modell-info\">A modell M-XL-es m\u00e9retet visel<\/div>\n<h5>V\u00e1lassz m\u00e9retet!<\/h5>","protected":false},"featured_media":3191,"comment_status":"open","ping_status":"closed","template":"","meta":{"_surecart_dashboard_logo_width":"180px","_surecart_dashboard_show_logo":true,"_surecart_dashboard_navigation_orders":true,"_surecart_dashboard_navigation_subscriptions":true,"_surecart_dashboard_navigation_downloads":true,"_surecart_dashboard_navigation_billing":true,"_surecart_dashboard_navigation_account":true},"product_cat":[49,59],"product_tag":[],"giftcard-category":[],"class_list":{"0":"post-3290","1":"product","2":"type-product","3":"status-publish","4":"has-post-thumbnail","6":"product_cat-practice-wear-women","7":"product_cat-dresses","9":"first","10":"instock","11":"shipping-taxable","12":"purchasable","13":"product-type-variable"},"_links":{"self":[{"href":"https:\/\/noelino.eu\/hu\/wp-json\/wp\/v2\/product\/3290","targetHints":{"allow":["GET"]}}],"collection":[{"href":"https:\/\/noelino.eu\/hu\/wp-json\/wp\/v2\/product"}],"about":[{"href":"https:\/\/noelino.eu\/hu\/wp-json\/wp\/v2\/types\/product"}],"replies":[{"embeddable":true,"href":"https:\/\/noelino.eu\/hu\/wp-json\/wp\/v2\/comments?post=3290"}],"wp:featuredmedia":[{"embeddable":true,"href":"https:\/\/noelino.eu\/hu\/wp-json\/wp\/v2\/media\/3191"}],"wp:attachment":[{"href":"https:\/\/noelino.eu\/hu\/wp-json\/wp\/v2\/media?parent=3290"}],"wp:term":[{"taxonomy":"product_cat","embeddable":true,"href":"https:\/\/noelino.eu\/hu\/wp-json\/wp\/v2\/product_cat?post=3290"},{"taxonomy":"product_tag","embeddable":true,"href":"https:\/\/noelino.eu\/hu\/wp-json\/wp\/v2\/product_tag?post=3290"},{"taxonomy":"giftcard-category","embeddable":true,"href":"https:\/\/noelino.eu\/hu\/wp-json\/wp\/v2\/giftcard-category?post=3290"}],"curies":[{"name":"wp","href":"https:\/\/api.w.org\/{rel}","templated":true}]}}