{"id":3285,"date":"2024-11-29T12:28:51","date_gmt":"2024-11-29T12:28:51","guid":{"rendered":"http:\/\/noelino.eu\/?post_type=product&#038;p=3285"},"modified":"2026-01-01T21:19:03","modified_gmt":"2026-01-01T20:19:03","slug":"myra-dress","status":"publish","type":"product","link":"https:\/\/noelino.eu\/hu\/termek\/myra-dress\/","title":{"rendered":"MYRA - ruha"},"content":{"rendered":"","protected":false},"excerpt":{"rendered":"<p>Fekete, laza szab\u00e1s\u00fa, cs\u00f3nak nyak\u00fa, h\u00e1romnegyedes ujj\u00fa, combk\u00f6z\u00e9pig \u00e9r\u0151 n\u0151i latin gyakorl\u00f3 ruha, gum\u00edrozott der\u00e9kr\u00e9sszel. Az ejtett v\u00e1ll\u00fa kialak\u00edt\u00e1snak k\u00f6sz\u00f6nhet\u0151en egyedi \u00e9s st\u00edlusos viselet, amely ak\u00e1r h\u00e9tk\u00f6znapi alkalmakra is t\u00f6k\u00e9letes v\u00e1laszt\u00e1s.<\/p>\n<div class=\"modell-info\">A modell M-es m\u00e9retet visel<\/div>\n<h5>V\u00e1lassz m\u00e9retet!<\/h5>","protected":false},"featured_media":3197,"comment_status":"open","ping_status":"closed","template":"","meta":{"_surecart_dashboard_logo_width":"180px","_surecart_dashboard_show_logo":true,"_surecart_dashboard_navigation_orders":true,"_surecart_dashboard_navigation_subscriptions":true,"_surecart_dashboard_navigation_downloads":true,"_surecart_dashboard_navigation_billing":true,"_surecart_dashboard_navigation_account":true},"product_cat":[49,59],"product_tag":[],"giftcard-category":[],"class_list":{"0":"post-3285","1":"product","2":"type-product","3":"status-publish","4":"has-post-thumbnail","6":"product_cat-practice-wear-women","7":"product_cat-dresses","9":"first","10":"instock","11":"shipping-taxable","12":"purchasable","13":"product-type-variable"},"_links":{"self":[{"href":"https:\/\/noelino.eu\/hu\/wp-json\/wp\/v2\/product\/3285","targetHints":{"allow":["GET"]}}],"collection":[{"href":"https:\/\/noelino.eu\/hu\/wp-json\/wp\/v2\/product"}],"about":[{"href":"https:\/\/noelino.eu\/hu\/wp-json\/wp\/v2\/types\/product"}],"replies":[{"embeddable":true,"href":"https:\/\/noelino.eu\/hu\/wp-json\/wp\/v2\/comments?post=3285"}],"wp:featuredmedia":[{"embeddable":true,"href":"https:\/\/noelino.eu\/hu\/wp-json\/wp\/v2\/media\/3197"}],"wp:attachment":[{"href":"https:\/\/noelino.eu\/hu\/wp-json\/wp\/v2\/media?parent=3285"}],"wp:term":[{"taxonomy":"product_cat","embeddable":true,"href":"https:\/\/noelino.eu\/hu\/wp-json\/wp\/v2\/product_cat?post=3285"},{"taxonomy":"product_tag","embeddable":true,"href":"https:\/\/noelino.eu\/hu\/wp-json\/wp\/v2\/product_tag?post=3285"},{"taxonomy":"giftcard-category","embeddable":true,"href":"https:\/\/noelino.eu\/hu\/wp-json\/wp\/v2\/giftcard-category?post=3285"}],"curies":[{"name":"wp","href":"https:\/\/api.w.org\/{rel}","templated":true}]}}