{"id":3280,"date":"2024-11-29T12:17:46","date_gmt":"2024-11-29T12:17:46","guid":{"rendered":"http:\/\/noelino.eu\/?post_type=product&#038;p=3280"},"modified":"2026-01-01T21:17:38","modified_gmt":"2026-01-01T20:17:38","slug":"coco-dress","status":"publish","type":"product","link":"https:\/\/noelino.eu\/hu\/termek\/coco-dress\/","title":{"rendered":"COCO - ruha"},"content":{"rendered":"","protected":false},"excerpt":{"rendered":"<p>Err\u0151l a fekete, hossz\u00fa ujj\u00fa ruh\u00e1r\u00f3l csak szuperlat\u00edvuszokban lehet besz\u00e9lni! Az egyik olyan k\u00fcl\u00f6nleges darabunk, amely szinte t\u00falmutat a gyakorl\u00f3ruha kateg\u00f3ri\u00e1n. Csipkebet\u00e9tekkel \u00e9s rojttal d\u00edsz\u00edtett, val\u00f3di csoda, amely m\u00e9g egy kokt\u00e9lpartin is t\u00f6k\u00e9letes v\u00e1laszt\u00e1s lehet.<\/p>\n<div class=\"modell-info\">A modell M-es m\u00e9retet visel<\/div>\n<h5>V\u00e1lassz m\u00e9retet!<\/h5>","protected":false},"featured_media":3178,"comment_status":"open","ping_status":"closed","template":"","meta":{"_surecart_dashboard_logo_width":"180px","_surecart_dashboard_show_logo":true,"_surecart_dashboard_navigation_orders":true,"_surecart_dashboard_navigation_subscriptions":true,"_surecart_dashboard_navigation_downloads":true,"_surecart_dashboard_navigation_billing":true,"_surecart_dashboard_navigation_account":true},"product_cat":[49,59],"product_tag":[],"giftcard-category":[],"class_list":{"0":"post-3280","1":"product","2":"type-product","3":"status-publish","4":"has-post-thumbnail","6":"product_cat-practice-wear-women","7":"product_cat-dresses","9":"first","10":"instock","11":"shipping-taxable","12":"purchasable","13":"product-type-variable"},"_links":{"self":[{"href":"https:\/\/noelino.eu\/hu\/wp-json\/wp\/v2\/product\/3280","targetHints":{"allow":["GET"]}}],"collection":[{"href":"https:\/\/noelino.eu\/hu\/wp-json\/wp\/v2\/product"}],"about":[{"href":"https:\/\/noelino.eu\/hu\/wp-json\/wp\/v2\/types\/product"}],"replies":[{"embeddable":true,"href":"https:\/\/noelino.eu\/hu\/wp-json\/wp\/v2\/comments?post=3280"}],"wp:featuredmedia":[{"embeddable":true,"href":"https:\/\/noelino.eu\/hu\/wp-json\/wp\/v2\/media\/3178"}],"wp:attachment":[{"href":"https:\/\/noelino.eu\/hu\/wp-json\/wp\/v2\/media?parent=3280"}],"wp:term":[{"taxonomy":"product_cat","embeddable":true,"href":"https:\/\/noelino.eu\/hu\/wp-json\/wp\/v2\/product_cat?post=3280"},{"taxonomy":"product_tag","embeddable":true,"href":"https:\/\/noelino.eu\/hu\/wp-json\/wp\/v2\/product_tag?post=3280"},{"taxonomy":"giftcard-category","embeddable":true,"href":"https:\/\/noelino.eu\/hu\/wp-json\/wp\/v2\/giftcard-category?post=3280"}],"curies":[{"name":"wp","href":"https:\/\/api.w.org\/{rel}","templated":true}]}}