{"id":3176,"date":"2024-11-28T18:34:43","date_gmt":"2024-11-28T18:34:43","guid":{"rendered":"http:\/\/noelino.eu\/?post_type=product&#038;p=3176"},"modified":"2026-01-01T21:10:08","modified_gmt":"2026-01-01T20:10:08","slug":"pepa-skirt","status":"publish","type":"product","link":"https:\/\/noelino.eu\/hu\/termek\/pepa-skirt\/","title":{"rendered":"PEPA - szoknya"},"content":{"rendered":"","protected":false},"excerpt":{"rendered":"<p>Szimmetrikus, \u00edves szab\u00e1svonal\u00fa fekete gyakorl\u00f3 szoknya, alj\u00e1n 30 cm hossz\u00fa rojttal d\u00edsz\u00edtve. A gum\u00edrozott der\u00e9kr\u00e9sz k\u00e9nyelmes viseletet biztos\u00edt, m\u00edg az oldalhas\u00edt\u00e9kok szabad mozg\u00e1st tesznek lehet\u0151v\u00e9, visel\u0151je sz\u00e1m\u00e1ra.<\/p>\n<div class=\"modell-info\">A modell S-es m\u00e9retet visel<\/div>\n<h5>V\u00e1lassz m\u00e9retet!<\/h5>","protected":false},"featured_media":3163,"comment_status":"open","ping_status":"closed","template":"","meta":{"_surecart_dashboard_logo_width":"180px","_surecart_dashboard_show_logo":true,"_surecart_dashboard_navigation_orders":true,"_surecart_dashboard_navigation_subscriptions":true,"_surecart_dashboard_navigation_downloads":true,"_surecart_dashboard_navigation_billing":true,"_surecart_dashboard_navigation_account":true},"product_cat":[49,58],"product_tag":[],"giftcard-category":[],"class_list":{"0":"post-3176","1":"product","2":"type-product","3":"status-publish","4":"has-post-thumbnail","6":"product_cat-practice-wear-women","7":"product_cat-skirts","9":"first","10":"instock","11":"shipping-taxable","12":"purchasable","13":"product-type-variable"},"_links":{"self":[{"href":"https:\/\/noelino.eu\/hu\/wp-json\/wp\/v2\/product\/3176","targetHints":{"allow":["GET"]}}],"collection":[{"href":"https:\/\/noelino.eu\/hu\/wp-json\/wp\/v2\/product"}],"about":[{"href":"https:\/\/noelino.eu\/hu\/wp-json\/wp\/v2\/types\/product"}],"replies":[{"embeddable":true,"href":"https:\/\/noelino.eu\/hu\/wp-json\/wp\/v2\/comments?post=3176"}],"wp:featuredmedia":[{"embeddable":true,"href":"https:\/\/noelino.eu\/hu\/wp-json\/wp\/v2\/media\/3163"}],"wp:attachment":[{"href":"https:\/\/noelino.eu\/hu\/wp-json\/wp\/v2\/media?parent=3176"}],"wp:term":[{"taxonomy":"product_cat","embeddable":true,"href":"https:\/\/noelino.eu\/hu\/wp-json\/wp\/v2\/product_cat?post=3176"},{"taxonomy":"product_tag","embeddable":true,"href":"https:\/\/noelino.eu\/hu\/wp-json\/wp\/v2\/product_tag?post=3176"},{"taxonomy":"giftcard-category","embeddable":true,"href":"https:\/\/noelino.eu\/hu\/wp-json\/wp\/v2\/giftcard-category?post=3176"}],"curies":[{"name":"wp","href":"https:\/\/api.w.org\/{rel}","templated":true}]}}