{"id":3145,"date":"2024-11-28T18:20:22","date_gmt":"2024-11-28T18:20:22","guid":{"rendered":"http:\/\/noelino.eu\/?post_type=product&#038;p=3145"},"modified":"2026-01-01T20:55:34","modified_gmt":"2026-01-01T19:55:34","slug":"kyra-top","status":"publish","type":"product","link":"https:\/\/noelino.eu\/hu\/termek\/kyra-top\/","title":{"rendered":"KYRA - fels\u0151"},"content":{"rendered":"","protected":false},"excerpt":{"rendered":"<p>Fekete, laza szab\u00e1s\u00fa, cs\u00f3nak nyak\u00fa, h\u00e1romnegyedes ujj\u00fa n\u0151i gyakorl\u00f3 fels\u0151, amely gum\u00edrozott der\u00e9kr\u00e9sz\u00e9nek k\u00f6sz\u00f6nhet\u0151en k\u00e9nyelmes \u00e9s st\u00edlusos viselet. A fels\u0151 kialak\u00edt\u00e1sa lehet\u0151v\u00e9 teszi, hogy ejtett v\u00e1ll\u00fa topk\u00e9nt viseld. Ide\u00e1lis v\u00e1laszt\u00e1s t\u00e1ncpr\u00f3b\u00e1khoz, de h\u00e9tk\u00f6znapi viseletk\u00e9nt is t\u00f6k\u00e9letesen meg\u00e1llja a hely\u00e9t.<\/p>\n<div class=\"modell-info\">A modell XS-M-es m\u00e9retet visel<\/div>\n<h5>V\u00e1lassz m\u00e9retet!<\/h5>","protected":false},"featured_media":3130,"comment_status":"open","ping_status":"closed","template":"","meta":{"_surecart_dashboard_logo_width":"180px","_surecart_dashboard_show_logo":true,"_surecart_dashboard_navigation_orders":true,"_surecart_dashboard_navigation_subscriptions":true,"_surecart_dashboard_navigation_downloads":true,"_surecart_dashboard_navigation_billing":true,"_surecart_dashboard_navigation_account":true},"product_cat":[49,57],"product_tag":[],"giftcard-category":[],"class_list":{"0":"post-3145","1":"product","2":"type-product","3":"status-publish","4":"has-post-thumbnail","6":"product_cat-practice-wear-women","7":"product_cat-tops-women","9":"first","10":"instock","11":"shipping-taxable","12":"purchasable","13":"product-type-variable"},"_links":{"self":[{"href":"https:\/\/noelino.eu\/hu\/wp-json\/wp\/v2\/product\/3145","targetHints":{"allow":["GET"]}}],"collection":[{"href":"https:\/\/noelino.eu\/hu\/wp-json\/wp\/v2\/product"}],"about":[{"href":"https:\/\/noelino.eu\/hu\/wp-json\/wp\/v2\/types\/product"}],"replies":[{"embeddable":true,"href":"https:\/\/noelino.eu\/hu\/wp-json\/wp\/v2\/comments?post=3145"}],"wp:featuredmedia":[{"embeddable":true,"href":"https:\/\/noelino.eu\/hu\/wp-json\/wp\/v2\/media\/3130"}],"wp:attachment":[{"href":"https:\/\/noelino.eu\/hu\/wp-json\/wp\/v2\/media?parent=3145"}],"wp:term":[{"taxonomy":"product_cat","embeddable":true,"href":"https:\/\/noelino.eu\/hu\/wp-json\/wp\/v2\/product_cat?post=3145"},{"taxonomy":"product_tag","embeddable":true,"href":"https:\/\/noelino.eu\/hu\/wp-json\/wp\/v2\/product_tag?post=3145"},{"taxonomy":"giftcard-category","embeddable":true,"href":"https:\/\/noelino.eu\/hu\/wp-json\/wp\/v2\/giftcard-category?post=3145"}],"curies":[{"name":"wp","href":"https:\/\/api.w.org\/{rel}","templated":true}]}}