{"id":3144,"date":"2024-11-28T18:06:24","date_gmt":"2024-11-28T18:06:24","guid":{"rendered":"http:\/\/noelino.eu\/?post_type=product&#038;p=3144"},"modified":"2026-01-01T20:53:50","modified_gmt":"2026-01-01T19:53:50","slug":"yana-top","status":"publish","type":"product","link":"https:\/\/noelino.eu\/hu\/termek\/yana-top\/","title":{"rendered":"YANA - fels\u0151"},"content":{"rendered":"","protected":false},"excerpt":{"rendered":"<p>Fekete, ujjatlan n\u0151i gyakorl\u00f3 fels\u0151, finom csipke bet\u00e9ttel a dekolt\u00e1zs r\u00e9szen. A The Essentials kollekci\u00f3 egyszer\u0171, letisztult darabja, amely t\u00f6k\u00e9letes lehet standard \u00e9s latin szokny\u00e1khoz, valamint nadr\u00e1gokhoz. H\u00e9tk\u00f6znapi viseletk\u00e9nt is kiv\u00e1l\u00f3 v\u00e1laszt\u00e1s.<\/p>\n<div class=\"modell-info\">A modell S-es m\u00e9retet visel<\/div>\n<h5>V\u00e1lassz m\u00e9retet!<\/h5>","protected":false},"featured_media":3134,"comment_status":"open","ping_status":"closed","template":"","meta":{"_surecart_dashboard_logo_width":"180px","_surecart_dashboard_show_logo":true,"_surecart_dashboard_navigation_orders":true,"_surecart_dashboard_navigation_subscriptions":true,"_surecart_dashboard_navigation_downloads":true,"_surecart_dashboard_navigation_billing":true,"_surecart_dashboard_navigation_account":true},"product_cat":[49,57],"product_tag":[],"giftcard-category":[],"class_list":{"0":"post-3144","1":"product","2":"type-product","3":"status-publish","4":"has-post-thumbnail","6":"product_cat-practice-wear-women","7":"product_cat-tops-women","9":"first","10":"instock","11":"shipping-taxable","12":"purchasable","13":"product-type-variable"},"_links":{"self":[{"href":"https:\/\/noelino.eu\/hu\/wp-json\/wp\/v2\/product\/3144","targetHints":{"allow":["GET"]}}],"collection":[{"href":"https:\/\/noelino.eu\/hu\/wp-json\/wp\/v2\/product"}],"about":[{"href":"https:\/\/noelino.eu\/hu\/wp-json\/wp\/v2\/types\/product"}],"replies":[{"embeddable":true,"href":"https:\/\/noelino.eu\/hu\/wp-json\/wp\/v2\/comments?post=3144"}],"wp:featuredmedia":[{"embeddable":true,"href":"https:\/\/noelino.eu\/hu\/wp-json\/wp\/v2\/media\/3134"}],"wp:attachment":[{"href":"https:\/\/noelino.eu\/hu\/wp-json\/wp\/v2\/media?parent=3144"}],"wp:term":[{"taxonomy":"product_cat","embeddable":true,"href":"https:\/\/noelino.eu\/hu\/wp-json\/wp\/v2\/product_cat?post=3144"},{"taxonomy":"product_tag","embeddable":true,"href":"https:\/\/noelino.eu\/hu\/wp-json\/wp\/v2\/product_tag?post=3144"},{"taxonomy":"giftcard-category","embeddable":true,"href":"https:\/\/noelino.eu\/hu\/wp-json\/wp\/v2\/giftcard-category?post=3144"}],"curies":[{"name":"wp","href":"https:\/\/api.w.org\/{rel}","templated":true}]}}