{"id":3143,"date":"2024-11-28T18:04:36","date_gmt":"2024-11-28T18:04:36","guid":{"rendered":"http:\/\/noelino.eu\/?post_type=product&#038;p=3143"},"modified":"2026-01-01T20:51:32","modified_gmt":"2026-01-01T19:51:32","slug":"bria-top","status":"publish","type":"product","link":"https:\/\/noelino.eu\/hu\/termek\/bria-top\/","title":{"rendered":"BRIA - fels\u0151"},"content":{"rendered":"","protected":false},"excerpt":{"rendered":"<p>Ocelot mint\u00e1s, szivacs n\u00e9lk\u00fcli sportmelltart\u00f3 finom nyakkiv\u00e1g\u00e1ssal. \u00d6nmag\u00e1ban is viselhet\u0151, vagy leng\u00e9bb gyakorl\u00f3 fels\u0151k alatt melltart\u00f3k\u00e9nt is ide\u00e1lis v\u00e1laszt\u00e1s lehet, k\u00e9nyelmes \u00e9s st\u00edlusos megjelen\u00e9st biztos\u00edt a t\u00e1ncparketten \u00e9s az edz\u0151teremben egyar\u00e1nt.<\/p>\n<div class=\"modell-info\">A modell S-es m\u00e9retet visel<\/div>\n<h5>V\u00e1lassz m\u00e9retet!<\/h5>","protected":false},"featured_media":3126,"comment_status":"open","ping_status":"closed","template":"","meta":{"_surecart_dashboard_logo_width":"180px","_surecart_dashboard_show_logo":true,"_surecart_dashboard_navigation_orders":true,"_surecart_dashboard_navigation_subscriptions":true,"_surecart_dashboard_navigation_downloads":true,"_surecart_dashboard_navigation_billing":true,"_surecart_dashboard_navigation_account":true},"product_cat":[49,57],"product_tag":[],"giftcard-category":[],"class_list":{"0":"post-3143","1":"product","2":"type-product","3":"status-publish","4":"has-post-thumbnail","6":"product_cat-practice-wear-women","7":"product_cat-tops-women","9":"first","10":"instock","11":"shipping-taxable","12":"purchasable","13":"product-type-variable"},"_links":{"self":[{"href":"https:\/\/noelino.eu\/hu\/wp-json\/wp\/v2\/product\/3143","targetHints":{"allow":["GET"]}}],"collection":[{"href":"https:\/\/noelino.eu\/hu\/wp-json\/wp\/v2\/product"}],"about":[{"href":"https:\/\/noelino.eu\/hu\/wp-json\/wp\/v2\/types\/product"}],"replies":[{"embeddable":true,"href":"https:\/\/noelino.eu\/hu\/wp-json\/wp\/v2\/comments?post=3143"}],"wp:featuredmedia":[{"embeddable":true,"href":"https:\/\/noelino.eu\/hu\/wp-json\/wp\/v2\/media\/3126"}],"wp:attachment":[{"href":"https:\/\/noelino.eu\/hu\/wp-json\/wp\/v2\/media?parent=3143"}],"wp:term":[{"taxonomy":"product_cat","embeddable":true,"href":"https:\/\/noelino.eu\/hu\/wp-json\/wp\/v2\/product_cat?post=3143"},{"taxonomy":"product_tag","embeddable":true,"href":"https:\/\/noelino.eu\/hu\/wp-json\/wp\/v2\/product_tag?post=3143"},{"taxonomy":"giftcard-category","embeddable":true,"href":"https:\/\/noelino.eu\/hu\/wp-json\/wp\/v2\/giftcard-category?post=3143"}],"curies":[{"name":"wp","href":"https:\/\/api.w.org\/{rel}","templated":true}]}}