{"id":3125,"date":"2024-11-28T17:54:06","date_gmt":"2024-11-28T17:54:06","guid":{"rendered":"http:\/\/noelino.eu\/?post_type=product&#038;p=3125"},"modified":"2026-01-01T20:49:49","modified_gmt":"2026-01-01T19:49:49","slug":"yara-top","status":"publish","type":"product","link":"https:\/\/noelino.eu\/hu\/termek\/yara-top\/","title":{"rendered":"YARA - fels\u0151"},"content":{"rendered":"","protected":false},"excerpt":{"rendered":"<p>Ujjatlan, fekete csipke gyakorl\u00f3 fels\u0151, amely \u00e1ttetsz\u0151 \u00edgy melltart\u00f3 vagy top visel\u00e9se javasolt hozz\u00e1. A The Essentials Collection latin \u00e9s standard szokny\u00e1ival valamint nadr\u00e1gjaival remek\u00fcl kombin\u00e1lhat\u00f3, \u00edgy eleg\u00e1ns \u00e9s egyedi megjelen\u00e9st biztos\u00edt a t\u00e1ncparketten. Party viseletk\u00e9nt is kiv\u00e1l\u00f3an meg\u00e1llja a hely\u00e9t.<\/p>\n<div class=\"modell-info\">A modell S-es m\u00e9retet visel<\/div>\n<h5>V\u00e1lassz m\u00e9retet!<\/h5>","protected":false},"featured_media":3138,"comment_status":"open","ping_status":"closed","template":"","meta":{"_surecart_dashboard_logo_width":"180px","_surecart_dashboard_show_logo":true,"_surecart_dashboard_navigation_orders":true,"_surecart_dashboard_navigation_subscriptions":true,"_surecart_dashboard_navigation_downloads":true,"_surecart_dashboard_navigation_billing":true,"_surecart_dashboard_navigation_account":true},"product_cat":[49,57],"product_tag":[],"giftcard-category":[],"class_list":{"0":"post-3125","1":"product","2":"type-product","3":"status-publish","4":"has-post-thumbnail","6":"product_cat-practice-wear-women","7":"product_cat-tops-women","9":"first","10":"instock","11":"shipping-taxable","12":"purchasable","13":"product-type-variable"},"_links":{"self":[{"href":"https:\/\/noelino.eu\/hu\/wp-json\/wp\/v2\/product\/3125","targetHints":{"allow":["GET"]}}],"collection":[{"href":"https:\/\/noelino.eu\/hu\/wp-json\/wp\/v2\/product"}],"about":[{"href":"https:\/\/noelino.eu\/hu\/wp-json\/wp\/v2\/types\/product"}],"replies":[{"embeddable":true,"href":"https:\/\/noelino.eu\/hu\/wp-json\/wp\/v2\/comments?post=3125"}],"wp:featuredmedia":[{"embeddable":true,"href":"https:\/\/noelino.eu\/hu\/wp-json\/wp\/v2\/media\/3138"}],"wp:attachment":[{"href":"https:\/\/noelino.eu\/hu\/wp-json\/wp\/v2\/media?parent=3125"}],"wp:term":[{"taxonomy":"product_cat","embeddable":true,"href":"https:\/\/noelino.eu\/hu\/wp-json\/wp\/v2\/product_cat?post=3125"},{"taxonomy":"product_tag","embeddable":true,"href":"https:\/\/noelino.eu\/hu\/wp-json\/wp\/v2\/product_tag?post=3125"},{"taxonomy":"giftcard-category","embeddable":true,"href":"https:\/\/noelino.eu\/hu\/wp-json\/wp\/v2\/giftcard-category?post=3125"}],"curies":[{"name":"wp","href":"https:\/\/api.w.org\/{rel}","templated":true}]}}