{"id":3117,"date":"2024-11-28T17:38:34","date_gmt":"2024-11-28T17:38:34","guid":{"rendered":"http:\/\/noelino.eu\/?post_type=product&#038;p=3117"},"modified":"2026-01-01T20:41:18","modified_gmt":"2026-01-01T19:41:18","slug":"vera-top","status":"publish","type":"product","link":"https:\/\/noelino.eu\/hu\/termek\/vera-top\/","title":{"rendered":"VERA - fels\u0151"},"content":{"rendered":"","protected":false},"excerpt":{"rendered":"<p>Fekete, cs\u00f3naknyak\u00fa gyakorl\u00f3 fels\u0151, egyik oldalon ujjatlan, m\u00e1sik oldalon denev\u00e9r ujj kialak\u00edt\u00e1ssal. Egyedi viselet lehet h\u00e9tk\u00f6znapokon \u00e9s a t\u00e1ncteremben is, kiv\u00e1l\u00f3an kombin\u00e1lhat\u00f3 nadr\u00e1ggal, szokny\u00e1val, vagy ak\u00e1r over\u00e1l f\u00f6l\u00f6tt is viselhet\u0151. A bal karj\u00e1n Noelino log\u00f3.<\/p>\n<div class=\"modell-info\">A modell XS-M-es m\u00e9retet visel<\/div>\n<h5>V\u00e1lassz m\u00e9retet!<\/h5>","protected":false},"featured_media":3110,"comment_status":"open","ping_status":"closed","template":"","meta":{"_surecart_dashboard_logo_width":"180px","_surecart_dashboard_show_logo":true,"_surecart_dashboard_navigation_orders":true,"_surecart_dashboard_navigation_subscriptions":true,"_surecart_dashboard_navigation_downloads":true,"_surecart_dashboard_navigation_billing":true,"_surecart_dashboard_navigation_account":true},"product_cat":[49,57],"product_tag":[],"giftcard-category":[],"class_list":{"0":"post-3117","1":"product","2":"type-product","3":"status-publish","4":"has-post-thumbnail","6":"product_cat-practice-wear-women","7":"product_cat-tops-women","9":"first","10":"instock","11":"shipping-taxable","12":"purchasable","13":"product-type-variable"},"_links":{"self":[{"href":"https:\/\/noelino.eu\/hu\/wp-json\/wp\/v2\/product\/3117","targetHints":{"allow":["GET"]}}],"collection":[{"href":"https:\/\/noelino.eu\/hu\/wp-json\/wp\/v2\/product"}],"about":[{"href":"https:\/\/noelino.eu\/hu\/wp-json\/wp\/v2\/types\/product"}],"replies":[{"embeddable":true,"href":"https:\/\/noelino.eu\/hu\/wp-json\/wp\/v2\/comments?post=3117"}],"wp:featuredmedia":[{"embeddable":true,"href":"https:\/\/noelino.eu\/hu\/wp-json\/wp\/v2\/media\/3110"}],"wp:attachment":[{"href":"https:\/\/noelino.eu\/hu\/wp-json\/wp\/v2\/media?parent=3117"}],"wp:term":[{"taxonomy":"product_cat","embeddable":true,"href":"https:\/\/noelino.eu\/hu\/wp-json\/wp\/v2\/product_cat?post=3117"},{"taxonomy":"product_tag","embeddable":true,"href":"https:\/\/noelino.eu\/hu\/wp-json\/wp\/v2\/product_tag?post=3117"},{"taxonomy":"giftcard-category","embeddable":true,"href":"https:\/\/noelino.eu\/hu\/wp-json\/wp\/v2\/giftcard-category?post=3117"}],"curies":[{"name":"wp","href":"https:\/\/api.w.org\/{rel}","templated":true}]}}