{"id":3109,"date":"2024-11-28T17:22:52","date_gmt":"2024-11-28T17:22:52","guid":{"rendered":"http:\/\/noelino.eu\/?post_type=product&#038;p=3109"},"modified":"2026-01-01T19:58:48","modified_gmt":"2026-01-01T18:58:48","slug":"rhea-bodysuit","status":"publish","type":"product","link":"https:\/\/noelino.eu\/hu\/termek\/rhea-bodysuit\/","title":{"rendered":"RHEA - body"},"content":{"rendered":"","protected":false},"excerpt":{"rendered":"<p>Ocelot mint\u00e1s, ujjatlan body garb\u00f3s nyakr\u00e9sszel. K\u00e9nyelmes, letisztult darab, amely kiv\u00e1l\u00f3an vari\u00e1lhat\u00f3 a The Essentials kollekci\u00f3 szokny\u00e1ival \u00e9s nadr\u00e1gjaival, \u00edgy standard \u00e9s latin t\u00e1ncokhoz is remek v\u00e1laszt\u00e1s.<\/p>\n<div class=\"modell-info\">A modell S-es m\u00e9retet visel<\/div>\n<h5>V\u00e1lassz m\u00e9retet!<\/h5>","protected":false},"featured_media":3090,"comment_status":"open","ping_status":"closed","template":"","meta":{"_surecart_dashboard_logo_width":"180px","_surecart_dashboard_show_logo":true,"_surecart_dashboard_navigation_orders":true,"_surecart_dashboard_navigation_subscriptions":true,"_surecart_dashboard_navigation_downloads":true,"_surecart_dashboard_navigation_billing":true,"_surecart_dashboard_navigation_account":true},"product_cat":[49,48],"product_tag":[],"giftcard-category":[],"class_list":{"0":"post-3109","1":"product","2":"type-product","3":"status-publish","4":"has-post-thumbnail","6":"product_cat-practice-wear-women","7":"product_cat-bodysuits","9":"first","10":"instock","11":"shipping-taxable","12":"purchasable","13":"product-type-variable"},"_links":{"self":[{"href":"https:\/\/noelino.eu\/hu\/wp-json\/wp\/v2\/product\/3109","targetHints":{"allow":["GET"]}}],"collection":[{"href":"https:\/\/noelino.eu\/hu\/wp-json\/wp\/v2\/product"}],"about":[{"href":"https:\/\/noelino.eu\/hu\/wp-json\/wp\/v2\/types\/product"}],"replies":[{"embeddable":true,"href":"https:\/\/noelino.eu\/hu\/wp-json\/wp\/v2\/comments?post=3109"}],"wp:featuredmedia":[{"embeddable":true,"href":"https:\/\/noelino.eu\/hu\/wp-json\/wp\/v2\/media\/3090"}],"wp:attachment":[{"href":"https:\/\/noelino.eu\/hu\/wp-json\/wp\/v2\/media?parent=3109"}],"wp:term":[{"taxonomy":"product_cat","embeddable":true,"href":"https:\/\/noelino.eu\/hu\/wp-json\/wp\/v2\/product_cat?post=3109"},{"taxonomy":"product_tag","embeddable":true,"href":"https:\/\/noelino.eu\/hu\/wp-json\/wp\/v2\/product_tag?post=3109"},{"taxonomy":"giftcard-category","embeddable":true,"href":"https:\/\/noelino.eu\/hu\/wp-json\/wp\/v2\/giftcard-category?post=3109"}],"curies":[{"name":"wp","href":"https:\/\/api.w.org\/{rel}","templated":true}]}}