{"id":3080,"date":"2024-11-28T16:32:57","date_gmt":"2024-11-28T16:32:57","guid":{"rendered":"http:\/\/noelino.eu\/?post_type=product&#038;p=3080"},"modified":"2026-01-01T20:10:27","modified_gmt":"2026-01-01T19:10:27","slug":"dona-bodysuit","status":"publish","type":"product","link":"https:\/\/noelino.eu\/hu\/termek\/dona-bodysuit\/","title":{"rendered":"DONA - body"},"content":{"rendered":"","protected":false},"excerpt":{"rendered":"<p>Ujjatlan gyakorl\u00f3 body fekete bugyi r\u00e9sszel \u00e9s elasztikus t\u00fcll fels\u0151 r\u00e9sszel. Az oldalain hossz\u00fa, elasztikus t\u00fcll s\u00e1lak tal\u00e1lhat\u00f3k, amelyek t\u00f6bbf\u00e9lek\u00e9ppen testre tekerhet\u0151k, \u00edgy egyedi megjelen\u00e9st \u00e9s t\u00f6k\u00e9letes illeszked\u00e9st biztos\u00edtanak. Kiv\u00e1l\u00f3 v\u00e1laszt\u00e1s latin \u00e9s standard t\u00e1ncok gyakorl\u00e1s\u00e1hoz, de k\u00fcl\u00f6nleges party viseletk\u00e9nt is meg\u00e1llja a hely\u00e9t, k\u00fcl\u00f6nf\u00e9le ruhadarabokkal kombin\u00e1lva.<\/p>\n<div class=\"modell-info\">A modell S-es m\u00e9retet visel<\/div>\n<h5>V\u00e1lassz m\u00e9retet!<\/h5>","protected":false},"featured_media":3081,"comment_status":"open","ping_status":"closed","template":"","meta":{"_surecart_dashboard_logo_width":"180px","_surecart_dashboard_show_logo":true,"_surecart_dashboard_navigation_orders":true,"_surecart_dashboard_navigation_subscriptions":true,"_surecart_dashboard_navigation_downloads":true,"_surecart_dashboard_navigation_billing":true,"_surecart_dashboard_navigation_account":true},"product_cat":[49,48],"product_tag":[],"giftcard-category":[],"class_list":{"0":"post-3080","1":"product","2":"type-product","3":"status-publish","4":"has-post-thumbnail","6":"product_cat-practice-wear-women","7":"product_cat-bodysuits","9":"first","10":"instock","11":"shipping-taxable","12":"purchasable","13":"product-type-variable"},"_links":{"self":[{"href":"https:\/\/noelino.eu\/hu\/wp-json\/wp\/v2\/product\/3080","targetHints":{"allow":["GET"]}}],"collection":[{"href":"https:\/\/noelino.eu\/hu\/wp-json\/wp\/v2\/product"}],"about":[{"href":"https:\/\/noelino.eu\/hu\/wp-json\/wp\/v2\/types\/product"}],"replies":[{"embeddable":true,"href":"https:\/\/noelino.eu\/hu\/wp-json\/wp\/v2\/comments?post=3080"}],"wp:featuredmedia":[{"embeddable":true,"href":"https:\/\/noelino.eu\/hu\/wp-json\/wp\/v2\/media\/3081"}],"wp:attachment":[{"href":"https:\/\/noelino.eu\/hu\/wp-json\/wp\/v2\/media?parent=3080"}],"wp:term":[{"taxonomy":"product_cat","embeddable":true,"href":"https:\/\/noelino.eu\/hu\/wp-json\/wp\/v2\/product_cat?post=3080"},{"taxonomy":"product_tag","embeddable":true,"href":"https:\/\/noelino.eu\/hu\/wp-json\/wp\/v2\/product_tag?post=3080"},{"taxonomy":"giftcard-category","embeddable":true,"href":"https:\/\/noelino.eu\/hu\/wp-json\/wp\/v2\/giftcard-category?post=3080"}],"curies":[{"name":"wp","href":"https:\/\/api.w.org\/{rel}","templated":true}]}}