{"id":3075,"date":"2024-11-28T16:24:07","date_gmt":"2024-11-28T16:24:07","guid":{"rendered":"http:\/\/noelino.eu\/?post_type=product&#038;p=3075"},"modified":"2026-01-01T20:18:30","modified_gmt":"2026-01-01T19:18:30","slug":"anna-bodysuit","status":"publish","type":"product","link":"https:\/\/noelino.eu\/hu\/termek\/anna-bodysuit\/","title":{"rendered":"ANNA - body"},"content":{"rendered":"","protected":false},"excerpt":{"rendered":"<p>Fekete, hossz\u00fa ujj\u00fa body rugalmas anyagb\u00f3l, elasztikus fekete csipke bet\u00e9ttel a v\u00e1llak \u00e9s a dekolt\u00e1zs ter\u00fclet\u00e9n, alul patentos z\u00e1r\u00f3d\u00e1ssal. Latin \u00e9s standard t\u00e1ncok gyakorl\u00e1s\u00e1hoz kiv\u00e1l\u00f3 v\u00e1laszt\u00e1s, de ide\u00e1lis utcai viselet is lehet h\u00e9tk\u00f6znapi ruhadarabokkal kieg\u00e9sz\u00edtve.<\/p>\n<div class=\"modell-info\">A modell S-es m\u00e9retet visel<\/div>\n<h5>V\u00e1lassz m\u00e9retet!<\/h5>","protected":false},"featured_media":3076,"comment_status":"open","ping_status":"closed","template":"","meta":{"_surecart_dashboard_logo_width":"180px","_surecart_dashboard_show_logo":true,"_surecart_dashboard_navigation_orders":true,"_surecart_dashboard_navigation_subscriptions":true,"_surecart_dashboard_navigation_downloads":true,"_surecart_dashboard_navigation_billing":true,"_surecart_dashboard_navigation_account":true},"product_cat":[49,48],"product_tag":[],"giftcard-category":[],"class_list":{"0":"post-3075","1":"product","2":"type-product","3":"status-publish","4":"has-post-thumbnail","6":"product_cat-practice-wear-women","7":"product_cat-bodysuits","9":"first","10":"instock","11":"shipping-taxable","12":"purchasable","13":"product-type-variable"},"_links":{"self":[{"href":"https:\/\/noelino.eu\/hu\/wp-json\/wp\/v2\/product\/3075","targetHints":{"allow":["GET"]}}],"collection":[{"href":"https:\/\/noelino.eu\/hu\/wp-json\/wp\/v2\/product"}],"about":[{"href":"https:\/\/noelino.eu\/hu\/wp-json\/wp\/v2\/types\/product"}],"replies":[{"embeddable":true,"href":"https:\/\/noelino.eu\/hu\/wp-json\/wp\/v2\/comments?post=3075"}],"wp:featuredmedia":[{"embeddable":true,"href":"https:\/\/noelino.eu\/hu\/wp-json\/wp\/v2\/media\/3076"}],"wp:attachment":[{"href":"https:\/\/noelino.eu\/hu\/wp-json\/wp\/v2\/media?parent=3075"}],"wp:term":[{"taxonomy":"product_cat","embeddable":true,"href":"https:\/\/noelino.eu\/hu\/wp-json\/wp\/v2\/product_cat?post=3075"},{"taxonomy":"product_tag","embeddable":true,"href":"https:\/\/noelino.eu\/hu\/wp-json\/wp\/v2\/product_tag?post=3075"},{"taxonomy":"giftcard-category","embeddable":true,"href":"https:\/\/noelino.eu\/hu\/wp-json\/wp\/v2\/giftcard-category?post=3075"}],"curies":[{"name":"wp","href":"https:\/\/api.w.org\/{rel}","templated":true}]}}