{"id":3064,"date":"2024-11-28T16:05:15","date_gmt":"2024-11-28T16:05:15","guid":{"rendered":"http:\/\/noelino.eu\/?post_type=product&#038;p=3064"},"modified":"2026-01-01T20:20:55","modified_gmt":"2026-01-01T19:20:55","slug":"hana-bodysuit","status":"publish","type":"product","link":"https:\/\/noelino.eu\/hu\/termek\/hana-bodysuit\/","title":{"rendered":"HANA - body"},"content":{"rendered":"","protected":false},"excerpt":{"rendered":"<p>Ocelot mint\u00e1s, hossz\u00fa ujj\u00fa gyakorl\u00f3 body, elasztikus fekete t\u00fcll bet\u00e9ttel a dekolt\u00e1zs \u00e9s a v\u00e1llak ter\u00fclet\u00e9n, el\u00f6l \u00e9s h\u00e1tul. A gyakorl\u00f3 fels\u0151 alul patentos z\u00e1r\u00f3d\u00e1ssal rendelkezik. Latin \u00e9s standard t\u00e1ncok gyakorl\u00e1s\u00e1hoz kiv\u00e1l\u00f3 v\u00e1laszt\u00e1s, de ide\u00e1lis utcai viselet is lehet h\u00e9tk\u00f6znapi ruhadarabokkal kieg\u00e9sz\u00edtve.<\/p>\n<div class=\"modell-info\">A modell S-es m\u00e9retet visel<\/div>\n<h5>V\u00e1lassz m\u00e9retet!<\/h5>","protected":false},"featured_media":3065,"comment_status":"open","ping_status":"closed","template":"","meta":{"_surecart_dashboard_logo_width":"180px","_surecart_dashboard_show_logo":true,"_surecart_dashboard_navigation_orders":true,"_surecart_dashboard_navigation_subscriptions":true,"_surecart_dashboard_navigation_downloads":true,"_surecart_dashboard_navigation_billing":true,"_surecart_dashboard_navigation_account":true},"product_cat":[49,48],"product_tag":[],"giftcard-category":[],"class_list":{"0":"post-3064","1":"product","2":"type-product","3":"status-publish","4":"has-post-thumbnail","6":"product_cat-practice-wear-women","7":"product_cat-bodysuits","9":"first","10":"instock","11":"shipping-taxable","12":"purchasable","13":"product-type-variable"},"_links":{"self":[{"href":"https:\/\/noelino.eu\/hu\/wp-json\/wp\/v2\/product\/3064","targetHints":{"allow":["GET"]}}],"collection":[{"href":"https:\/\/noelino.eu\/hu\/wp-json\/wp\/v2\/product"}],"about":[{"href":"https:\/\/noelino.eu\/hu\/wp-json\/wp\/v2\/types\/product"}],"replies":[{"embeddable":true,"href":"https:\/\/noelino.eu\/hu\/wp-json\/wp\/v2\/comments?post=3064"}],"wp:featuredmedia":[{"embeddable":true,"href":"https:\/\/noelino.eu\/hu\/wp-json\/wp\/v2\/media\/3065"}],"wp:attachment":[{"href":"https:\/\/noelino.eu\/hu\/wp-json\/wp\/v2\/media?parent=3064"}],"wp:term":[{"taxonomy":"product_cat","embeddable":true,"href":"https:\/\/noelino.eu\/hu\/wp-json\/wp\/v2\/product_cat?post=3064"},{"taxonomy":"product_tag","embeddable":true,"href":"https:\/\/noelino.eu\/hu\/wp-json\/wp\/v2\/product_tag?post=3064"},{"taxonomy":"giftcard-category","embeddable":true,"href":"https:\/\/noelino.eu\/hu\/wp-json\/wp\/v2\/giftcard-category?post=3064"}],"curies":[{"name":"wp","href":"https:\/\/api.w.org\/{rel}","templated":true}]}}