{"id":4473,"date":"2026-01-02T01:30:33","date_gmt":"2026-01-02T00:30:33","guid":{"rendered":"https:\/\/noelino.eu\/?page_id=4473"},"modified":"2026-01-02T01:41:31","modified_gmt":"2026-01-02T00:41:31","slug":"about-us","status":"publish","type":"page","link":"https:\/\/noelino.eu\/hu\/about-us\/","title":{"rendered":"R\u00f3lunk"},"content":{"rendered":"<div data-elementor-type=\"wp-page\" data-elementor-id=\"4473\" class=\"elementor elementor-4473\">\n\t\t\t\t\t\t<section class=\"elementor-section elementor-top-section elementor-element elementor-element-4efca60d elementor-section-content-middle elementor-reverse-mobile elementor-section-boxed elementor-section-height-default elementor-section-height-default\" data-id=\"4efca60d\" data-element_type=\"section\" data-settings=\"{&quot;background_background&quot;:&quot;classic&quot;}\">\n\t\t\t\t\t\t<div class=\"elementor-container elementor-column-gap-no\">\n\t\t\t\t\t<div class=\"elementor-column elementor-col-50 elementor-top-column elementor-element elementor-element-3aefae82\" data-id=\"3aefae82\" data-element_type=\"column\">\n\t\t\t<div class=\"elementor-widget-wrap elementor-element-populated\">\n\t\t\t\t\t\t<div class=\"elementor-element elementor-element-15933423 elementor-widget elementor-widget-image\" data-id=\"15933423\" data-element_type=\"widget\" data-widget_type=\"image.default\">\n\t\t\t\t<div class=\"elementor-widget-container\">\n\t\t\t\t\t\t\t\t\t\t\t\t\t<img fetchpriority=\"high\" decoding=\"async\" width=\"1517\" height=\"2000\" src=\"https:\/\/noelino.eu\/wp-content\/uploads\/2026\/01\/Kiss-Noel-NOELINO-Bridal-Couture.jpg\" class=\"attachment-full size-full wp-image-4483\" alt=\"\" srcset=\"https:\/\/noelino.eu\/wp-content\/uploads\/2026\/01\/Kiss-Noel-NOELINO-Bridal-Couture.jpg 1517w, https:\/\/noelino.eu\/wp-content\/uploads\/2026\/01\/Kiss-Noel-NOELINO-Bridal-Couture-228x300.jpg 228w, https:\/\/noelino.eu\/wp-content\/uploads\/2026\/01\/Kiss-Noel-NOELINO-Bridal-Couture-777x1024.jpg 777w, https:\/\/noelino.eu\/wp-content\/uploads\/2026\/01\/Kiss-Noel-NOELINO-Bridal-Couture-768x1013.jpg 768w, https:\/\/noelino.eu\/wp-content\/uploads\/2026\/01\/Kiss-Noel-NOELINO-Bridal-Couture-1165x1536.jpg 1165w, https:\/\/noelino.eu\/wp-content\/uploads\/2026\/01\/Kiss-Noel-NOELINO-Bridal-Couture-9x12.jpg 9w, https:\/\/noelino.eu\/wp-content\/uploads\/2026\/01\/Kiss-Noel-NOELINO-Bridal-Couture-1140x1503.jpg 1140w, https:\/\/noelino.eu\/wp-content\/uploads\/2026\/01\/Kiss-Noel-NOELINO-Bridal-Couture-920x1213.jpg 920w, https:\/\/noelino.eu\/wp-content\/uploads\/2026\/01\/Kiss-Noel-NOELINO-Bridal-Couture-575x758.jpg 575w, https:\/\/noelino.eu\/wp-content\/uploads\/2026\/01\/Kiss-Noel-NOELINO-Bridal-Couture-380x501.jpg 380w, https:\/\/noelino.eu\/wp-content\/uploads\/2026\/01\/Kiss-Noel-NOELINO-Bridal-Couture-420x554.jpg 420w, https:\/\/noelino.eu\/wp-content\/uploads\/2026\/01\/Kiss-Noel-NOELINO-Bridal-Couture-800x1055.jpg 800w, https:\/\/noelino.eu\/wp-content\/uploads\/2026\/01\/Kiss-Noel-NOELINO-Bridal-Couture-76x100.jpg 76w\" sizes=\"(max-width: 1517px) 100vw, 1517px\" \/>\t\t\t\t\t\t\t\t\t\t\t\t\t<\/div>\n\t\t\t\t<\/div>\n\t\t\t\t<div class=\"elementor-element elementor-element-22979cdf elementor-widget elementor-widget-spacer\" data-id=\"22979cdf\" data-element_type=\"widget\" data-widget_type=\"spacer.default\">\n\t\t\t\t<div class=\"elementor-widget-container\">\n\t\t\t\t\t<div class=\"elementor-spacer\">\n\t\t\t<div class=\"elementor-spacer-inner\"><\/div>\n\t\t<\/div>\n\t\t\t\t<\/div>\n\t\t\t\t<\/div>\n\t\t\t\t<div class=\"elementor-element elementor-element-4ed6d74e elementor-widget elementor-widget-text-editor\" data-id=\"4ed6d74e\" data-element_type=\"widget\" data-widget_type=\"text-editor.default\">\n\t\t\t\t<div class=\"elementor-widget-container\">\n\t\t\t\t\t\t\t<p>A mi kollekci\u00f3nkban nem tal\u00e1lsz m\u00e1solatot, mivel a Noelino minden t\u00e1ncos egy\u00e9nis\u00e9g\u00e9t felkarolja. Nincs k\u00e9t egyforma darab, t\u00fckr\u00f6zve a t\u00e1ncos k\u00f6z\u00f6ss\u00e9g sokf\u00e9le szem\u00e9lyis\u00e9g\u00e9t \u00e9s l\u00e1t\u00e1sm\u00f3dj\u00e1t.<\/p><p>A Noelino vonzerej\u00e9nek kulcsa ebben az egyedis\u00e9gben rejlik &#8211; ez az \u00edg\u00e9ret, hogy ha olyan t\u00e1ncruham\u00e1rk\u00e1t keresel, amely meg\u00e9rti a mozg\u00e1s \u00e1rnyalatait \u00e9s egy\u00e9ni kiv\u00e1l\u00f3s\u00e1gra t\u00f6rekszik, a Noelino a te m\u00e1rk\u00e1d.<\/p>\t\t\t\t\t\t<\/div>\n\t\t\t\t<\/div>\n\t\t\t\t<div class=\"elementor-element elementor-element-7a409e5b animated-slow elementor-absolute elementor-invisible elementor-widget elementor-widget-heading\" data-id=\"7a409e5b\" data-element_type=\"widget\" data-settings=\"{&quot;_animation&quot;:&quot;fadeInUp&quot;,&quot;_animation_delay&quot;:100,&quot;_position&quot;:&quot;absolute&quot;}\" data-widget_type=\"heading.default\">\n\t\t\t\t<div class=\"elementor-widget-container\">\n\t\t\t<h2 class=\"elementor-heading-title elementor-size-default\">Kiss Noel<\/h2>\t\t<\/div>\n\t\t\t\t<\/div>\n\t\t\t\t\t<\/div>\n\t\t<\/div>\n\t\t\t\t<div class=\"elementor-column elementor-col-50 elementor-top-column elementor-element elementor-element-7a417ffd\" data-id=\"7a417ffd\" data-element_type=\"column\">\n\t\t\t<div class=\"elementor-widget-wrap elementor-element-populated\">\n\t\t\t\t\t\t<div class=\"elementor-element elementor-element-61b4715e animated-slow elementor-invisible elementor-widget elementor-widget-heading\" data-id=\"61b4715e\" data-element_type=\"widget\" data-settings=\"{&quot;_animation&quot;:&quot;fadeInUp&quot;,&quot;_animation_delay&quot;:100}\" data-widget_type=\"heading.default\">\n\t\t\t\t<div class=\"elementor-widget-container\">\n\t\t\t<h2 class=\"elementor-heading-title elementor-size-default translation-block\">Mindig a<br>v\u00e1gy gy\u0151z<\/h2>\t\t<\/div>\n\t\t\t\t<\/div>\n\t\t\t\t<div class=\"elementor-element elementor-element-25c43165 elementor-widget elementor-widget-text-editor\" data-id=\"25c43165\" data-element_type=\"widget\" data-widget_type=\"text-editor.default\">\n\t\t\t\t<div class=\"elementor-widget-container\">\n\t\t\t\t\t\t\t<p>Kiss Noel, a Noelino Dance Couture kreat\u00edv ereje a t\u00e1nc vibr\u00e1l\u00f3 vil\u00e1g\u00e1b\u00f3l emelkedik ki, mint egykori magyar latin t\u00e1ncbajnok. A t\u00e1ncparkett bens\u0151s\u00e9ges ismerete lehet\u0151v\u00e9 teszi sz\u00e1m\u00e1ra, hogy szakszer\u0171en hangs\u00falyozza a t\u00e1ncos test\u00e9t, \u00e9s olyan testre szabott darabokat hozzon l\u00e9tre, amelyek l\u00e1tv\u00e1nyos jelenl\u00e9tet \u00edg\u00e9rnek a t\u00e1ncparketten. A Noelino-n\u00e1l minden ruha egyedi remekm\u0171, amely harmoniz\u00e1l a t\u00e1ncos szem\u00e9lyis\u00e9g\u00e9vel \u00e9s elk\u00e9pzel\u00e9s\u00e9vel, \u00edgy biztos\u00edtva az elegancia \u00e9s az egy\u00e9nis\u00e9g p\u00e1ratlan \u00f6tv\u00f6zet\u00e9t. \u00dcdv\u00f6zl\u00fcnk a t\u00e1nc \u00e9s a couture metsz\u00e9spontj\u00e1ban, ahol a Noelino a mozg\u00e1st m\u0171v\u00e9szett\u00e9 v\u00e1ltoztatja.<\/p>\t\t\t\t\t\t<\/div>\n\t\t\t\t<\/div>\n\t\t\t\t<div class=\"elementor-element elementor-element-32950bb3 elementor-widget elementor-widget-spacer\" data-id=\"32950bb3\" data-element_type=\"widget\" data-widget_type=\"spacer.default\">\n\t\t\t\t<div class=\"elementor-widget-container\">\n\t\t\t\t\t<div class=\"elementor-spacer\">\n\t\t\t<div class=\"elementor-spacer-inner\"><\/div>\n\t\t<\/div>\n\t\t\t\t<\/div>\n\t\t\t\t<\/div>\n\t\t\t\t<div class=\"elementor-element elementor-element-32cdb255 elementor-hidden-mobile elementor-widget elementor-widget-image\" data-id=\"32cdb255\" data-element_type=\"widget\" data-widget_type=\"image.default\">\n\t\t\t\t<div class=\"elementor-widget-container\">\n\t\t\t\t\t\t\t\t\t\t\t\t\t<img decoding=\"async\" width=\"2560\" height=\"1707\" src=\"https:\/\/noelino.eu\/wp-content\/uploads\/2026\/01\/23MB4189-scaled-1.jpg\" class=\"attachment-full size-full wp-image-4484\" alt=\"\" srcset=\"https:\/\/noelino.eu\/wp-content\/uploads\/2026\/01\/23MB4189-scaled-1.jpg 2560w, https:\/\/noelino.eu\/wp-content\/uploads\/2026\/01\/23MB4189-scaled-1-300x200.jpg 300w, https:\/\/noelino.eu\/wp-content\/uploads\/2026\/01\/23MB4189-scaled-1-1024x683.jpg 1024w, https:\/\/noelino.eu\/wp-content\/uploads\/2026\/01\/23MB4189-scaled-1-768x512.jpg 768w, https:\/\/noelino.eu\/wp-content\/uploads\/2026\/01\/23MB4189-scaled-1-1536x1024.jpg 1536w, https:\/\/noelino.eu\/wp-content\/uploads\/2026\/01\/23MB4189-scaled-1-2048x1366.jpg 2048w, https:\/\/noelino.eu\/wp-content\/uploads\/2026\/01\/23MB4189-scaled-1-18x12.jpg 18w, https:\/\/noelino.eu\/wp-content\/uploads\/2026\/01\/23MB4189-scaled-1-1140x760.jpg 1140w, https:\/\/noelino.eu\/wp-content\/uploads\/2026\/01\/23MB4189-scaled-1-920x613.jpg 920w, https:\/\/noelino.eu\/wp-content\/uploads\/2026\/01\/23MB4189-scaled-1-575x383.jpg 575w, https:\/\/noelino.eu\/wp-content\/uploads\/2026\/01\/23MB4189-scaled-1-380x253.jpg 380w, https:\/\/noelino.eu\/wp-content\/uploads\/2026\/01\/23MB4189-scaled-1-420x280.jpg 420w, https:\/\/noelino.eu\/wp-content\/uploads\/2026\/01\/23MB4189-scaled-1-800x533.jpg 800w, https:\/\/noelino.eu\/wp-content\/uploads\/2026\/01\/23MB4189-scaled-1-80x53.jpg 80w\" sizes=\"(max-width: 2560px) 100vw, 2560px\" \/>\t\t\t\t\t\t\t\t\t\t\t\t\t<\/div>\n\t\t\t\t<\/div>\n\t\t\t\t\t<\/div>\n\t\t<\/div>\n\t\t\t\t\t<\/div>\n\t\t<\/section>\n\t\t\t\t<section class=\"elementor-section elementor-top-section elementor-element elementor-element-56545360 elementor-section-boxed elementor-section-height-default elementor-section-height-default\" data-id=\"56545360\" data-element_type=\"section\" data-settings=\"{&quot;background_background&quot;:&quot;classic&quot;}\">\n\t\t\t\t\t\t<div class=\"elementor-container elementor-column-gap-no\">\n\t\t\t\t\t<div class=\"elementor-column elementor-col-100 elementor-top-column elementor-element elementor-element-1da73dcb\" data-id=\"1da73dcb\" data-element_type=\"column\">\n\t\t\t<div class=\"elementor-widget-wrap elementor-element-populated\">\n\t\t\t\t\t\t<div class=\"elementor-element elementor-element-23e0673a animated-slow elementor-hidden-mobile elementor-invisible elementor-widget elementor-widget-heading\" data-id=\"23e0673a\" data-element_type=\"widget\" data-settings=\"{&quot;_animation&quot;:&quot;fadeInUp&quot;,&quot;_animation_delay&quot;:100}\" data-widget_type=\"heading.default\">\n\t\t\t\t<div class=\"elementor-widget-container\">\n\t\t\t<h3 class=\"elementor-heading-title elementor-size-default translation-block\">Egyedi Noelino versenyt\u00e1nc ruha tervez\u00e9s\u00e9rt <br>vedd fel vel\u00fcnk a kapcsolatot!<\/h3>\t\t<\/div>\n\t\t\t\t<\/div>\n\t\t\t\t<div class=\"elementor-element elementor-element-1d60812d animated-slow elementor-hidden-desktop elementor-hidden-tablet elementor-invisible elementor-widget elementor-widget-heading\" data-id=\"1d60812d\" data-element_type=\"widget\" data-settings=\"{&quot;_animation&quot;:&quot;fadeInUp&quot;,&quot;_animation_delay&quot;:100}\" data-widget_type=\"heading.default\">\n\t\t\t\t<div class=\"elementor-widget-container\">\n\t\t\t<h3 class=\"elementor-heading-title elementor-size-default\">Feel free to reach out if you're interested in having personalized NOELINO dancewear designed just for you!<\/h3>\t\t<\/div>\n\t\t\t\t<\/div>\n\t\t\t\t<div class=\"elementor-element elementor-element-551d3a73 elementor-align-center elementor-mobile-align-justify animated-slow elementor-invisible elementor-widget elementor-widget-button\" data-id=\"551d3a73\" data-element_type=\"widget\" data-settings=\"{&quot;_animation&quot;:&quot;fadeIn&quot;,&quot;_animation_delay&quot;:500}\" data-widget_type=\"button.default\">\n\t\t\t\t<div class=\"elementor-widget-container\">\n\t\t\t\t\t\t\t<div class=\"elementor-button-wrapper\">\n\t\t\t\t\t<a class=\"elementor-button elementor-button-link elementor-size-sm\" href=\"https:\/\/noelino.eu\/hu\/contact\/\">\n\t\t\t\t\t\t<span class=\"elementor-button-content-wrapper\">\n\t\t\t\t\t\t\t\t\t<span class=\"elementor-button-text\">\u00cdrj nek\u00fcnk!<\/span>\n\t\t\t\t\t<\/span>\n\t\t\t\t\t<\/a>\n\t\t\t\t<\/div>\n\t\t\t\t\t\t<\/div>\n\t\t\t\t<\/div>\n\t\t\t\t\t<\/div>\n\t\t<\/div>\n\t\t\t\t\t<\/div>\n\t\t<\/section>\n\t\t\t\t<\/div>","protected":false},"excerpt":{"rendered":"<p>In our collection, you won&#8217;t find replication, as Noelino embraces the individuality of each dancer. No two pieces are the same, mirroring the diverse personalities and visions that grace the [&hellip;]<\/p>","protected":false},"author":1,"featured_media":0,"parent":0,"menu_order":0,"comment_status":"closed","ping_status":"closed","template":"","meta":{"_surecart_dashboard_logo_width":"180px","_surecart_dashboard_show_logo":true,"_surecart_dashboard_navigation_orders":true,"_surecart_dashboard_navigation_subscriptions":true,"_surecart_dashboard_navigation_downloads":true,"_surecart_dashboard_navigation_billing":true,"_surecart_dashboard_navigation_account":true,"footnotes":""},"categories":[],"tags":[],"class_list":["post-4473","page","type-page","status-publish","hentry"],"_links":{"self":[{"href":"https:\/\/noelino.eu\/hu\/wp-json\/wp\/v2\/pages\/4473","targetHints":{"allow":["GET"]}}],"collection":[{"href":"https:\/\/noelino.eu\/hu\/wp-json\/wp\/v2\/pages"}],"about":[{"href":"https:\/\/noelino.eu\/hu\/wp-json\/wp\/v2\/types\/page"}],"author":[{"embeddable":true,"href":"https:\/\/noelino.eu\/hu\/wp-json\/wp\/v2\/users\/1"}],"replies":[{"embeddable":true,"href":"https:\/\/noelino.eu\/hu\/wp-json\/wp\/v2\/comments?post=4473"}],"version-history":[{"count":16,"href":"https:\/\/noelino.eu\/hu\/wp-json\/wp\/v2\/pages\/4473\/revisions"}],"predecessor-version":[{"id":4507,"href":"https:\/\/noelino.eu\/hu\/wp-json\/wp\/v2\/pages\/4473\/revisions\/4507"}],"wp:attachment":[{"href":"https:\/\/noelino.eu\/hu\/wp-json\/wp\/v2\/media?parent=4473"}],"wp:term":[{"taxonomy":"category","embeddable":true,"href":"https:\/\/noelino.eu\/hu\/wp-json\/wp\/v2\/categories?post=4473"},{"taxonomy":"post_tag","embeddable":true,"href":"https:\/\/noelino.eu\/hu\/wp-json\/wp\/v2\/tags?post=4473"}],"curies":[{"name":"wp","href":"https:\/\/api.w.org\/{rel}","templated":true}]}}