{"id":4458,"date":"2026-01-02T01:21:56","date_gmt":"2026-01-02T00:21:56","guid":{"rendered":"https:\/\/noelino.eu\/?page_id=4458"},"modified":"2026-01-05T14:59:16","modified_gmt":"2026-01-05T13:59:16","slug":"ambassadors","status":"publish","type":"page","link":"https:\/\/noelino.eu\/hu\/ambassadors\/","title":{"rendered":"Nagyk\u00f6vetek"},"content":{"rendered":"<div data-elementor-type=\"wp-page\" data-elementor-id=\"4458\" class=\"elementor elementor-4458\">\n\t\t\t\t\t\t<section class=\"elementor-section elementor-top-section elementor-element elementor-element-720ef088 elementor-section-full_width elementor-section-items-stretch elementor-section-stretched elementor-section-height-full elementor-section-height-default\" data-id=\"720ef088\" data-element_type=\"section\" data-settings=\"{&quot;stretch_section&quot;:&quot;section-stretched&quot;}\">\n\t\t\t\t\t\t<div class=\"elementor-container elementor-column-gap-default\">\n\t\t\t\t\t<div class=\"elementor-column elementor-col-50 elementor-top-column elementor-element elementor-element-5d5011e2\" data-id=\"5d5011e2\" data-element_type=\"column\" data-settings=\"{&quot;background_background&quot;:&quot;classic&quot;}\">\n\t\t\t<div class=\"elementor-widget-wrap elementor-element-populated\">\n\t\t\t\t\t\t<div class=\"elementor-element elementor-element-327d32cc elementor-widget elementor-widget-spacer\" data-id=\"327d32cc\" data-element_type=\"widget\" data-widget_type=\"spacer.default\">\n\t\t\t\t<div class=\"elementor-widget-container\">\n\t\t\t\t\t<div class=\"elementor-spacer\">\n\t\t\t<div class=\"elementor-spacer-inner\"><\/div>\n\t\t<\/div>\n\t\t\t\t<\/div>\n\t\t\t\t<\/div>\n\t\t\t\t\t<\/div>\n\t\t<\/div>\n\t\t\t\t<div class=\"elementor-column elementor-col-50 elementor-top-column elementor-element elementor-element-705474f0\" data-id=\"705474f0\" data-element_type=\"column\">\n\t\t\t<div class=\"elementor-widget-wrap elementor-element-populated\">\n\t\t\t\t\t\t<div class=\"elementor-element elementor-element-5ff0d9ee animated-slow elementor-invisible elementor-widget elementor-widget-image\" data-id=\"5ff0d9ee\" data-element_type=\"widget\" data-settings=\"{&quot;_animation&quot;:&quot;fadeInDown&quot;,&quot;_animation_delay&quot;:100}\" data-widget_type=\"image.default\">\n\t\t\t\t<div class=\"elementor-widget-container\">\n\t\t\t\t\t\t\t\t\t\t\t\t\t<img fetchpriority=\"high\" decoding=\"async\" width=\"512\" height=\"512\" src=\"https:\/\/noelino.eu\/wp-content\/uploads\/2026\/01\/quotes-01.png\" class=\"attachment-full size-full wp-image-4461\" alt=\"\" srcset=\"https:\/\/noelino.eu\/wp-content\/uploads\/2026\/01\/quotes-01.png 512w, https:\/\/noelino.eu\/wp-content\/uploads\/2026\/01\/quotes-01-300x300.png 300w, https:\/\/noelino.eu\/wp-content\/uploads\/2026\/01\/quotes-01-150x150.png 150w, https:\/\/noelino.eu\/wp-content\/uploads\/2026\/01\/quotes-01-12x12.png 12w, https:\/\/noelino.eu\/wp-content\/uploads\/2026\/01\/quotes-01-380x380.png 380w, https:\/\/noelino.eu\/wp-content\/uploads\/2026\/01\/quotes-01-420x420.png 420w, https:\/\/noelino.eu\/wp-content\/uploads\/2026\/01\/quotes-01-100x100.png 100w, https:\/\/noelino.eu\/wp-content\/uploads\/2026\/01\/quotes-01-80x80.png 80w\" sizes=\"(max-width: 512px) 100vw, 512px\" \/>\t\t\t\t\t\t\t\t\t\t\t\t\t<\/div>\n\t\t\t\t<\/div>\n\t\t\t\t<div class=\"elementor-element elementor-element-3794d2f1 animated-slow elementor-invisible elementor-widget elementor-widget-heading\" data-id=\"3794d2f1\" data-element_type=\"widget\" data-settings=\"{&quot;_animation&quot;:&quot;fadeInUp&quot;,&quot;_animation_delay&quot;:100}\" data-widget_type=\"heading.default\">\n\t\t\t\t<div class=\"elementor-widget-container\">\n\t\t\t<h2 class=\"elementor-heading-title elementor-size-default\">Ismerd meg bajnok nagyk\u00f6veteinket, Hidi Bal\u00e1zst \u00e9s Kis Violett\u00e1t - akik Magyarorsz\u00e1gon \u00e9s nemzetk\u00f6zi szinten is kiemelked\u0151 eredm\u00e9nyeikr\u0151l ismertek.<\/h2>\t\t<\/div>\n\t\t\t\t<\/div>\n\t\t\t\t<div class=\"elementor-element elementor-element-417da4d animated-slow elementor-invisible elementor-widget elementor-widget-heading\" data-id=\"417da4d\" data-element_type=\"widget\" data-settings=\"{&quot;_animation&quot;:&quot;fadeInUp&quot;,&quot;_animation_delay&quot;:100}\" data-widget_type=\"heading.default\">\n\t\t\t\t<div class=\"elementor-widget-container\">\n\t\t\t<h2 class=\"elementor-heading-title elementor-size-default\">Hozz\u00e1\u00e1ll\u00e1suk a Noelino l\u00e9nyeg\u00e9t t\u00fckr\u00f6zi, kecsess\u00e9get \u00e9s precizit\u00e1st mutatva a t\u00e1ncparketten. Elk\u00e9peszt\u0151 \u00e9s egyedi st\u00edlusuk, p\u00e1rosulva p\u00e1ratlan szak\u00e9rtelemmel, nemcsak megk\u00fcl\u00f6nb\u00f6zteti \u0151ket, hanem igazi inspir\u00e1ci\u00f3k\u00e9nt szolg\u00e1l a Noelino Dance Couture sz\u00e1m\u00e1ra. Bal\u00e1zs \u00e9s Violetta a kiv\u00e1l\u00f3s\u00e1g szellem\u00e9t testes\u00edtik meg, amely tov\u00e1bbra is form\u00e1lja \u00e9s felemeli a t\u00e1nc vil\u00e1g\u00e1t.<\/h2>\t\t<\/div>\n\t\t\t\t<\/div>\n\t\t\t\t<div class=\"elementor-element elementor-element-1d25a1fb animated-slow elementor-invisible elementor-widget elementor-widget-heading\" data-id=\"1d25a1fb\" data-element_type=\"widget\" data-settings=\"{&quot;_animation&quot;:&quot;fadeInUp&quot;,&quot;_animation_delay&quot;:100}\" data-widget_type=\"heading.default\">\n\t\t\t\t<div class=\"elementor-widget-container\">\n\t\t\t<h2 class=\"elementor-heading-title elementor-size-default translation-block\">Hidi Bal\u00e1zs<br>\u00e9s Kis Violetta<\/h2>\t\t<\/div>\n\t\t\t\t<\/div>\n\t\t\t\t\t<\/div>\n\t\t<\/div>\n\t\t\t\t\t<\/div>\n\t\t<\/section>\n\t\t\t\t<\/div>","protected":false},"excerpt":{"rendered":"<p>Meet our ambassador dance champions, Bal\u00e1zs Hidi and Violetta Kis \u2014renowned for their stellar achievements in Hungary and internationally. Their attitude mirrors the essence of Noelino, showcasing grace and precision [&hellip;]<\/p>","protected":false},"author":1,"featured_media":0,"parent":0,"menu_order":0,"comment_status":"closed","ping_status":"closed","template":"","meta":{"_surecart_dashboard_logo_width":"180px","_surecart_dashboard_show_logo":true,"_surecart_dashboard_navigation_orders":true,"_surecart_dashboard_navigation_subscriptions":true,"_surecart_dashboard_navigation_downloads":true,"_surecart_dashboard_navigation_billing":true,"_surecart_dashboard_navigation_account":true,"footnotes":""},"categories":[],"tags":[],"class_list":["post-4458","page","type-page","status-publish","hentry"],"_links":{"self":[{"href":"https:\/\/noelino.eu\/hu\/wp-json\/wp\/v2\/pages\/4458","targetHints":{"allow":["GET"]}}],"collection":[{"href":"https:\/\/noelino.eu\/hu\/wp-json\/wp\/v2\/pages"}],"about":[{"href":"https:\/\/noelino.eu\/hu\/wp-json\/wp\/v2\/types\/page"}],"author":[{"embeddable":true,"href":"https:\/\/noelino.eu\/hu\/wp-json\/wp\/v2\/users\/1"}],"replies":[{"embeddable":true,"href":"https:\/\/noelino.eu\/hu\/wp-json\/wp\/v2\/comments?post=4458"}],"version-history":[{"count":10,"href":"https:\/\/noelino.eu\/hu\/wp-json\/wp\/v2\/pages\/4458\/revisions"}],"predecessor-version":[{"id":4703,"href":"https:\/\/noelino.eu\/hu\/wp-json\/wp\/v2\/pages\/4458\/revisions\/4703"}],"wp:attachment":[{"href":"https:\/\/noelino.eu\/hu\/wp-json\/wp\/v2\/media?parent=4458"}],"wp:term":[{"taxonomy":"category","embeddable":true,"href":"https:\/\/noelino.eu\/hu\/wp-json\/wp\/v2\/categories?post=4458"},{"taxonomy":"post_tag","embeddable":true,"href":"https:\/\/noelino.eu\/hu\/wp-json\/wp\/v2\/tags?post=4458"}],"curies":[{"name":"wp","href":"https:\/\/api.w.org\/{rel}","templated":true}]}}