{"id":4041,"date":"2024-12-02T10:10:37","date_gmt":"2024-12-02T10:10:37","guid":{"rendered":"http:\/\/noelino.eu\/impresszum-copy\/"},"modified":"2026-01-02T11:05:09","modified_gmt":"2026-01-02T10:05:09","slug":"shipping-policy","status":"publish","type":"page","link":"https:\/\/noelino.eu\/hu\/shipping-policy\/","title":{"rendered":"Sz\u00e1ll\u00edt\u00e1si felt\u00e9telek"},"content":{"rendered":"<div data-elementor-type=\"wp-page\" data-elementor-id=\"4041\" class=\"elementor elementor-4041\">\n\t\t\t\t\t\t<section class=\"elementor-section elementor-top-section elementor-element elementor-element-4091e3e elementor-section-height-min-height elementor-section-items-top elementor-section-boxed elementor-section-height-default\" data-id=\"4091e3e\" data-element_type=\"section\" data-settings=\"{&quot;background_background&quot;:&quot;classic&quot;}\">\n\t\t\t\t\t\t<div class=\"elementor-container elementor-column-gap-default\">\n\t\t\t\t\t<div class=\"elementor-column elementor-col-100 elementor-top-column elementor-element elementor-element-8815905\" data-id=\"8815905\" data-element_type=\"column\">\n\t\t\t<div class=\"elementor-widget-wrap elementor-element-populated\">\n\t\t\t\t\t\t<div class=\"elementor-element elementor-element-9ccd101 animated-slow elementor-invisible elementor-widget elementor-widget-heading\" data-id=\"9ccd101\" data-element_type=\"widget\" data-settings=\"{&quot;_animation&quot;:&quot;fadeInUp&quot;,&quot;_animation_delay&quot;:100}\" data-widget_type=\"heading.default\">\n\t\t\t\t<div class=\"elementor-widget-container\">\n\t\t\t<h2 class=\"elementor-heading-title elementor-size-default\">Sz\u00e1ll\u00edt\u00e1si felt\u00e9telek<\/h2>\t\t<\/div>\n\t\t\t\t<\/div>\n\t\t\t\t<div class=\"elementor-element elementor-element-613f0a5 elementor-widget elementor-widget-text-editor\" data-id=\"613f0a5\" data-element_type=\"widget\" data-widget_type=\"text-editor.default\">\n\t\t\t\t<div class=\"elementor-widget-container\">\n\t\t\t\t\t\t\t<h4>RENDEL\u00c9SEK FELDOLGOZ\u00c1SA<\/h4><p>A leadott megrendel\u00e9seket 48 \u00f3r\u00e1n bel\u00fcl feldolgozzuk.<\/p><h4>SZ\u00c1LL\u00cdT\u00c1SI ID\u0150<\/h4><p>A sz\u00e1ll\u00edt\u00e1si id\u0151 2-6 munkanap, ha a sz\u00e1ll\u00edt\u00e1s enn\u00e9l t\u00f6bb id\u0151t venne ig\u00e9nybe, vagy a term\u00e9k \u00e9pp nincsen rakt\u00e1ron, e-mailben \u00e9rtes\u00edt\u00fcnk.<\/p><h4>SZ\u00c1LL\u00cdT\u00c1SI K\u00d6LTS\u00c9G<\/h4><p><em>H\u00e1zhozsz\u00e1ll\u00edt\u00e1s fut\u00e1rszolg\u00e1lattal (Magyarorsz\u00e1g):<br \/><\/em>A term\u00e9k az MPL seg\u00edts\u00e9g\u00e9vel \u00e9r el \u00d6nh\u00f6z. A sz\u00e1ll\u00edt\u00e1s d\u00edja: 1950 Ft\/csomag (brutt\u00f3) vagy 5 EUR\/csomag.<\/p><p><em>H\u00e1zhozsz\u00e1ll\u00edt\u00e1s fut\u00e1rszolg\u00e1lattal (Eur\u00f3pai Uni\u00f3):<br \/><\/em>A term\u00e9k az MPL seg\u00edts\u00e9g\u00e9vel \u00e9r el \u00d6nh\u00f6z. A sz\u00e1ll\u00edt\u00e1s d\u00edja: 9750Ft\/csomag (brutt\u00f3) vagy 25 EUR\/csomag.<\/p><p><em>Foxpost csomagautomata (Magyarorsz\u00e1g):<br \/><\/em>A term\u00e9k a Foxpost seg\u00edts\u00e9g\u00e9vel \u00e9r el az \u00d6n \u00e1ltal kiv\u00e1lasztott Foxpost csomagautomat\u00e1ba. A sz\u00e1ll\u00edt\u00e1s d\u00edja: 1150Ft\/csomag (brutt\u00f3) vagy 2,95 EUR\/csomag.<\/p><p><em>MPL csomagautomata (Magyarorsz\u00e1g):<br \/><\/em>A term\u00e9k az MPL seg\u00edts\u00e9g\u00e9vel \u00e9r el az \u00d6n \u00e1ltal kiv\u00e1lasztott MPL csomagautomat\u00e1ba. A sz\u00e1ll\u00edt\u00e1s d\u00edja: 990Ft\/csomag (brutt\u00f3) vagy 2,55 EUR\/csomag.<\/p><p><em>MPL PostaPont \/ Partner (Magyarorsz\u00e1g):<br \/><\/em>A term\u00e9k az MPL seg\u00edts\u00e9g\u00e9vel \u00e9r el az \u00d6n \u00e1ltal kiv\u00e1lasztott MPL Pontra. A sz\u00e1ll\u00edt\u00e1s d\u00edja: 990Ft\/csomag (brutt\u00f3) vagy 2,55 EUR\/csomag.<\/p>\t\t\t\t\t\t<\/div>\n\t\t\t\t<\/div>\n\t\t\t\t\t<\/div>\n\t\t<\/div>\n\t\t\t\t\t<\/div>\n\t\t<\/section>\n\t\t\t\t<\/div>","protected":false},"excerpt":{"rendered":"<p>Shipping policy ORDER PROCESSING Orders placed will be processed within 48 hours. DELIVERY TIME The delivery time is 2\u20136 business days. If delivery requires more time or the product is [&hellip;]<\/p>","protected":false},"author":1,"featured_media":0,"parent":0,"menu_order":0,"comment_status":"closed","ping_status":"closed","template":"elementor_header_footer","meta":{"_surecart_dashboard_logo_width":"180px","_surecart_dashboard_show_logo":true,"_surecart_dashboard_navigation_orders":true,"_surecart_dashboard_navigation_subscriptions":true,"_surecart_dashboard_navigation_downloads":true,"_surecart_dashboard_navigation_billing":true,"_surecart_dashboard_navigation_account":true,"footnotes":""},"categories":[],"tags":[],"class_list":["post-4041","page","type-page","status-publish","hentry"],"_links":{"self":[{"href":"https:\/\/noelino.eu\/hu\/wp-json\/wp\/v2\/pages\/4041","targetHints":{"allow":["GET"]}}],"collection":[{"href":"https:\/\/noelino.eu\/hu\/wp-json\/wp\/v2\/pages"}],"about":[{"href":"https:\/\/noelino.eu\/hu\/wp-json\/wp\/v2\/types\/page"}],"author":[{"embeddable":true,"href":"https:\/\/noelino.eu\/hu\/wp-json\/wp\/v2\/users\/1"}],"replies":[{"embeddable":true,"href":"https:\/\/noelino.eu\/hu\/wp-json\/wp\/v2\/comments?post=4041"}],"version-history":[{"count":23,"href":"https:\/\/noelino.eu\/hu\/wp-json\/wp\/v2\/pages\/4041\/revisions"}],"predecessor-version":[{"id":4658,"href":"https:\/\/noelino.eu\/hu\/wp-json\/wp\/v2\/pages\/4041\/revisions\/4658"}],"wp:attachment":[{"href":"https:\/\/noelino.eu\/hu\/wp-json\/wp\/v2\/media?parent=4041"}],"wp:term":[{"taxonomy":"category","embeddable":true,"href":"https:\/\/noelino.eu\/hu\/wp-json\/wp\/v2\/categories?post=4041"},{"taxonomy":"post_tag","embeddable":true,"href":"https:\/\/noelino.eu\/hu\/wp-json\/wp\/v2\/tags?post=4041"}],"curies":[{"name":"wp","href":"https:\/\/api.w.org\/{rel}","templated":true}]}}