{"id":2418,"date":"2023-09-29T14:29:25","date_gmt":"2023-09-29T14:29:25","guid":{"rendered":"http:\/\/noelino.eu\/bridal-couture-impresszum-copy\/"},"modified":"2026-01-02T00:20:28","modified_gmt":"2026-01-01T23:20:28","slug":"legal-notice","status":"publish","type":"page","link":"https:\/\/noelino.eu\/hu\/legal-notice\/","title":{"rendered":"Impresszum"},"content":{"rendered":"<div data-elementor-type=\"wp-page\" data-elementor-id=\"2418\" class=\"elementor elementor-2418\">\n\t\t\t\t\t\t<section class=\"elementor-section elementor-top-section elementor-element elementor-element-4091e3e elementor-section-height-min-height elementor-section-items-top elementor-section-boxed elementor-section-height-default\" data-id=\"4091e3e\" data-element_type=\"section\" data-settings=\"{&quot;background_background&quot;:&quot;classic&quot;}\">\n\t\t\t\t\t\t<div class=\"elementor-container elementor-column-gap-default\">\n\t\t\t\t\t<div class=\"elementor-column elementor-col-100 elementor-top-column elementor-element elementor-element-8815905\" data-id=\"8815905\" data-element_type=\"column\">\n\t\t\t<div class=\"elementor-widget-wrap elementor-element-populated\">\n\t\t\t\t\t\t<div class=\"elementor-element elementor-element-9ccd101 animated-slow elementor-invisible elementor-widget elementor-widget-heading\" data-id=\"9ccd101\" data-element_type=\"widget\" data-settings=\"{&quot;_animation&quot;:&quot;fadeInUp&quot;,&quot;_animation_delay&quot;:100}\" data-widget_type=\"heading.default\">\n\t\t\t\t<div class=\"elementor-widget-container\">\n\t\t\t<h2 class=\"elementor-heading-title elementor-size-default\">Impresszum<\/h2>\t\t<\/div>\n\t\t\t\t<\/div>\n\t\t\t\t<div class=\"elementor-element elementor-element-613f0a5 elementor-widget elementor-widget-text-editor\" data-id=\"613f0a5\" data-element_type=\"widget\" data-widget_type=\"text-editor.default\">\n\t\t\t\t<div class=\"elementor-widget-container\">\n\t\t\t\t\t\t\t<p><strong>A www.noelino.eu weboldal \u00fczemeltet\u0151je:<\/strong><br \/>NOELINO Bt.<br \/>Sz\u00e9khely: 1137 Budapest, Radn\u00f3ti Mikl\u00f3s utca 17. 3.A.<br \/>Ad\u00f3sz\u00e1m: 28593115-1-41<br \/>C\u00e9gjegyz\u00e9ksz\u00e1m: 01-06-319748<br \/>K\u00e9pvisel\u0151: Kiss Noel<br \/>Telefonsz\u00e1m: +36 1 350 1794<br \/>E-mail c\u00edm: dance@noelino.eu<\/p><p><strong>T\u00e1rhelyet biztos\u00edt\u00f3 c\u00e9g:<\/strong><br \/>ELIN.hu Kft.<br \/>Sz\u00e9khely: 9024 Gy\u0151r, D\u00e9ry T. u. 11.<br \/>Telefon: +36 30 2222 444<\/p>\t\t\t\t\t\t<\/div>\n\t\t\t\t<\/div>\n\t\t\t\t\t<\/div>\n\t\t<\/div>\n\t\t\t\t\t<\/div>\n\t\t<\/section>\n\t\t\t\t<\/div>","protected":false},"excerpt":{"rendered":"<p>Legal notice Operator of the www.noelino.eu website:NOELINO Bt.Address: 1137 Budapest, Radn\u00f3ti Mikl\u00f3s street 17. 3.A.Tax number: 28593115-1-41Company registration number: 01-06-319748Representative: Kiss NoelPhone number: +36 1 350 1794E-mail address: dance@noelino.eu Hosting [&hellip;]<\/p>","protected":false},"author":1,"featured_media":0,"parent":0,"menu_order":0,"comment_status":"closed","ping_status":"closed","template":"elementor_header_footer","meta":{"_surecart_dashboard_logo_width":"180px","_surecart_dashboard_show_logo":true,"_surecart_dashboard_navigation_orders":true,"_surecart_dashboard_navigation_subscriptions":true,"_surecart_dashboard_navigation_downloads":true,"_surecart_dashboard_navigation_billing":true,"_surecart_dashboard_navigation_account":true,"footnotes":""},"categories":[],"tags":[],"class_list":["post-2418","page","type-page","status-publish","hentry"],"_links":{"self":[{"href":"https:\/\/noelino.eu\/hu\/wp-json\/wp\/v2\/pages\/2418","targetHints":{"allow":["GET"]}}],"collection":[{"href":"https:\/\/noelino.eu\/hu\/wp-json\/wp\/v2\/pages"}],"about":[{"href":"https:\/\/noelino.eu\/hu\/wp-json\/wp\/v2\/types\/page"}],"author":[{"embeddable":true,"href":"https:\/\/noelino.eu\/hu\/wp-json\/wp\/v2\/users\/1"}],"replies":[{"embeddable":true,"href":"https:\/\/noelino.eu\/hu\/wp-json\/wp\/v2\/comments?post=2418"}],"version-history":[{"count":30,"href":"https:\/\/noelino.eu\/hu\/wp-json\/wp\/v2\/pages\/2418\/revisions"}],"predecessor-version":[{"id":4435,"href":"https:\/\/noelino.eu\/hu\/wp-json\/wp\/v2\/pages\/2418\/revisions\/4435"}],"wp:attachment":[{"href":"https:\/\/noelino.eu\/hu\/wp-json\/wp\/v2\/media?parent=2418"}],"wp:term":[{"taxonomy":"category","embeddable":true,"href":"https:\/\/noelino.eu\/hu\/wp-json\/wp\/v2\/categories?post=2418"},{"taxonomy":"post_tag","embeddable":true,"href":"https:\/\/noelino.eu\/hu\/wp-json\/wp\/v2\/tags?post=2418"}],"curies":[{"name":"wp","href":"https:\/\/api.w.org\/{rel}","templated":true}]}}