{"id":2412,"date":"2023-09-29T14:27:39","date_gmt":"2023-09-29T14:27:39","guid":{"rendered":"http:\/\/noelino.eu\/adatvedelem-copy\/"},"modified":"2026-01-02T00:42:23","modified_gmt":"2026-01-01T23:42:23","slug":"privacy-notice","status":"publish","type":"page","link":"https:\/\/noelino.eu\/hu\/privacy-notice\/","title":{"rendered":"Adatkezel\u00e9si t\u00e1j\u00e9koztat\u00f3"},"content":{"rendered":"<div data-elementor-type=\"wp-page\" data-elementor-id=\"2412\" class=\"elementor elementor-2412\">\n\t\t\t\t\t\t<section class=\"elementor-section elementor-top-section elementor-element elementor-element-4091e3e elementor-section-height-min-height elementor-section-items-top elementor-section-boxed elementor-section-height-default\" data-id=\"4091e3e\" data-element_type=\"section\" data-settings=\"{&quot;background_background&quot;:&quot;classic&quot;}\">\n\t\t\t\t\t\t<div class=\"elementor-container elementor-column-gap-default\">\n\t\t\t\t\t<div class=\"elementor-column elementor-col-100 elementor-top-column elementor-element elementor-element-8815905\" data-id=\"8815905\" data-element_type=\"column\">\n\t\t\t<div class=\"elementor-widget-wrap elementor-element-populated\">\n\t\t\t\t\t\t<div class=\"elementor-element elementor-element-9ccd101 animated-slow elementor-invisible elementor-widget elementor-widget-heading\" data-id=\"9ccd101\" data-element_type=\"widget\" data-settings=\"{&quot;_animation&quot;:&quot;fadeInUp&quot;,&quot;_animation_delay&quot;:100}\" data-widget_type=\"heading.default\">\n\t\t\t\t<div class=\"elementor-widget-container\">\n\t\t\t<h2 class=\"elementor-heading-title elementor-size-default\">Adatkezel\u00e9si t\u00e1j\u00e9koztat\u00f3<\/h2>\t\t<\/div>\n\t\t\t\t<\/div>\n\t\t\t\t<div class=\"elementor-element elementor-element-613f0a5 elementor-widget elementor-widget-text-editor\" data-id=\"613f0a5\" data-element_type=\"widget\" data-widget_type=\"text-editor.default\">\n\t\t\t\t<div class=\"elementor-widget-container\">\n\t\t\t\t\t\t\t<p>\u00e9rv\u00e9nyes: 2023. m\u00e1rcius 1-t\u0151l<\/p><p><strong>BEVEZET\u00c9S<\/strong><\/p><p>A jelen adatv\u00e9delmi \u00e9s adatkezel\u00e9si t\u00e1j\u00e9koztat\u00f3 (a tov\u00e1bbiakban: \u201eT\u00e1j\u00e9koztat\u00f3\u201d) NOELINO Bt. (sze\u0301khely: 1137 Budapest, Radn\u00f3ti Mikl\u00f3s utca 17. 3.A., ado\u0301sza\u0301ma: 28593115-1-41, c\u00e9gjegyz\u00e9ksz\u00e1ma: 01-06-319748; a tova\u0301bbiakban: \u201eAdatkezel\u0151\u201d) \u00e1ltal \u00fczemeltetett www.noelino.eu internetes honlapon (a tov\u00e1bbiakban: \u201eHonlap\u201d) el\u00e9rhet\u0151 kapcsolatfelv\u00e9tel sor\u00e1n az Adatkezel\u0151 rendelkez\u00e9s\u00e9re bocs\u00e1tott szem\u00e9lyes adatok kezel\u00e9s\u00e9vel kapcsolatos jogokat \u00e9s k\u00f6telezetts\u00e9geket, illetve egy\u00e9b l\u00e9nyeges rendelkez\u00e9seket tartalmazza.<\/p><p>A Honlapra felt\u00f6lt\u00f6tt szem\u00e9lyes adatok kezel\u00e9se \u00e9s gy\u0171jt\u00e9se az Eur\u00f3pai Uni\u00f3 k\u00f6zvetlen\u00fcl hat\u00e1lyos jogszab\u00e1lyai, valamint a hat\u00e1lyos magyar jogszab\u00e1lyok rendelkez\u00e9seinek megfelel\u0151en t\u00f6rt\u00e9nik. A szem\u00e9lyes adatok kezel\u00e9s\u00e9nek vonatkoz\u00e1s\u00e1ban k\u00fcl\u00f6n\u00f6sen az inform\u00e1ci\u00f3s \u00f6nrendelkez\u00e9si jogr\u00f3l \u00e9s az inform\u00e1ci\u00f3szabads\u00e1gr\u00f3l sz\u00f3l\u00f3 2011. \u00e9vi CXII. t\u00f6rv\u00e9ny (a tov\u00e1bbiakban: \u201eInform\u00e1ci\u00f3s t\u00f6rv\u00e9ny\u201d), az elektronikus kereskedelmi szolg\u00e1ltat\u00e1sok, valamint az inform\u00e1ci\u00f3s forradalommal \u00f6sszef\u00fcgg\u0151 szolg\u00e1ltat\u00e1sok egyes k\u00e9rd\u00e9seir\u0151l sz\u00f3l\u00f3 2001. \u00e9vi CVIII. t\u00f6rv\u00e9ny, tov\u00e1bb\u00e1 a Nemzeti Adatv\u00e9delmi \u00e9s Inform\u00e1ci\u00f3szabads\u00e1g Hat\u00f3s\u00e1g aj\u00e1nl\u00e1sai \u00e9s az \u00e1ltala kialak\u00edtott adatv\u00e9delmi gyakorlat az ir\u00e1nyad\u00f3.<\/p><p>Az Adatkezel\u0151 a kapott szem\u00e9lyes adatokat bizalmasan kezeli \u00e9s a biztons\u00e1gos adatkezel\u00e9st el\u0151seg\u00edt\u0151 minden int\u00e9zked\u00e9st megtesz. Az Adatkezel\u0151 adatv\u00e9delmi felel\u0151se az noelino@noelino.eu c\u00edmen \u00e9rhet\u0151 el.<\/p><p><strong>\u00c9RTELMEZ\u0150 RENDELKEZ\u00c9SEK<\/strong><\/p><p>Az al\u00e1bbi \u00e9rtelmez\u0151 rendelkez\u00e9sek az Inform\u00e1ci\u00f3s t\u00f6rv\u00e9ny alapj\u00e1n ker\u00fcltek meghat\u00e1roz\u00e1sra:<\/p><p>szem\u00e9lyes adat: az \u00e9rintettel (\u2019megrendel\u0151\u2019) kapcsolatba hozhat\u00f3 adat \u2013 k\u00fcl\u00f6n\u00f6sen a neve, c\u00edme, valamint egy vagy t\u00f6bb fizikai, fiziol\u00f3giai, ment\u00e1lis, gazdas\u00e1gi, kultur\u00e1lis vagy szoci\u00e1lis azonoss\u00e1g\u00e1ra jellemz\u0151 ismeret -, valamint az adatb\u00f3l levonhat\u00f3, a felhaszn\u00e1l\u00f3ra vonatkoz\u00f3 k\u00f6vetkeztet\u00e9s, amely nem min\u0151s\u00fcl k\u00f6z\u00e9rdek\u0171, vagy k\u00f6z\u00e9rdekb\u0151l nyilv\u00e1nos adatnak. Szem\u00e9lyes adatnak min\u0151s\u00fcl t\u00f6bbek k\u00f6z\u00f6tt a n\u00e9v, a lakc\u00edm, \u00e9s az e-mail c\u00edm.<\/p><p>hozz\u00e1j\u00e1rul\u00e1s: a felhaszn\u00e1l\u00f3 akarat\u00e1nak \u00f6nk\u00e9ntes \u00e9s hat\u00e1rozott kinyilv\u00e1n\u00edt\u00e1sa, amely megfelel\u0151 t\u00e1j\u00e9koztat\u00e1son alapul, \u00e9s amellyel f\u00e9lre\u00e9rthetetlen beleegyez\u00e9s\u00e9t adja a r\u00e1 vonatkoz\u00f3 szem\u00e9lyes adatok \u2013 teljesk\u00f6r\u0171 vagy egyes m\u0171veletekre kiterjed\u0151 \u2013 kezel\u00e9s\u00e9hez.<\/p><p>tiltakoz\u00e1s: a felhaszn\u00e1l\u00f3 nyilatkozata, amellyel szem\u00e9lyes adatainak kezel\u00e9s\u00e9t kifog\u00e1solja \u00e9s az adatkezel\u00e9s megsz\u0171ntet\u00e9s\u00e9t, illetve a kezelt adatok t\u00f6rl\u00e9s\u00e9t k\u00e9ri.<\/p><p>adatkezel\u0151: az a term\u00e9szetes vagy jogi szem\u00e9ly, illetve jogi szem\u00e9lyis\u00e9ggel rendelkez\u0151 t\u00e1rsas\u00e1g, aki vagy amely \u00f6n\u00e1ll\u00f3an vagy m\u00e1sokkal egy\u00fctt az adatok kezel\u00e9s\u00e9nek c\u00e9lj\u00e1t meghat\u00e1rozza, az adatkezel\u00e9sre (bele\u00e9rtve a felhaszn\u00e1lt eszk\u00f6zt) vonatkoz\u00f3 d\u00f6nt\u00e9seket meghozza \u00e9s v\u00e9grehajtja, vagy az \u00e1ltala megb\u00edzott adatfeldolgoz\u00f3val v\u00e9grehajtatja.<\/p><p>adatkezel\u00e9s: az alkalmazott elj\u00e1r\u00e1st\u00f3l f\u00fcggetlen\u00fcl az adatokon v\u00e9gzett b\u00e1rmely m\u0171velet vagy m\u0171veletek \u00f6sszess\u00e9ge, \u00edgy k\u00fcl\u00f6n\u00f6sen gy\u0171jt\u00e9se, felv\u00e9tele, r\u00f6gz\u00edt\u00e9se, rendszerez\u00e9se, t\u00e1rol\u00e1sa, megv\u00e1ltoztat\u00e1sa, felhaszn\u00e1l\u00e1sa, lek\u00e9rdez\u00e9se, tov\u00e1bb\u00edt\u00e1sa, nyilv\u00e1noss\u00e1gra hozatala, \u00f6sszehangol\u00e1sa vagy \u00f6sszekapcsol\u00e1sa, z\u00e1rol\u00e1sa, t\u00f6rl\u00e9se \u00e9s megsemmis\u00edt\u00e9se, valamint az adatok tov\u00e1bbi felhaszn\u00e1l\u00e1s\u00e1nak megakad\u00e1lyoz\u00e1sa, f\u00e9nyk\u00e9p-, hang- vagy k\u00e9pfelv\u00e9tel k\u00e9sz\u00edt\u00e9se, valamint a szem\u00e9ly azonos\u00edt\u00e1s\u00e1ra alkalmas zikai jellemz\u0151k r\u00f6gz\u00edt\u00e9se.<\/p><p>A fentiek alapj\u00e1n az Adatkezel\u0151 az adatkezel\u0151je minden olyan adatnak, amely szem\u00e9lyes adatnak min\u0151s\u00fcl \u00e9s a Honlapon t\u00f6rt\u00e9n\u0151 regisztr\u00e1ci\u00f3 \u00e9s\/vagy v\u00e1s\u00e1rl\u00e1s sor\u00e1n felt\u00f6lt\u00e9sre ker\u00fcl.<\/p><p><strong>AZ ADATKEZEL\u00c9S ALAPELVEI<\/strong><\/p><p>Szem\u00e9lyes adatokat haszn\u00e1lni csak meghat\u00e1rozott c\u00e9lb\u00f3l, jogok gyakorl\u00e1sa \u00e9s k\u00f6telezetts\u00e9gek teljes\u00edt\u00e9se \u00e9rdek\u00e9ben lehet. Az adatkezel\u00e9snek minden szakasz\u00e1ban meg kell felelnie ennek a c\u00e9lnak. Az Adatkezel\u0151 a r\u00f6gz\u00edtett szem\u00e9lyes adatokat a szolg\u00e1ltat\u00e1s ny\u00fajt\u00e1sa \u00e9rdek\u00e9ben kezeli. Az Adatkezel\u0151 kiz\u00e1r\u00f3lag olyan szem\u00e9lyes adatot kezel, amelynek r\u00f6gz\u00edt\u00e9se sz\u00fcks\u00e9ges ahhoz, hogy a szolg\u00e1ltat\u00e1st a megrendel\u0151 ig\u00e9nybe vehesse \u00e9s az Adatkezel\u0151 azt szerz\u0151d\u00e9sszer\u0171en teljes\u00edthesse.<\/p><p>A Honlap b\u00e1rki \u00e1ltal megl\u00e1togathat\u00f3. A l\u00e1togat\u00f3kra vonatkoz\u00f3an a Adatkezel\u0151 nem gy\u0171jt vagy kezel adatot. A Honlapon kereszt\u00fcl el\u00e9rhet\u0151 szolg\u00e1ltat\u00e1s (kapcsolatfelv\u00e9tel) ig\u00e9nybev\u00e9tel\u00e9nek sor\u00e1n az al\u00e1bbi adatokat kell k\u00f6telez\u0151en megadni:<\/p><p>N\u00e9v<br \/>E-mail c\u00edm<br \/>Telefonsz\u00e1m (nem k\u00f6telez\u0151)<br \/>T\u00e1rgy<br \/>\u00dczenet<\/p><p>Szem\u00e9lyes adat vagy t\u00f6rv\u00e9ny alapj\u00e1n, vagy akkor kezelhet\u0151, ha ahhoz a felhaszn\u00e1l\u00f3 hozz\u00e1j\u00e1rul. Ennek megfelel\u0151en a Honlapon t\u00f6rt\u00e9n\u0151 kapcsolatfelv\u00e9tel sor\u00e1n a fenti adatok megad\u00e1s\u00e1val \u00e9s a szolg\u00e1ltat\u00e1s ig\u00e9nybev\u00e9tel\u00e9nek megkezd\u00e9s\u00e9vel a felhaszn\u00e1l\u00f3 kifejezetten hozz\u00e1j\u00e1rul (i) a szem\u00e9lyes adatainak az al\u00e1bbi, az \u201cadatkezel\u00e9s c\u00e9lja\u201d bekezd\u00e9sben meghat\u00e1rozott c\u00e9lokra t\u00f6rt\u00e9n\u0151 felhaszn\u00e1l\u00e1s\u00e1hoz \u00e9s kezel\u00e9s\u00e9hez; valamint (ii) az adatok Adatkezel\u0151 \u00e1ltal, a jelen T\u00e1j\u00e9koztat\u00f3ban meghat\u00e1rozott felt\u00e9telek szerinti t\u00e1rol\u00e1s\u00e1hoz.<\/p><p><strong>ADATKEZEL\u00c9S C\u00c9LJA<\/strong><\/p><p>Az \u00dcgyfeleink a Honlapon kereszt\u00fcl kapcsolatfelv\u00e9tel sor\u00e1n, telefonos megkeres\u00e9s \u00fatj\u00e1n vagy emailen kereszt\u00fcl tudj\u00e1k szem\u00e9lyes adataikat megadni annak \u00e9rdek\u00e9ben, hogy az elk\u00e9sz\u00edtett aj\u00e1nlatot, megrendel\u00e9s visszaigazol\u00e1st a Adatkezel\u0151 a felhaszn\u00e1l\u00f3 r\u00e9sz\u00e9re el tudja juttatni, k\u00e9rd\u00e9sek eset\u00e9n kapcsolatfelv\u00e9telt kezdem\u00e9nyezhessen. Az adatkezel\u00e9s id\u0151tartama: az adatkezel\u00e9s c\u00e9lj\u00e1nak megval\u00f3sul\u00e1s\u00e1ig, t\u00f6rv\u00e9nyben meghat\u00e1rozott egy\u00e9b id\u0151pontig. Az adatkezel\u00e9s jogalapja: az elektronikus kereskedelemi szolg\u00e1ltat\u00e1sok, valamint az inform\u00e1ci\u00f3s t\u00e1rsadalommal \u00f6sszef\u00fcgg\u0151 szolg\u00e1ltat\u00e1sok egyes k\u00e9rd\u00e9seir\u0151l sz\u00f3l\u00f3 2001. \u00e9vi CVIII. t\u00f6rv\u00e9ny 13\/A. \u00a7.<\/p><p><strong>ADATTOV\u00c1BB\u00cdT\u00c1S, ADATFELDOLGOZ\u00c1S<\/strong><\/p><p>A kapcsolatfelv\u00e9tel sor\u00e1n megadott szem\u00e9lyes adatokat a Adatkezel\u0151 a felhaszn\u00e1l\u00f3 el\u0151zetes hozz\u00e1j\u00e1rul\u00e1sa n\u00e9lk\u00fcl harmadik f\u00e9lnek \u2013 kiv\u00e9ve az adatkezel\u00e9s c\u00e9lj\u00e1nak megval\u00f3s\u00edt\u00e1sa \u00e9rdek\u00e9ben sz\u00fcks\u00e9ges m\u00e9rt\u00e9kben sz\u00e1ll\u00edt\u00f3 vagy fut\u00e1r v\u00e1llalkoz\u00f3 r\u00e9sz\u00e9re \u2013 semmilyen m\u00f3don nem adja tov\u00e1bb azon esetek kiv\u00e9tel\u00e9vel, amikor az adatok tov\u00e1bb\u00edt\u00e1s\u00e1ra a Adatkezel\u0151 jogszab\u00e1lyi el\u0151\u00edr\u00e1sn\u00e1l fogva k\u00f6teles.<\/p><p>Az Adatkezel\u0151 a kezelt szem\u00e9lyes adatok feldolgoz\u00e1s\u00e1ra adatfeldolgoz\u00f3i szolg\u00e1ltat\u00e1st vehet ig\u00e9nybe. Az adatfeldolgoz\u00f3 szolg\u00e1ltat\u00e1sa sor\u00e1n k\u00f6teles betartani a jelen T\u00e1j\u00e9koztat\u00f3, a hat\u00e1lyos vonatkoz\u00f3 jogszab\u00e1lyok, tov\u00e1bb\u00e1 az Adatkezel\u0151vel fenn\u00e1ll\u00f3 jogviszony\u00e1t szab\u00e1lyoz\u00f3 szerz\u0151d\u00e9s rendelkez\u00e9seit. Az Adatkezel\u0151 \u00e1ltal kezelt szem\u00e9lyes adatokra vonatkoz\u00f3an adattov\u00e1bb\u00edt\u00e1s nem t\u00f6rt\u00e9nik.<\/p><p><strong>N\u00c9VTELEN ADATOK \u00c9S \u201eS\u00dcTIK\u201d<\/strong><\/p><p>Az Adatkezel\u0151 a Honlapr\u00f3l t\u00f6bbs\u00e9g\u00e9ben n\u00e9vtelen inform\u00e1ci\u00f3kat gy\u0171jt be, mint p\u00e9ld\u00e1ul a keres\u00e9sek. Amikor a l\u00e1togat\u00f3 megl\u00e1togatja Honlapot, az Adatkezel\u0151 nem gy\u0171jt be semmilyen szem\u00e9lyes adatot, am\u00edg a l\u00e1togat\u00f3 erre felhatalmaz\u00e1st nem ad. Az Adatkezel\u0151 feldolgozza a n\u00e9vtelen inform\u00e1ci\u00f3kat, annak \u00e9rdek\u00e9ben, hogy az oldal tartalm\u00e1t t\u00f6k\u00e9letes\u00edthesse, jav\u00edthassa. Ennek sor\u00e1n az Adatkezel\u0151 be\u00e9p\u00edthet \u00fagynevezett \u201ccookie\u201d-kat, amelyek \u00f6sszegy\u0171jtik a l\u00e1togat\u00f3 els\u0151 szint\u0171 domain nev\u00e9t, valamint a hozz\u00e1f\u00e9r\u00e9s d\u00e1tum\u00e1t \u00e9s id\u0151pontj\u00e1t. A \u201ccookie\u201d-k \u00f6nmagukban nem haszn\u00e1lhat\u00f3k a l\u00e1togat\u00f3 azonoss\u00e1g\u00e1nak felt\u00e1r\u00e1s\u00e1ra. A \u201ccookie\u201d egy olyan f\u00e1jl, amely a l\u00e1togat\u00f3 b\u00f6ng\u00e9sz\u0151 programj\u00e1ra ker\u00fcl megk\u00fcld\u00e9sre, \u00e9s a sz\u00e1m\u00edt\u00f3g\u00e9p merevlemeze t\u00e1rolja. A \u201ccookie\u201d-k nem rong\u00e1lj\u00e1k a l\u00e1togat\u00f3 sz\u00e1m\u00edt\u00f3g\u00e9p\u00e9t. A b\u00f6ng\u00e9sz\u0151 programot be lehet \u00fagy \u00e1ll\u00edtani, hogy jelezzen, ha \u201ccookie\u201d \u00e9rkezik, \u00e9s ilyen m\u00f3don a l\u00e1togat\u00f3 eld\u00f6ntheti, hogy elfogadja-e az adott \u201ccookie\u201d-t vagy sem.<\/p><p>Az anonim l\u00e1togat\u00f3azonos\u00edt\u00f3 (cookie, s\u00fcti) egy olyan egyedi \u2013 azonos\u00edt\u00e1sra, illetve inform\u00e1ci\u00f3k t\u00e1rol\u00e1s\u00e1ra alkalmas \u2013 jelsorozat, melyet a szolg\u00e1ltat\u00f3k a l\u00e1togat\u00f3k sz\u00e1m\u00edt\u00f3g\u00e9p\u00e9re helyeznek el. Fontos tudni, hogy az ilyen jelsorozat \u2013 tekintettel arra, hogy a felhaszn\u00e1l\u00e1sa sor\u00e1n a teljes IP c\u00edm t\u00e1rol\u00e1sa nem t\u00f6rt\u00e9nik meg \u2013 \u00f6nmag\u00e1ban semmilyen m\u00f3don nem k\u00e9pes az \u00fcgyfelet, azaz a l\u00e1togat\u00f3t azonos\u00edtani, csak a l\u00e1togat\u00f3 g\u00e9p\u00e9nek felismer\u00e9s\u00e9re alkalmas. N\u00e9v, e-mail c\u00edm vagy b\u00e1rmilyen m\u00e1s szem\u00e9lyes inform\u00e1ci\u00f3 megad\u00e1sa nem sz\u00fcks\u00e9ges, hiszen az ilyen megold\u00e1sok alkalmaz\u00e1sakor a l\u00e1togat\u00f3t\u00f3l a szolg\u00e1ltat\u00f3 nem is k\u00e9r adatot, az adatcsere voltak\u00e9ppen g\u00e9pek k\u00f6z\u00f6tt t\u00f6rt\u00e9nik meg.<\/p><p>Jelen weboldal a Google Inc. (\u201eGoogle\u201d) Google Analytics nev\u0171 webanalitikai szolg\u00e1ltat\u00e1s\u00e1t haszn\u00e1lja. A Google Analytics \u00fagynevezett \u201es\u00fctiket\u201d (cookies), az \u00d6n sz\u00e1m\u00edt\u00f3g\u00e9p\u00e9n t\u00e1rolt sz\u00f6vegf\u00e1jlokat alkalmaz, amelyek a weboldal haszn\u00e1lat\u00e1nak elemz\u00e9s\u00e9t teszik lehet\u0151v\u00e9.<\/p><p>A s\u00fcti \u00e1ltal gener\u00e1lt, a weboldal haszn\u00e1lat\u00e1ra vonatkoz\u00f3 inform\u00e1ci\u00f3kat (bele\u00e9rtve az \u00d6n IP-c\u00edm\u00e9t) a Google Egyes\u00fclt \u00c1llamokbeli szervereire tov\u00e1bb\u00edtj\u00e1k \u00e9s ott t\u00e1rolj\u00e1k.<\/p><p>A Google ezeket az inform\u00e1ci\u00f3kat felhaszn\u00e1lja a weboldal \u00d6n \u00e1ltal t\u00f6rt\u00e9n\u0151 haszn\u00e1lat\u00e1nak ki\u00e9rt\u00e9kel\u00e9s\u00e9re, a weboldalon v\u00e9grehajtott tev\u00e9kenys\u00e9gekr\u0151l k\u00e9sz\u00fclt jelent\u00e9seknek a weboldalak \u00fczemeltet\u0151i r\u00e9sz\u00e9re t\u00f6rt\u00e9n\u0151 \u00f6ssze\u00e1ll\u00edt\u00e1s\u00e1ra, valamint a weboldalon v\u00e9grehajtott tev\u00e9kenys\u00e9gekkel \u00e9s az internethaszn\u00e1lattal kapcsolatos egy\u00e9b szolg\u00e1ltat\u00e1sok ny\u00fajt\u00e1s\u00e1ra. A Google ezeket az inform\u00e1ci\u00f3kat adott esetben harmadik felek r\u00e9sz\u00e9re is kiadhatja, amennyiben ezt t\u00f6rv\u00e9ny \u00edrja el\u0151, vagy amennyiben a harmadik f\u00e9l a Google megb\u00edz\u00e1s\u00e1b\u00f3l ezeket az adatokat feldolgozza. A Google semmilyen esetben sem t\u00e1rs\u00edtja az \u00d6n IP c\u00edm\u00e9t a Google birtok\u00e1ban l\u00e9v\u0151 m\u00e1s adatokkal. B\u00f6ng\u00e9sz\u0151je megfelel\u0151 be\u00e1ll\u00edt\u00e1sainak kiv\u00e1laszt\u00e1s\u00e1val \u00d6n visszautas\u00edthatja a s\u00fctik haszn\u00e1lat\u00e1t, azonban felh\u00edvjuk figyelm\u00e9t, hogy ebben az esetben \u00d6n val\u00f3sz\u00edn\u0171leg nem haszn\u00e1lhatja teljes m\u00e9rt\u00e9kben a weboldal \u00f6sszes funkci\u00f3j\u00e1t. Jelen weboldal haszn\u00e1lat\u00e1val \u00d6n elfogadja a Google \u00e1ltal \u00d6nr\u0151l gy\u0171jt\u00f6tt adatok feldolgoz\u00e1s\u00e1t a fentebb le\u00edrt m\u00f3dszer \u00e9s rendeltet\u00e9s szerint.<\/p><p>A Google Inc. adatv\u00e9delmi ir\u00e1nyelveir\u0151l az al\u00e1bbi hivatkoz\u00e1son tal\u00e1l b\u0151vebb inform\u00e1ci\u00f3t: https:\/\/www.google.hu\/intl\/hu\/policies\/privacy\/<\/p><p><strong>SZERZ\u0150I JOGOK<\/strong><\/p><p>A honlap tartalma (sz\u00f6vegek, k\u00e9pek, anim\u00e1ci\u00f3k, vide\u00f3k) \u2013 amennyiben m\u00e1s forr\u00e1s nem ker\u00fcl felt\u00fcntet\u00e9sre \u2013 NOELINO Bt. tulajdon\u00e1t k\u00e9pezik, valamint a szerz\u0151i jog v\u00e9delme alatt \u00e1llnak. A weboldal b\u00e1rmely tartalmi eleme a tulajdonos hozz\u00e1j\u00e1rul\u00e1sa n\u00e9lk\u00fcl nem felhaszn\u00e1lhat\u00f3!<\/p><p><strong>JOGORVOSLATI JOG<\/strong><\/p><p>A megrendel\u0151 t\u00e1j\u00e9koztat\u00e1st k\u00e9rhet szem\u00e9lyes adatai kezel\u00e9s\u00e9r\u0151l, valamint k\u00e9rheti szem\u00e9lyes adatainak helyesb\u00edt\u00e9s\u00e9t, illetve \u2013 a jogszab\u00e1lyban elrendelt adatkezel\u00e9sek kiv\u00e9tel\u00e9vel \u2013 azok t\u00f6rl\u00e9s\u00e9t, vagy m\u00f3dos\u00edt\u00e1s\u00e1t b\u00e1rmikor k\u00e9rheti az Adatkezel\u0151nek k\u00fcld\u00f6tt elektronikus lev\u00e9llel az noelino@noelino.eu c\u00edmen, a Adatkezel\u0151 telefonsz\u00e1m\u00e1n, az Adatkezel\u0151 r\u00e9sz\u00e9re eljuttatott lev\u00e9llel postai \u00faton.<\/p><p>A megrendel\u0151 k\u00e9relm\u00e9re az Adatkezel\u0151 t\u00e1j\u00e9koztat\u00e1st ad az \u00e1ltala kezelt, illet\u0151leg az \u00e1ltala esetlegesen megb\u00edzott adatfeldolgoz\u00f3 \u00e1ltal feldolgozott adatair\u00f3l, az adatkezel\u00e9s c\u00e9lj\u00e1r\u00f3l, jogalapj\u00e1r\u00f3l, id\u0151tartam\u00e1r\u00f3l, az adatfeldolgoz\u00f3 nev\u00e9r\u0151l, c\u00edm\u00e9r\u0151l (sz\u00e9khely\u00e9r\u0151l) \u00e9s az adatkezel\u00e9ssel \u00f6sszef\u00fcgg\u0151 tev\u00e9kenys\u00e9g\u00e9r\u0151l, tov\u00e1bb\u00e1 arr\u00f3l, hogy mely szem\u00e9lyek \u00e9s milyen c\u00e9lb\u00f3l kapj\u00e1k vagy kapt\u00e1k meg az adatokat. Az Adatkezel\u0151 mint adatkezel\u0151 a k\u00e9relem k\u00e9zhezv\u00e9tel\u00e9t\u0151l sz\u00e1m\u00edtott legr\u00f6videbb id\u0151n bel\u00fcl, de legk\u00e9s\u0151bb 30 napt\u00e1ri napon bel\u00fcl \u00edr\u00e1sban, k\u00f6z\u00e9rthet\u0151 form\u00e1ban adja meg a t\u00e1j\u00e9koztat\u00e1st. A t\u00e1j\u00e9koztat\u00e1s ingyenes, amennyiben a t\u00e1j\u00e9koztat\u00e1st k\u00e9r\u0151 a foly\u00f3 \u00e9vben azonos ter\u00fcletre vonatkoz\u00f3 t\u00e1j\u00e9koztat\u00e1si k\u00e9relmet az Adatkezel\u0151h\u00f6z m\u00e9g nem ny\u00fajtott be. Egy\u00e9b esetekben az Adatkezel\u0151 k\u00f6lts\u00e9gt\u00e9r\u00edt\u00e9st \u00e1llap\u00edthat meg.<\/p><p>Az Adatkezel\u0151 a szem\u00e9lyes adatot halad\u00e9ktalanul t\u00f6rli, amennyiben (i) azt a regisztr\u00e1lt felhaszn\u00e1l\u00f3 \u00edr\u00e1sban jelzi a vev\u0151szolg\u00e1lat noelino@noelino.eu e-mail c\u00edm\u00e9re k\u00fcld\u00f6tt elektronikus lev\u00e9llel, vagy az Adatkezel\u0151nek c\u00edmzett \u00e9s az Adatkezel\u0151 sz\u00e9khely\u00e9re postai \u00faton eljuttatott nyilatkozattal;(ii) ha kezel\u00e9se jogellenes, (iii) az adatkezel\u00e9s c\u00e9lja megsz\u0171nt, vagy (iv) az adatok t\u00e1rol\u00e1s\u00e1nak t\u00f6rv\u00e9nyben meghat\u00e1rozott hat\u00e1rideje lej\u00e1rt, azt a b\u00edr\u00f3s\u00e1g vagy az Nemzeti Adatv\u00e9delmi \u00e9s Inform\u00e1ci\u00f3szabads\u00e1g Hat\u00f3s\u00e1g elrendelte.<\/p><p>Az Adatkezel\u0151 a helyesb\u00edt\u00e9sr\u0151l \u00e9s a t\u00f6rl\u00e9sr\u0151l az \u00e9rintett megrendel\u0151t e-mailen \u00e9rtes\u00edti azzal, hogy amennyiben az adatkezel\u00e9s c\u00e9lj\u00e1ra val\u00f3 tekintettel az \u00e9rintett felhaszn\u00e1l\u00f3 jogos \u00e9rdek\u00e9t nem s\u00e9rti, az Adatkezel\u0151 az \u00e9rtes\u00edt\u00e9st mell\u0151zheti. A megrendel\u0151 tiltakozhat szem\u00e9lyes adatainak kezel\u00e9se ellen, ha a szem\u00e9lyes adatok kezel\u00e9se kiz\u00e1r\u00f3lag az adatkezel\u0151 jog\u00e1nak vagy jogos \u00e9rdek\u00e9nek \u00e9rv\u00e9nyes\u00edt\u00e9s\u00e9hez sz\u00fcks\u00e9ges, kiv\u00e9ve, ha az adatkezel\u00e9st t\u00f6rv\u00e9ny rendelte el; a szem\u00e9lyes adat felhaszn\u00e1l\u00e1sa k\u00f6zvetlen \u00fczletszerz\u00e9s, k\u00f6zv\u00e9lem\u00e9ny-kutat\u00e1s vagy tudom\u00e1nyos kutat\u00e1s c\u00e9lj\u00e1ra t\u00f6rt\u00e9nik; a tiltakoz\u00e1s jog\u00e1nak gyakorl\u00e1s\u00e1t egy\u00e9bk\u00e9nt t\u00f6rv\u00e9ny lehet\u0151v\u00e9 teszi.<\/p><p>Az Adatkezel\u0151 \u2013 az adatkezel\u00e9s egyidej\u0171 felf\u00fcggeszt\u00e9s\u00e9vel \u2013 a tiltakoz\u00e1s megt\u00e9tel\u00e9t k\u00f6vet\u0151en halad\u00e9ktalanul, de legk\u00e9s\u0151bb 15 napt\u00e1ri nap alatt megvizsg\u00e1lja, \u00e9s annak eredm\u00e9ny\u00e9r\u0151l a felhaszn\u00e1l\u00f3t \u00edr\u00e1sban t\u00e1j\u00e9koztatja. Amennyiben a tiltakoz\u00e1s indokolt, az Adatkezel\u0151 az adatkezel\u00e9st megsz\u00fcnteti. Amennyiben az \u00e9rintett felhaszn\u00e1l\u00f3 az Adatkezel\u0151 d\u00f6nt\u00e9s\u00e9vel nem \u00e9rt egyet, az ellen \u2013 annak k\u00f6zl\u00e9s\u00e9t\u0151l sz\u00e1m\u00edtott 30 napt\u00e1ri napon bel\u00fcl \u2013 b\u00edr\u00f3s\u00e1ghoz vagy a Nemzeti Adatv\u00e9delmi \u00e9s Inform\u00e1ci\u00f3szabads\u00e1g Hat\u00f3s\u00e1ghoz (sz\u00e9khely: 1125 Budapest, Szil\u00e1gyi Erzs\u00e9bet fasor 22\/C., honlap: http:\/\/www.naih.hu) fordulhat. Az Adatkezel\u0151 az \u00e9rintett felhaszn\u00e1l\u00f3 adat\u00e1t nem t\u00f6r\u00f6lheti, ha az adatkezel\u00e9st t\u00f6rv\u00e9ny rendelte el. Az \u00e9rintett felhaszn\u00e1l\u00f3 a jogainak megs\u00e9rt\u00e9se eset\u00e9n az adatkezel\u0151 ellen b\u00edr\u00f3s\u00e1ghoz fordulhat. A b\u00edr\u00f3s\u00e1g az \u00fcgyben soron k\u00edv\u00fcl j\u00e1r el.<\/p><p>Az Adatkezel\u0151 fenntartja mag\u00e1nak a jogot a T\u00e1j\u00e9koztat\u00f3, illet\u0151leg az Eur\u00f3pai Uni\u00f3 vagy a magyarorsz\u00e1gi jogszab\u00e1lyok v\u00e1ltoz\u00e1sai eset\u00e9n a T\u00e1j\u00e9koztat\u00f3 megfelel\u0151 m\u00f3dos\u00edt\u00e1s\u00e1ra.<\/p><p>Jelen T\u00e1j\u00e9koztat\u00f3 2023. m\u00e1rcius 1. napj\u00e1n l\u00e9p hat\u00e1lyba \u00e9s hat\u00e1lya kiterjed valamennyi regisztr\u00e1lt felhaszn\u00e1l\u00f3ra, valamint azokra a felhaszn\u00e1l\u00f3kra, akik a Honlapon kereszt\u00fcl regisztr\u00e1ci\u00f3 n\u00e9lk\u00fcl l\u00e9pnek kapcsolatba Adatkezel\u0151vel. Regisztr\u00e1lt felhaszn\u00e1l\u00f3k, valamint azok a felhaszn\u00e1l\u00f3k, akik a Honlapon regisztr\u00e1ci\u00f3 n\u00e9lk\u00fcl adnak le megrendel\u00e9st, k\u00f6telezetts\u00e9get v\u00e1llalnak a jelen T\u00e1j\u00e9koztat\u00f3 betart\u00e1s\u00e1ra.<\/p><p>K\u00e9rj\u00fck, hogy csak akkor regisztr\u00e1ljon, valamint csak akkor adjon le megrendel\u00e9st a Honlapunkon amennyiben egyet\u00e9rt a fentiekkel. Amennyiben az adatv\u00e9delemmel, T\u00e1j\u00e9koztat\u00f3nkkal kapcsolatban b\u00e1rmilyen tov\u00e1bbi k\u00e9rd\u00e9se lenne, \u00fagy k\u00e9rj\u00fck, \u00edrja meg azt az noelino@noelino.eu e-mail c\u00edmre.<\/p><p><strong>NOELINO Bt.<\/strong><br \/>1137 Budapest, Radn\u00f3ti Mikl\u00f3s utca 17. 3.A.<br \/>Ad\u00f3sz\u00e1m: 28593115-1-41<br \/>C\u00e9gjegyz\u00e9ksz\u00e1m: 01-06-319748<br \/>K\u00e9pvisel\u0151: Kiss Noel<br \/>noelino@noelino.eu<\/p>\t\t\t\t\t\t<\/div>\n\t\t\t\t<\/div>\n\t\t\t\t\t<\/div>\n\t\t<\/div>\n\t\t\t\t\t<\/div>\n\t\t<\/section>\n\t\t\t\t<\/div>","protected":false},"excerpt":{"rendered":"<p>Privacy notice valid from 1 March 2023 INTRODUCTION This data protection and data management notice (hereinafter referred to as the \u201cNotice\u201d) contains the rights and obligations and other important provisions [&hellip;]<\/p>","protected":false},"author":1,"featured_media":0,"parent":0,"menu_order":0,"comment_status":"closed","ping_status":"closed","template":"elementor_header_footer","meta":{"_surecart_dashboard_logo_width":"180px","_surecart_dashboard_show_logo":true,"_surecart_dashboard_navigation_orders":true,"_surecart_dashboard_navigation_subscriptions":true,"_surecart_dashboard_navigation_downloads":true,"_surecart_dashboard_navigation_billing":true,"_surecart_dashboard_navigation_account":true,"footnotes":""},"categories":[],"tags":[],"class_list":["post-2412","page","type-page","status-publish","hentry"],"_links":{"self":[{"href":"https:\/\/noelino.eu\/hu\/wp-json\/wp\/v2\/pages\/2412","targetHints":{"allow":["GET"]}}],"collection":[{"href":"https:\/\/noelino.eu\/hu\/wp-json\/wp\/v2\/pages"}],"about":[{"href":"https:\/\/noelino.eu\/hu\/wp-json\/wp\/v2\/types\/page"}],"author":[{"embeddable":true,"href":"https:\/\/noelino.eu\/hu\/wp-json\/wp\/v2\/users\/1"}],"replies":[{"embeddable":true,"href":"https:\/\/noelino.eu\/hu\/wp-json\/wp\/v2\/comments?post=2412"}],"version-history":[{"count":27,"href":"https:\/\/noelino.eu\/hu\/wp-json\/wp\/v2\/pages\/2412\/revisions"}],"predecessor-version":[{"id":4446,"href":"https:\/\/noelino.eu\/hu\/wp-json\/wp\/v2\/pages\/2412\/revisions\/4446"}],"wp:attachment":[{"href":"https:\/\/noelino.eu\/hu\/wp-json\/wp\/v2\/media?parent=2412"}],"wp:term":[{"taxonomy":"category","embeddable":true,"href":"https:\/\/noelino.eu\/hu\/wp-json\/wp\/v2\/categories?post=2412"},{"taxonomy":"post_tag","embeddable":true,"href":"https:\/\/noelino.eu\/hu\/wp-json\/wp\/v2\/tags?post=2412"}],"curies":[{"name":"wp","href":"https:\/\/api.w.org\/{rel}","templated":true}]}}