{"id":2393,"date":"2023-09-29T14:06:46","date_gmt":"2023-09-29T14:06:46","guid":{"rendered":"http:\/\/noelino.eu\/fooldal-bridal-couture-copy\/"},"modified":"2026-01-02T11:34:44","modified_gmt":"2026-01-02T10:34:44","slug":"home","status":"publish","type":"page","link":"https:\/\/noelino.eu\/hu\/","title":{"rendered":"F\u0151oldal"},"content":{"rendered":"<div data-elementor-type=\"wp-page\" data-elementor-id=\"2393\" class=\"elementor elementor-2393\">\n\t\t\t\t\t\t<section class=\"elementor-section elementor-top-section elementor-element elementor-element-48aa804e elementor-section-content-middle elementor-section-height-min-height animated-slow elementor-section-boxed elementor-section-height-default elementor-section-items-middle elementor-invisible\" data-id=\"48aa804e\" data-element_type=\"section\" data-settings=\"{&quot;background_background&quot;:&quot;video&quot;,&quot;animation&quot;:&quot;fadeIn&quot;,&quot;background_video_link&quot;:&quot;https:\\\/\\\/noelino.eu\\\/wp-content\\\/uploads\\\/2026\\\/01\\\/NOELINO-home-2.mp4&quot;,&quot;background_play_on_mobile&quot;:&quot;yes&quot;}\">\n\t\t\t\t\t\t\t\t<div class=\"elementor-background-video-container\">\n\t\t\t\t\t\t\t\t\t\t\t\t\t<video class=\"elementor-background-video-hosted elementor-html5-video\" autoplay muted playsinline loop><\/video>\n\t\t\t\t\t\t\t\t\t\t\t<\/div>\n\t\t\t\t\t\t\t\t\t<div class=\"elementor-background-overlay\"><\/div>\n\t\t\t\t\t\t\t<div class=\"elementor-container elementor-column-gap-wider\">\n\t\t\t\t\t<div class=\"elementor-column elementor-col-100 elementor-top-column elementor-element elementor-element-57091844\" data-id=\"57091844\" data-element_type=\"column\">\n\t\t\t<div class=\"elementor-widget-wrap elementor-element-populated\">\n\t\t\t\t\t<div class=\"elementor-background-overlay\"><\/div>\n\t\t\t\t\t\t<section class=\"elementor-section elementor-inner-section elementor-element elementor-element-542516a2 elementor-section-boxed elementor-section-height-default elementor-section-height-default\" data-id=\"542516a2\" data-element_type=\"section\">\n\t\t\t\t\t\t<div class=\"elementor-container elementor-column-gap-default\">\n\t\t\t\t\t<div class=\"elementor-column elementor-col-100 elementor-inner-column elementor-element elementor-element-2add9b9b\" data-id=\"2add9b9b\" data-element_type=\"column\">\n\t\t\t<div class=\"elementor-widget-wrap elementor-element-populated\">\n\t\t\t\t\t\t<div class=\"elementor-element elementor-element-c3f694c elementor-widget elementor-widget-image\" data-id=\"c3f694c\" data-element_type=\"widget\" data-widget_type=\"image.default\">\n\t\t\t\t<div class=\"elementor-widget-container\">\n\t\t\t\t\t\t\t\t\t\t\t\t\t<img fetchpriority=\"high\" decoding=\"async\" width=\"800\" height=\"141\" src=\"https:\/\/noelino.eu\/wp-content\/uploads\/2026\/01\/Noelino-felirat.png\" class=\"attachment-full size-full wp-image-4475\" alt=\"\" srcset=\"https:\/\/noelino.eu\/wp-content\/uploads\/2026\/01\/Noelino-felirat.png 800w, https:\/\/noelino.eu\/wp-content\/uploads\/2026\/01\/Noelino-felirat-300x53.png 300w, https:\/\/noelino.eu\/wp-content\/uploads\/2026\/01\/Noelino-felirat-768x135.png 768w, https:\/\/noelino.eu\/wp-content\/uploads\/2026\/01\/Noelino-felirat-18x3.png 18w, https:\/\/noelino.eu\/wp-content\/uploads\/2026\/01\/Noelino-felirat-575x101.png 575w, https:\/\/noelino.eu\/wp-content\/uploads\/2026\/01\/Noelino-felirat-380x67.png 380w, https:\/\/noelino.eu\/wp-content\/uploads\/2026\/01\/Noelino-felirat-420x74.png 420w, https:\/\/noelino.eu\/wp-content\/uploads\/2026\/01\/Noelino-felirat-80x14.png 80w\" sizes=\"(max-width: 800px) 100vw, 800px\" \/>\t\t\t\t\t\t\t\t\t\t\t\t\t<\/div>\n\t\t\t\t<\/div>\n\t\t\t\t\t<\/div>\n\t\t<\/div>\n\t\t\t\t\t<\/div>\n\t\t<\/section>\n\t\t\t\t\t<\/div>\n\t\t<\/div>\n\t\t\t\t\t<\/div>\n\t\t<\/section>\n\t\t\t\t<section class=\"elementor-section elementor-top-section elementor-element elementor-element-7s1vcm5 elementor-section-content-middle elementor-section-boxed elementor-section-height-default elementor-section-height-default\" data-id=\"7s1vcm5\" data-element_type=\"section\" data-settings=\"{&quot;background_background&quot;:&quot;classic&quot;}\">\n\t\t\t\t\t\t\t<div class=\"elementor-background-overlay\"><\/div>\n\t\t\t\t\t\t\t<div class=\"elementor-container elementor-column-gap-default\">\n\t\t\t\t\t<div class=\"elementor-column elementor-col-50 elementor-top-column elementor-element elementor-element-4e4c592\" data-id=\"4e4c592\" data-element_type=\"column\" data-settings=\"{&quot;background_background&quot;:&quot;classic&quot;}\">\n\t\t\t<div class=\"elementor-widget-wrap elementor-element-populated\">\n\t\t\t\t\t\t\t<\/div>\n\t\t<\/div>\n\t\t\t\t<div class=\"elementor-column elementor-col-50 elementor-top-column elementor-element elementor-element-a2f4a09\" data-id=\"a2f4a09\" data-element_type=\"column\" data-settings=\"{&quot;background_background&quot;:&quot;classic&quot;}\">\n\t\t\t<div class=\"elementor-widget-wrap elementor-element-populated\">\n\t\t\t\t\t\t\t<\/div>\n\t\t<\/div>\n\t\t\t\t\t<\/div>\n\t\t<\/section>\n\t\t\t\t<section class=\"elementor-section elementor-top-section elementor-element elementor-element-4f389fad elementor-section-content-middle elementor-section-boxed elementor-section-height-default elementor-section-height-default\" data-id=\"4f389fad\" data-element_type=\"section\">\n\t\t\t\t\t\t\t<div class=\"elementor-background-overlay\"><\/div>\n\t\t\t\t\t\t\t<div class=\"elementor-container elementor-column-gap-no\">\n\t\t\t\t\t<div class=\"elementor-column elementor-col-50 elementor-top-column elementor-element elementor-element-5b625226\" data-id=\"5b625226\" data-element_type=\"column\" data-settings=\"{&quot;background_background&quot;:&quot;classic&quot;}\">\n\t\t\t<div class=\"elementor-widget-wrap elementor-element-populated\">\n\t\t\t\t\t\t<div class=\"elementor-element elementor-element-c519153 elementor-widget elementor-widget-spacer\" data-id=\"c519153\" data-element_type=\"widget\" data-widget_type=\"spacer.default\">\n\t\t\t\t<div class=\"elementor-widget-container\">\n\t\t\t\t\t<div class=\"elementor-spacer\">\n\t\t\t<div class=\"elementor-spacer-inner\"><\/div>\n\t\t<\/div>\n\t\t\t\t<\/div>\n\t\t\t\t<\/div>\n\t\t\t\t\t<\/div>\n\t\t<\/div>\n\t\t\t\t<div class=\"elementor-column elementor-col-50 elementor-top-column elementor-element elementor-element-197061a\" data-id=\"197061a\" data-element_type=\"column\">\n\t\t\t<div class=\"elementor-widget-wrap elementor-element-populated\">\n\t\t\t\t\t\t<div class=\"elementor-element elementor-element-447b17e animated-slow elementor-hidden-desktop elementor-hidden-tablet elementor-invisible elementor-widget elementor-widget-heading\" data-id=\"447b17e\" data-element_type=\"widget\" data-settings=\"{&quot;_animation&quot;:&quot;fadeInUp&quot;,&quot;_animation_delay&quot;:100}\" data-widget_type=\"heading.default\">\n\t\t\t\t<div class=\"elementor-widget-container\">\n\t\t\t<h2 class=\"elementor-heading-title elementor-size-default\">A Noelino r\u00f3lad sz\u00f3l<\/h2>\t\t<\/div>\n\t\t\t\t<\/div>\n\t\t\t\t<div class=\"elementor-element elementor-element-14aee5cf animated-slow elementor-hidden-mobile elementor-invisible elementor-widget elementor-widget-heading\" data-id=\"14aee5cf\" data-element_type=\"widget\" data-settings=\"{&quot;_animation&quot;:&quot;fadeInUp&quot;,&quot;_animation_delay&quot;:100}\" data-widget_type=\"heading.default\">\n\t\t\t\t<div class=\"elementor-widget-container\">\n\t\t\t<h2 class=\"elementor-heading-title elementor-size-default\">A Noelino r\u00f3lad sz\u00f3l<\/h2>\t\t<\/div>\n\t\t\t\t<\/div>\n\t\t\t\t<div class=\"elementor-element elementor-element-628fdbb elementor-widget elementor-widget-text-editor\" data-id=\"628fdbb\" data-element_type=\"widget\" data-widget_type=\"text-editor.default\">\n\t\t\t\t<div class=\"elementor-widget-container\">\n\t\t\t\t\t\t\t<p>\u00dcdv\u00f6zl\u00fcnk a Noelino Dance Couture vil\u00e1g\u00e1ban \u2014 ahol minden ruha egyedi mesterm\u0171, apr\u00f3l\u00e9kos gondoss\u00e1ggal megalkotva, hogy megragadja a t\u00e1ncosok egy\u00e9nis\u00e9g\u00e9t, mozg\u00e1s\u00e1t \u00e9s eleganci\u00e1j\u00e1t.<\/p><p>Kiss Noel tervez\u0151 \u00e9s egykori magyar latin t\u00e1ncbajnok minden latin \u00e9s standard t\u00e1ncruh\u00e1t szoros egy\u00fcttm\u0171k\u00f6d\u00e9sben k\u00e9sz\u00edt el a t\u00e1ncossal, kiz\u00e1r\u00f3lag a legfinomabb anyagokat haszn\u00e1lva, hogy a versenyt\u00e1ncparketten val\u00f3ban egyedi megjelen\u00e9st biztos\u00edtson sz\u00e1modra.<\/p><p>A couture darabokon t\u00fal a Noelino egy pr\u00e9mium, limit\u00e1lt sz\u00e9ri\u00e1s Practice Wear kollekci\u00f3t is k\u00edn\u00e1l n\u0151knek \u00e9s f\u00e9rfiaknak \u2014 amelyet \u00fagy tervezt\u00fcnk, hogy egyens\u00falyt teremtsen teljes\u00edtm\u00e9ny, k\u00e9nyelem \u00e9s mindennapi st\u00edlus k\u00f6z\u00f6tt, ak\u00e1r edzel, t\u00e1ncolsz, vagy egyszer\u0171en csak szeretn\u00e9d kifejezni a szem\u00e9lyis\u00e9ged.<\/p>\t\t\t\t\t\t<\/div>\n\t\t\t\t<\/div>\n\t\t\t\t<div class=\"elementor-element elementor-element-687f911 elementor-hidden-mobile elementor-widget elementor-widget-spacer\" data-id=\"687f911\" data-element_type=\"widget\" data-widget_type=\"spacer.default\">\n\t\t\t\t<div class=\"elementor-widget-container\">\n\t\t\t\t\t<div class=\"elementor-spacer\">\n\t\t\t<div class=\"elementor-spacer-inner\"><\/div>\n\t\t<\/div>\n\t\t\t\t<\/div>\n\t\t\t\t<\/div>\n\t\t\t\t\t<\/div>\n\t\t<\/div>\n\t\t\t\t\t<\/div>\n\t\t<\/section>\n\t\t\t\t<section class=\"elementor-section elementor-top-section elementor-element elementor-element-c2d8a57 elementor-section-boxed elementor-section-height-default elementor-section-height-default\" data-id=\"c2d8a57\" data-element_type=\"section\" data-settings=\"{&quot;background_background&quot;:&quot;classic&quot;}\">\n\t\t\t\t\t\t<div class=\"elementor-container elementor-column-gap-default\">\n\t\t\t\t\t<div class=\"elementor-column elementor-col-33 elementor-top-column elementor-element elementor-element-71c4bf5 elementor-hidden-mobile\" data-id=\"71c4bf5\" data-element_type=\"column\">\n\t\t\t<div class=\"elementor-widget-wrap\">\n\t\t\t\t\t\t\t<\/div>\n\t\t<\/div>\n\t\t\t\t<div class=\"elementor-column elementor-col-33 elementor-top-column elementor-element elementor-element-e339181\" data-id=\"e339181\" data-element_type=\"column\">\n\t\t\t<div class=\"elementor-widget-wrap elementor-element-populated\">\n\t\t\t\t\t\t<div class=\"elementor-element elementor-element-c86ebcb elementor-widget elementor-widget-image\" data-id=\"c86ebcb\" data-element_type=\"widget\" data-widget_type=\"image.default\">\n\t\t\t\t<div class=\"elementor-widget-container\">\n\t\t\t\t\t\t\t\t\t\t\t\t\t<img decoding=\"async\" width=\"1920\" height=\"2560\" src=\"https:\/\/noelino.eu\/wp-content\/uploads\/2026\/01\/IMG_8323-1-scaled-1.jpg\" class=\"attachment-full size-full wp-image-4562\" alt=\"\" srcset=\"https:\/\/noelino.eu\/wp-content\/uploads\/2026\/01\/IMG_8323-1-scaled-1.jpg 1920w, https:\/\/noelino.eu\/wp-content\/uploads\/2026\/01\/IMG_8323-1-scaled-1-225x300.jpg 225w, https:\/\/noelino.eu\/wp-content\/uploads\/2026\/01\/IMG_8323-1-scaled-1-768x1024.jpg 768w, https:\/\/noelino.eu\/wp-content\/uploads\/2026\/01\/IMG_8323-1-scaled-1-1152x1536.jpg 1152w, https:\/\/noelino.eu\/wp-content\/uploads\/2026\/01\/IMG_8323-1-scaled-1-1536x2048.jpg 1536w, https:\/\/noelino.eu\/wp-content\/uploads\/2026\/01\/IMG_8323-1-scaled-1-9x12.jpg 9w, https:\/\/noelino.eu\/wp-content\/uploads\/2026\/01\/IMG_8323-1-scaled-1-1140x1520.jpg 1140w, https:\/\/noelino.eu\/wp-content\/uploads\/2026\/01\/IMG_8323-1-scaled-1-920x1227.jpg 920w, https:\/\/noelino.eu\/wp-content\/uploads\/2026\/01\/IMG_8323-1-scaled-1-575x767.jpg 575w, https:\/\/noelino.eu\/wp-content\/uploads\/2026\/01\/IMG_8323-1-scaled-1-380x507.jpg 380w, https:\/\/noelino.eu\/wp-content\/uploads\/2026\/01\/IMG_8323-1-scaled-1-420x560.jpg 420w, https:\/\/noelino.eu\/wp-content\/uploads\/2026\/01\/IMG_8323-1-scaled-1-800x1067.jpg 800w, https:\/\/noelino.eu\/wp-content\/uploads\/2026\/01\/IMG_8323-1-scaled-1-75x100.jpg 75w\" sizes=\"(max-width: 1920px) 100vw, 1920px\" \/>\t\t\t\t\t\t\t\t\t\t\t\t\t<\/div>\n\t\t\t\t<\/div>\n\t\t\t\t\t<\/div>\n\t\t<\/div>\n\t\t\t\t<div class=\"elementor-column elementor-col-33 elementor-top-column elementor-element elementor-element-9115b2f\" data-id=\"9115b2f\" data-element_type=\"column\">\n\t\t\t<div class=\"elementor-widget-wrap elementor-element-populated\">\n\t\t\t\t\t\t<div class=\"elementor-element elementor-element-7e77d86 elementor-widget elementor-widget-image\" data-id=\"7e77d86\" data-element_type=\"widget\" data-widget_type=\"image.default\">\n\t\t\t\t<div class=\"elementor-widget-container\">\n\t\t\t\t\t\t\t\t\t\t\t\t\t<img decoding=\"async\" width=\"1707\" height=\"2560\" src=\"https:\/\/noelino.eu\/wp-content\/uploads\/2024\/12\/SZUPER-NOI-ruha-NORA-1-scaled.jpg\" class=\"attachment-full size-full wp-image-3878\" alt=\"\" srcset=\"https:\/\/noelino.eu\/wp-content\/uploads\/2024\/12\/SZUPER-NOI-ruha-NORA-1-scaled.jpg 1707w, https:\/\/noelino.eu\/wp-content\/uploads\/2024\/12\/SZUPER-NOI-ruha-NORA-1-200x300.jpg 200w, https:\/\/noelino.eu\/wp-content\/uploads\/2024\/12\/SZUPER-NOI-ruha-NORA-1-683x1024.jpg 683w, https:\/\/noelino.eu\/wp-content\/uploads\/2024\/12\/SZUPER-NOI-ruha-NORA-1-768x1152.jpg 768w, https:\/\/noelino.eu\/wp-content\/uploads\/2024\/12\/SZUPER-NOI-ruha-NORA-1-1024x1536.jpg 1024w, https:\/\/noelino.eu\/wp-content\/uploads\/2024\/12\/SZUPER-NOI-ruha-NORA-1-1365x2048.jpg 1365w, https:\/\/noelino.eu\/wp-content\/uploads\/2024\/12\/SZUPER-NOI-ruha-NORA-1-8x12.jpg 8w, https:\/\/noelino.eu\/wp-content\/uploads\/2024\/12\/SZUPER-NOI-ruha-NORA-1-1140x1710.jpg 1140w, https:\/\/noelino.eu\/wp-content\/uploads\/2024\/12\/SZUPER-NOI-ruha-NORA-1-920x1380.jpg 920w, https:\/\/noelino.eu\/wp-content\/uploads\/2024\/12\/SZUPER-NOI-ruha-NORA-1-575x863.jpg 575w, https:\/\/noelino.eu\/wp-content\/uploads\/2024\/12\/SZUPER-NOI-ruha-NORA-1-380x570.jpg 380w, https:\/\/noelino.eu\/wp-content\/uploads\/2024\/12\/SZUPER-NOI-ruha-NORA-1-420x630.jpg 420w, https:\/\/noelino.eu\/wp-content\/uploads\/2024\/12\/SZUPER-NOI-ruha-NORA-1-800x1200.jpg 800w, https:\/\/noelino.eu\/wp-content\/uploads\/2024\/12\/SZUPER-NOI-ruha-NORA-1-67x100.jpg 67w\" sizes=\"(max-width: 1707px) 100vw, 1707px\" \/>\t\t\t\t\t\t\t\t\t\t\t\t\t<\/div>\n\t\t\t\t<\/div>\n\t\t\t\t\t<\/div>\n\t\t<\/div>\n\t\t\t\t\t<\/div>\n\t\t<\/section>\n\t\t\t\t<section class=\"elementor-section elementor-top-section elementor-element elementor-element-4c52f38 elementor-section-boxed elementor-section-height-default elementor-section-height-default\" data-id=\"4c52f38\" data-element_type=\"section\" data-settings=\"{&quot;background_background&quot;:&quot;classic&quot;}\">\n\t\t\t\t\t\t<div class=\"elementor-container elementor-column-gap-default\">\n\t\t\t\t\t<div class=\"elementor-column elementor-col-50 elementor-top-column elementor-element elementor-element-ec850e7\" data-id=\"ec850e7\" data-element_type=\"column\">\n\t\t\t<div class=\"elementor-widget-wrap elementor-element-populated\">\n\t\t\t\t\t\t<div class=\"elementor-element elementor-element-2f4c83b animated-slow elementor-invisible elementor-widget elementor-widget-heading\" data-id=\"2f4c83b\" data-element_type=\"widget\" data-settings=\"{&quot;_animation&quot;:&quot;fadeInUp&quot;,&quot;_animation_delay&quot;:100}\" data-widget_type=\"heading.default\">\n\t\t\t\t<div class=\"elementor-widget-container\">\n\t\t\t<h2 class=\"elementor-heading-title elementor-size-default\">L\u00e1togass el hozz\u00e1nk!<\/h2>\t\t<\/div>\n\t\t\t\t<\/div>\n\t\t\t\t<div class=\"elementor-element elementor-element-2e5e9c0 elementor-widget elementor-widget-text-editor\" data-id=\"2e5e9c0\" data-element_type=\"widget\" data-widget_type=\"text-editor.default\">\n\t\t\t\t<div class=\"elementor-widget-container\">\n\t\t\t\t\t\t\t<p>Darabjainkat \u00fagy tervezz\u00fck, hogy megragadj\u00e1k egyedi st\u00edlusod l\u00e9nyeg\u00e9t, szem\u00e9lyre szabottan, kiz\u00e1r\u00f3lag a legnemesebb anyagok felhaszn\u00e1l\u00e1s\u00e1val. Mer\u00fclj el vel\u00fcnk egy k\u00f6z\u00f6s alkot\u00f3i folyamatban, amelyet tapasztalt csapatunk vezet \u2014 ahol az \u00f6tleteid, a szem\u00e9lyis\u00e9ged \u00e9s a mozg\u00e1sod inspir\u00e1l minden egyes darabot. Pr\u00f3b\u00e1ld fel \u00e9s v\u00e1s\u00e1rold meg kedvenceidet a NOELINO \u00fczlet\u00e9ben, Budapest XIII. ker\u00fclet\u00e9ben!<\/p>\t\t\t\t\t\t<\/div>\n\t\t\t\t<\/div>\n\t\t\t\t<div class=\"elementor-element elementor-element-444196e elementor-mobile-align-justify animated-slow elementor-invisible elementor-widget elementor-widget-button\" data-id=\"444196e\" data-element_type=\"widget\" data-settings=\"{&quot;_animation&quot;:&quot;fadeIn&quot;,&quot;_animation_delay&quot;:500}\" data-widget_type=\"button.default\">\n\t\t\t\t<div class=\"elementor-widget-container\">\n\t\t\t\t\t\t\t<div class=\"elementor-button-wrapper\">\n\t\t\t\t\t<a class=\"elementor-button elementor-button-link elementor-size-sm\" href=\"https:\/\/noelino.eu\/hu\/contact\/\">\n\t\t\t\t\t\t<span class=\"elementor-button-content-wrapper\">\n\t\t\t\t\t\t\t\t\t<span class=\"elementor-button-text\">Kapcsolat<\/span>\n\t\t\t\t\t<\/span>\n\t\t\t\t\t<\/a>\n\t\t\t\t<\/div>\n\t\t\t\t\t\t<\/div>\n\t\t\t\t<\/div>\n\t\t\t\t\t<\/div>\n\t\t<\/div>\n\t\t\t\t<div class=\"elementor-column elementor-col-50 elementor-top-column elementor-element elementor-element-ee2a006\" data-id=\"ee2a006\" data-element_type=\"column\">\n\t\t\t<div class=\"elementor-widget-wrap elementor-element-populated\">\n\t\t\t\t\t\t<div class=\"elementor-element elementor-element-76919f5 elementor-widget elementor-widget-image\" data-id=\"76919f5\" data-element_type=\"widget\" data-widget_type=\"image.default\">\n\t\t\t\t<div class=\"elementor-widget-container\">\n\t\t\t\t\t\t\t\t\t\t\t\t\t<img loading=\"lazy\" decoding=\"async\" width=\"1242\" height=\"1959\" src=\"https:\/\/noelino.eu\/wp-content\/uploads\/2026\/01\/image3-1.jpeg\" class=\"attachment-full size-full wp-image-4584\" alt=\"\" srcset=\"https:\/\/noelino.eu\/wp-content\/uploads\/2026\/01\/image3-1.jpeg 1242w, https:\/\/noelino.eu\/wp-content\/uploads\/2026\/01\/image3-1-190x300.jpeg 190w, https:\/\/noelino.eu\/wp-content\/uploads\/2026\/01\/image3-1-649x1024.jpeg 649w, https:\/\/noelino.eu\/wp-content\/uploads\/2026\/01\/image3-1-768x1211.jpeg 768w, https:\/\/noelino.eu\/wp-content\/uploads\/2026\/01\/image3-1-974x1536.jpeg 974w, https:\/\/noelino.eu\/wp-content\/uploads\/2026\/01\/image3-1-8x12.jpeg 8w, https:\/\/noelino.eu\/wp-content\/uploads\/2026\/01\/image3-1-1140x1798.jpeg 1140w, https:\/\/noelino.eu\/wp-content\/uploads\/2026\/01\/image3-1-920x1451.jpeg 920w, https:\/\/noelino.eu\/wp-content\/uploads\/2026\/01\/image3-1-575x907.jpeg 575w, https:\/\/noelino.eu\/wp-content\/uploads\/2026\/01\/image3-1-380x599.jpeg 380w, https:\/\/noelino.eu\/wp-content\/uploads\/2026\/01\/image3-1-420x662.jpeg 420w, https:\/\/noelino.eu\/wp-content\/uploads\/2026\/01\/image3-1-800x1262.jpeg 800w, https:\/\/noelino.eu\/wp-content\/uploads\/2026\/01\/image3-1-63x100.jpeg 63w\" sizes=\"(max-width: 1242px) 100vw, 1242px\" \/>\t\t\t\t\t\t\t\t\t\t\t\t\t<\/div>\n\t\t\t\t<\/div>\n\t\t\t\t\t<\/div>\n\t\t<\/div>\n\t\t\t\t\t<\/div>\n\t\t<\/section>\n\t\t\t\t<\/div>","protected":false},"excerpt":{"rendered":"<p>Noelino is about you Noelino is about you Welcome to Noelino Dance Couture \u2014 where each dress is a bespoke masterpiece, meticulously crafted to capture the individuality, movement and grace [&hellip;]<\/p>","protected":false},"author":1,"featured_media":0,"parent":0,"menu_order":0,"comment_status":"closed","ping_status":"closed","template":"elementor_header_footer","meta":{"_surecart_dashboard_logo_width":"180px","_surecart_dashboard_show_logo":true,"_surecart_dashboard_navigation_orders":true,"_surecart_dashboard_navigation_subscriptions":true,"_surecart_dashboard_navigation_downloads":true,"_surecart_dashboard_navigation_billing":true,"_surecart_dashboard_navigation_account":true,"footnotes":""},"categories":[],"tags":[],"class_list":["post-2393","page","type-page","status-publish","hentry"],"_links":{"self":[{"href":"https:\/\/noelino.eu\/hu\/wp-json\/wp\/v2\/pages\/2393","targetHints":{"allow":["GET"]}}],"collection":[{"href":"https:\/\/noelino.eu\/hu\/wp-json\/wp\/v2\/pages"}],"about":[{"href":"https:\/\/noelino.eu\/hu\/wp-json\/wp\/v2\/types\/page"}],"author":[{"embeddable":true,"href":"https:\/\/noelino.eu\/hu\/wp-json\/wp\/v2\/users\/1"}],"replies":[{"embeddable":true,"href":"https:\/\/noelino.eu\/hu\/wp-json\/wp\/v2\/comments?post=2393"}],"version-history":[{"count":261,"href":"https:\/\/noelino.eu\/hu\/wp-json\/wp\/v2\/pages\/2393\/revisions"}],"predecessor-version":[{"id":4694,"href":"https:\/\/noelino.eu\/hu\/wp-json\/wp\/v2\/pages\/2393\/revisions\/4694"}],"wp:attachment":[{"href":"https:\/\/noelino.eu\/hu\/wp-json\/wp\/v2\/media?parent=2393"}],"wp:term":[{"taxonomy":"category","embeddable":true,"href":"https:\/\/noelino.eu\/hu\/wp-json\/wp\/v2\/categories?post=2393"},{"taxonomy":"post_tag","embeddable":true,"href":"https:\/\/noelino.eu\/hu\/wp-json\/wp\/v2\/tags?post=2393"}],"curies":[{"name":"wp","href":"https:\/\/api.w.org\/{rel}","templated":true}]}}